{"id":21,"date":"2025-10-09T11:24:20","date_gmt":"2025-10-09T18:24:20","guid":{"rendered":"https:\/\/cahnrs.wsu.edu\/descriptive-transcripts\/?page_id=21"},"modified":"2025-10-31T13:04:58","modified_gmt":"2025-10-31T20:04:58","slug":"extension","status":"publish","type":"page","link":"https:\/\/cahnrs.wsu.edu\/descriptive-transcripts\/extension\/","title":{"rendered":"Extension"},"content":{"rendered":"<div class=\"wsu-card-wrapper wsu-card-wrapper--news wsu-card-wrapper--per-row-3\">\r\n        <article class=\"wsu-card wsu-card--news wsu-card--id-1144 \">\n\t\t<div class=\"wsu-card__content\">\n\t\t\t\t\t\t\t\t\t\t\t\t<h2 class=\"wsu-title\">\n\t\t\t<a href=\"https:\/\/cahnrs.wsu.edu\/descriptive-transcripts\/rural-responses-to-opioid-use-from-a-non-profit-perspective\/\">\t\t\tRURAL RESPONSES TO OPIOID USE from a non-profit perspective\t\t\t<\/a>\t\t<\/h2>\n\t\t        \t\t<div class=\"wsu-meta-date\">\n\t\t\t<time>April 3, 2026<\/time>\n\t\t<\/div>\n\t\t\t\t\t\t<div class=\"wsu-caption\">\n\t\t\tText Transcript with Description of Visuals\t\t<\/div>\n\t\t\t\t\t\t\t\t\t\t\t<\/div>\n\t<\/article>\n<article class=\"wsu-card wsu-card--news wsu-card--id-1132 \">\n\t\t<div class=\"wsu-card__content\">\n\t\t\t\t\t\t\t\t\t\t\t\t<h2 class=\"wsu-title\">\n\t\t\t<a href=\"https:\/\/cahnrs.wsu.edu\/descriptive-transcripts\/extension\/webinar-veterinary-feed-directive-and-honey-bee-diseases\/\">\t\t\tWebinar: Veterinary Feed Directive and Honey Bee Diseases\t\t\t<\/a>\t\t<\/h2>\n\t\t        \t\t<div class=\"wsu-meta-date\">\n\t\t\t<time>April 1, 2026<\/time>\n\t\t<\/div>\n\t\t\t\t\t\t<div class=\"wsu-caption\">\n\t\t\tText Transcript with Description of Visuals Audio Visual All right, let&#8217;s get started. Hello, &#8230;\t\t<\/div>\n\t\t\t\t\t\t\t\t\t\t\t<\/div>\n\t<\/article>\n<article class=\"wsu-card wsu-card--news wsu-card--id-1124 \">\n\t\t<div class=\"wsu-card__content\">\n\t\t\t\t\t\t\t\t\t\t\t\t<h2 class=\"wsu-title\">\n\t\t\t<a href=\"https:\/\/cahnrs.wsu.edu\/descriptive-transcripts\/extension\/pollen-trapping-training-for-citizen-scientist-beekeepers\/\">\t\t\tPollen Trapping Training for Citizen Scientist Beekeepers\t\t\t<\/a>\t\t<\/h2>\n\t\t        \t\t<div class=\"wsu-meta-date\">\n\t\t\t<time>March 17, 2026<\/time>\n\t\t<\/div>\n\t\t\t\t\t\t<div class=\"wsu-caption\">\n\t\t\tText Transcript with Description of Visuals Audio Visual [Music] Title &#8220;Pollen trapping Tutori&#8230;\t\t<\/div>\n\t\t\t\t\t\t\t\t\t\t\t<\/div>\n\t<\/article>\n<article class=\"wsu-card wsu-card--news wsu-card--id-1007 \">\n\t\t<div class=\"wsu-card__content\">\n\t\t\t\t\t\t\t\t\t\t\t\t<h2 class=\"wsu-title\">\n\t\t\t<a href=\"https:\/\/cahnrs.wsu.edu\/descriptive-transcripts\/extension\/webinar-incidence-and-colony-impacts-of-european-foulbrood-in-the-pacific-northwest\/\">\t\t\tWebinar: Incidence and Colony Impacts of European Foulbrood in the Pacific Northwest\t\t\t<\/a>\t\t<\/h2>\n\t\t        \t\t<div class=\"wsu-meta-date\">\n\t\t\t<time>March 3, 2026<\/time>\n\t\t<\/div>\n\t\t\t\t\t\t<div class=\"wsu-caption\">\n\t\t\tAudio Visual All right, it looks like we are not getting any more new people coming in so we are goi&#8230;\t\t<\/div>\n\t\t\t\t\t\t\t\t\t\t\t<\/div>\n\t<\/article>\n<article class=\"wsu-card wsu-card--news wsu-card--id-778 \">\n\t\t<div class=\"wsu-card__content\">\n\t\t\t\t\t\t\t\t\t\t\t\t<h2 class=\"wsu-title\">\n\t\t\t<a href=\"https:\/\/cahnrs.wsu.edu\/descriptive-transcripts\/extension\/webinar-gardening-for-pollinators\/\">\t\t\tWebinar: Gardening for Pollinators\t\t\t<\/a>\t\t<\/h2>\n\t\t        \t\t<div class=\"wsu-meta-date\">\n\t\t\t<time>March 3, 2026<\/time>\n\t\t<\/div>\n\t\t\t\t\t\t<div class=\"wsu-caption\">\n\t\t\tAudio Visual The WSU Honey bee and Pollinators program is a cornerstone of the College of Agricultur&#8230;\t\t<\/div>\n\t\t\t\t\t\t\t\t\t\t\t<\/div>\n\t<\/article>\n<article class=\"wsu-card wsu-card--news wsu-card--id-886 \">\n\t\t<div class=\"wsu-card__content\">\n\t\t\t\t\t\t\t\t\t\t\t\t<h2 class=\"wsu-title\">\n\t\t\t<a href=\"https:\/\/cahnrs.wsu.edu\/descriptive-transcripts\/extension\/enfermedades-de-las-abejas-adultas-abejas-modulo-3-4\/\">\t\t\tEnfermedades de las abejas adultas (ABEJAS M\u00f3dulo 3.4)\t\t\t<\/a>\t\t<\/h2>\n\t\t        \t\t<div class=\"wsu-meta-date\">\n\t\t\t<time>February 13, 2026<\/time>\n\t\t<\/div>\n\t\t\t\t\t\t<div class=\"wsu-caption\">\n\t\t\tTranscripci\u00f3n del texto con descripci\u00f3n de las im\u00e1genes Esta p\u00e1gina ha sido traducida con Google&#8230;\t\t<\/div>\n\t\t\t\t\t\t\t\t\t\t\t<\/div>\n\t<\/article>\n<article class=\"wsu-card wsu-card--news wsu-card--id-888 \">\n\t\t<div class=\"wsu-card__content\">\n\t\t\t\t\t\t\t\t\t\t\t\t<h2 class=\"wsu-title\">\n\t\t\t<a href=\"https:\/\/cahnrs.wsu.edu\/descriptive-transcripts\/extension\/enfermedades-de-la-cria-abejas-modulo-3-3\/\">\t\t\tEnfermedades de la cr\u00eda (ABEJAS M\u00f3dulo 3.3)\t\t\t<\/a>\t\t<\/h2>\n\t\t        \t\t<div class=\"wsu-meta-date\">\n\t\t\t<time>February 13, 2026<\/time>\n\t\t<\/div>\n\t\t\t\t\t\t<div class=\"wsu-caption\">\n\t\t\tTranscripci\u00f3n del texto con descripci\u00f3n de las im\u00e1genes Esta p\u00e1gina ha sido traducida con Google&#8230;\t\t<\/div>\n\t\t\t\t\t\t\t\t\t\t\t<\/div>\n\t<\/article>\n<article class=\"wsu-card wsu-card--news wsu-card--id-890 \">\n\t\t<div class=\"wsu-card__content\">\n\t\t\t\t\t\t\t\t\t\t\t\t<h2 class=\"wsu-title\">\n\t\t\t<a href=\"https:\/\/cahnrs.wsu.edu\/descriptive-transcripts\/extension\/varroa-destructor-abejas-modulo-3-1\/\">\t\t\tVarroa destructor (ABEJAS M\u00f3dulo 3.1)\t\t\t<\/a>\t\t<\/h2>\n\t\t        \t\t<div class=\"wsu-meta-date\">\n\t\t\t<time>February 13, 2026<\/time>\n\t\t<\/div>\n\t\t\t\t\t\t<div class=\"wsu-caption\">\n\t\t\tTranscripci\u00f3n del texto con descripci\u00f3n de las im\u00e1genes Esta p\u00e1gina ha sido traducida con Google&#8230;\t\t<\/div>\n\t\t\t\t\t\t\t\t\t\t\t<\/div>\n\t<\/article>\n<article class=\"wsu-card wsu-card--news wsu-card--id-891 \">\n\t\t<div class=\"wsu-card__content\">\n\t\t\t\t\t\t\t\t\t\t\t\t<h2 class=\"wsu-title\">\n\t\t\t<a href=\"https:\/\/cahnrs.wsu.edu\/descriptive-transcripts\/extension\/evaluacion-del-estado-de-la-reina-en-una-colonia-abejas-modulo-2-4\/\">\t\t\tEvaluaci\u00f3n del estado de la reina en una colonia (ABEJAS M\u00f3dulo 2.4)\t\t\t<\/a>\t\t<\/h2>\n\t\t        \t\t<div class=\"wsu-meta-date\">\n\t\t\t<time>February 13, 2026<\/time>\n\t\t<\/div>\n\t\t\t\t\t\t<div class=\"wsu-caption\">\n\t\t\tTranscripci\u00f3n del texto con descripci\u00f3n de las im\u00e1genes Esta p\u00e1gina ha sido traducida con Google&#8230;\t\t<\/div>\n\t\t\t\t\t\t\t\t\t\t\t<\/div>\n\t<\/article>\n<article class=\"wsu-card wsu-card--news wsu-card--id-892 \">\n\t\t<div class=\"wsu-card__content\">\n\t\t\t\t\t\t\t\t\t\t\t\t<h2 class=\"wsu-title\">\n\t\t\t<a href=\"https:\/\/cahnrs.wsu.edu\/descriptive-transcripts\/extension\/cuando-necesitan-sus-abejas-alimento-suplementario-abejas-modulo-2-3\/\">\t\t\t\u00bfCu\u00e1ndo necesitan sus abejas alimento suplementario? (ABEJAS M\u00f3dulo 2.3)\t\t\t<\/a>\t\t<\/h2>\n\t\t        \t\t<div class=\"wsu-meta-date\">\n\t\t\t<time>February 13, 2026<\/time>\n\t\t<\/div>\n\t\t\t\t\t\t<div class=\"wsu-caption\">\n\t\t\tTranscripci\u00f3n del texto con descripci\u00f3n de las im\u00e1genes Esta p\u00e1gina ha sido traducida con Google&#8230;\t\t<\/div>\n\t\t\t\t\t\t\t\t\t\t\t<\/div>\n\t<\/article>\n    <\/div>","protected":false},"excerpt":{"rendered":"","protected":false},"author":8270,"featured_media":0,"parent":0,"menu_order":0,"comment_status":"closed","ping_status":"closed","template":"","meta":[],"categories":[],"tags":[],"_links":{"self":[{"href":"https:\/\/cahnrs.wsu.edu\/descriptive-transcripts\/wp-json\/wp\/v2\/pages\/21"}],"collection":[{"href":"https:\/\/cahnrs.wsu.edu\/descriptive-transcripts\/wp-json\/wp\/v2\/pages"}],"about":[{"href":"https:\/\/cahnrs.wsu.edu\/descriptive-transcripts\/wp-json\/wp\/v2\/types\/page"}],"author":[{"embeddable":true,"href":"https:\/\/cahnrs.wsu.edu\/descriptive-transcripts\/wp-json\/wp\/v2\/users\/8270"}],"replies":[{"embeddable":true,"href":"https:\/\/cahnrs.wsu.edu\/descriptive-transcripts\/wp-json\/wp\/v2\/comments?post=21"}],"version-history":[{"count":3,"href":"https:\/\/cahnrs.wsu.edu\/descriptive-transcripts\/wp-json\/wp\/v2\/pages\/21\/revisions"}],"predecessor-version":[{"id":106,"href":"https:\/\/cahnrs.wsu.edu\/descriptive-transcripts\/wp-json\/wp\/v2\/pages\/21\/revisions\/106"}],"wp:attachment":[{"href":"https:\/\/cahnrs.wsu.edu\/descriptive-transcripts\/wp-json\/wp\/v2\/media?parent=21"}],"wp:term":[{"taxonomy":"category","embeddable":true,"href":"https:\/\/cahnrs.wsu.edu\/descriptive-transcripts\/wp-json\/wp\/v2\/categories?post=21"},{"taxonomy":"post_tag","embeddable":true,"href":"https:\/\/cahnrs.wsu.edu\/descriptive-transcripts\/wp-json\/wp\/v2\/tags?post=21"}],"curies":[{"name":"wp","href":"https:\/\/api.w.org\/{rel}","templated":true}]}}