{"id":870,"date":"2026-02-13T10:24:20","date_gmt":"2026-02-13T18:24:20","guid":{"rendered":"https:\/\/cahnrs.wsu.edu\/descriptive-transcripts\/?page_id=870"},"modified":"2026-03-13T12:53:23","modified_gmt":"2026-03-13T19:53:23","slug":"biologia-de-las-abejas-meliferas-abejas-modulo-1-1","status":"publish","type":"page","link":"https:\/\/cahnrs.wsu.edu\/descriptive-transcripts\/extension\/biologia-de-las-abejas-meliferas-abejas-modulo-1-1\/","title":{"rendered":"Biolog\u00eda de las abejas mel\u00edferas (ABEJAS M\u00f3dulo 1.1)"},"content":{"rendered":"\n<figure class=\"wp-block-embed is-type-video is-provider-youtube wp-block-embed-youtube wp-embed-aspect-16-9 wp-has-aspect-ratio\"><div class=\"wp-block-embed__wrapper\">\n<iframe loading=\"lazy\" title=\"Biolog\u00eda de las abejas mel\u00edfera (ABEJAS M\u00f3dulo 1.1)\" width=\"500\" height=\"281\" src=\"https:\/\/www.youtube.com\/embed\/Lm7z7Uzqm4M?feature=oembed\" frameborder=\"0\" allow=\"accelerometer; autoplay; clipboard-write; encrypted-media; gyroscope; picture-in-picture; web-share\" referrerpolicy=\"strict-origin-when-cross-origin\" allowfullscreen><\/iframe>\n<\/div><\/figure>\n\n\n\n<h2 class=\"wp-block-heading\">Transcripci\u00f3n del texto con descripci\u00f3n de las im\u00e1genes<\/h2>\n\n\n\n<p><em>Esta p\u00e1gina ha sido traducida con Google. Disculpe cualquier error.<\/em><\/p>\n\n\n\n<figure class=\"wp-block-table\"><table class=\"has-fixed-layout\"><thead><tr><th>Audio<\/th><th>Im\u00e1genes<\/th><\/tr><\/thead><tbody><tr><td>[M\u00fasica]<br><br>Bienvenido a ABEJAS. Aprendizaje b\u00e1sico y experto en jornadas ap\u00edcolas sostenibles.<\/td><td>Logo de ABEJAS frente a un cami\u00f3n blanco que transporta colonias de abejas mel\u00edferas<br><br>T\u00edtulo: M\u00f3dulo 1.1 Biolog\u00eda de la abejas mel\u00edferas<\/td><\/tr><tr><td>Ya sea usted un apicultor experimentado o que esta sea su primera vez en un apiario, esperamos que desarrolla habilidades \u00fatiles y que obtenga informaci\u00f3n valiosa a lo largo de estos tres m\u00f3dulos.<\/td><td>Grupo de apicultores inspeccionando colonias de abejas mel\u00edferas<\/td><\/tr><tr><td>Cada m\u00f3dulo tendr\u00e1 cuatro videos que cubrir\u00e1n diferentes aspectos de la apicultura y la salud de abejas mel\u00edferas. Al finalizar la serie comprender\u00e1 la biolog\u00eda b\u00e1sica de las abejas mel\u00edferas los riesgos, aprender\u00e1 sobre el equipo de apicultura c\u00f3mo manejar de manera segura riesgos que conlleva la apicultura y las plagas y pat\u00f3genos de las abejas mel\u00edferas.<\/td><td>Apicultor poni\u00e9ndose guantes<br><br>Persona conduciendo un montacargas<br><br>\u00c1caro Varroa arrastr\u00e1ndose sobre una pupa de abeja<br><br>Apicultor usando la herramienta del colmenar para raspar un cuadro<br><br>larva de abeja en celdas hexagonales<br><br>Apicultor colocando la tapa de una colmena<br><br>Apicultor conduciendo un montacargas que transporta colonias de abejas<br><br>Abeja con alas deformadas<\/td><\/tr><tr><td>La apicultura comercial es una industria crucial que respalda el crecimiento y la calidad de una variedad de productos agr\u00edcolas en todo el mundo.<\/td><td>Im\u00e1genes de apicultores caminando en un \u00e1rea de almacenamiento apilando cajas de colmena [Material acreditado: Project Apis m]<br><br>Personas caminando junto a colonias de abejas en un cami\u00f3n por la noche [Material acreditado: Project Apis m]<\/td><\/tr><tr><td>Muchos de los alimentos que consumen los humanos<br>en todo el mundo requieren polinizaci\u00f3n para el crecimiento de las frutas, las nueces y las semillas.<\/td><td>Abeja mel\u00edfera polinizando flores amarillas y flores blancas<\/td><\/tr><tr><td>El manejo comercial de las abejas mel\u00edferas es el m\u00e9todo m\u00e1s eficiente para proporcionar servicios esenciales de la polinizaci\u00f3n.<\/td><td>Grupo de apicultores inspeccionando colonias de abejas mel\u00edferas [Material acreditado: Project Apis m]<\/td><\/tr><tr><td>En este primer video revisaremos que es una abeja mel\u00edfera y en qu\u00e9 se diferencia de otras abejas e insectos. Tambi\u00e9n le ense\u00f1aremos sobre los diferentes miembros de una colonia de abejas mel\u00edferas cu\u00e1les son sus roles y c\u00f3mo distinguirlos.<\/td><td>Apicultor en un apiario hablando a la c\u00e1mara<br><br>Aparece una lista con vi\u00f1etas y el presentador lee los temas<\/td><\/tr><tr><td>Una abeja es un animal del grupo de los artr\u00f3podos. M\u00e1s espec\u00edficamente, las abejas son insectos. <\/td><td>Abejas mel\u00edferas entrando en la piquera<\/td><\/tr><tr><td>Los artr\u00f3podos tienen exoesqueletos duros y ap\u00e9ndices articulados y son muy diversos.<\/td><td>Primer plano de una abeja mel\u00edfera arrastr\u00e1ndose en la entrada<br><br>Abeja mel\u00edfera polinizando flor blanca y p\u00farpura<\/td><\/tr><tr><td>Algunos ejemplos de artr\u00f3podos incluyen crust\u00e1ceos como camarones y cangrejos ar\u00e1cnidos, como ara\u00f1as, escorpiones y \u00e1caros y otros insectos.<br><br>Los insectos son un subgrupo de los artr\u00f3podos y todos tienen caracter\u00edsticas y claves en com\u00fan. <\/td><td>Apicultor en un apiario hablando a la c\u00e1mara<br>T\u00edtulo: Artr\u00f3podos<br>Texto: Crust\u00e1ceos; imagen de un cangrejo y un camar\u00f3n<br>Texto: Ar\u00e1cnidos; imagen de un escorpi\u00f3n y un \u00e1caro<br>Texto: Insectos; imagen de una catarina y una abeja<\/td><\/tr><tr><td>Tienen el cuerpo dividido en tres segmentos corporales cabeza, t\u00f3rax y abdomen. <\/td><td>Diagrama de una abeja<\/td><\/tr><tr><td>Todos tienen dos antenas en la cabeza. Todos tienen tres pares de patas, seis en total que est\u00e1n conectadas al t\u00f3rax y todos tienen ojos compuestos.<\/td><td>Primer plano de una abeja con un c\u00edrculo rojo alrededor de las antenas, patas y ojos<\/td><\/tr><tr><td>Hay cerca de 25,000 especies diferentes de abejas en todo el mundo, especies diferentes de abejas en todo el mundo.<\/td><td>Abeja posada en una hoja<br>Texto en pantalla: Una abeja nativa de Norteam\u00e9rica (g\u00e9nero Andrena)<\/td><\/tr><tr><td>Pero muy pocas producen miel. [M\u00fasica]<\/td><td>Peque\u00f1as abejas arrastr\u00e1ndose dentro de la colmena<br>Texto en pantalla: Las abejas sin aguij\u00f3n de la tribu Meliponini producen peque\u00f1as cantidades de miel \u00e1cida. [Material acreditado: Project Apis m]<\/td><\/tr><tr><td>Apis mellifera es el nombre cient\u00edfico de la especie de abejas que conocemos como abeja mel\u00edferas. Hay 28 subespecies diferentes reconocidas de abejas mel\u00edfera en todo el mundo, pero hay solo unas pocas en los Estados Unidos.<\/td><td>Abejas mel\u00edferas arrastr\u00e1ndose en un cuadro con miel. Texto en pantalla: Apis mellifera<br><br>Racimo de abejas mel\u00edferas colgando de una rama. Texto en pantalla: Apis dorsata [Material acreditado: Project Apis m]<br><br>Abejas mel\u00edferas arrastr\u00e1ndose en un cuadro. Texto en pantalla: Apis florea [Material acreditado: Project Apis m]<br><br>Abeja mel\u00edfera polinizando flor amarilla. Texto en pantalla: Apis mellifera<\/td><\/tr><tr><td>Las abejas mel\u00edferas son generalmente amarillas, marrones o negras, con pelos amarillos, grises, marrones o negros en el cuerpo.<\/td><td>Dos cuadros de abejas uno al lado del otro, el izquierdo con abejas m\u00e1s rubias y el derecho con abejas m\u00e1s doradas. Texto en pantalla: Dos subespecies de Apis mellifera, Italiana (izquierda) y C\u00e1rniola (derecha)<\/td><\/tr><tr><td>Su coloraci\u00f3n puede indicar a qu\u00e9 subespecie pertenecen. Por ejemplo, las abejas mel\u00edferas cauc\u00e1sicas suelen tener un color m\u00e1s oscuro. La cantidad de pelo ayuda a un apicultor a determinar la edad de la abeja. <br><br>Las abejas j\u00f3venes suelen estar cubiertas de un bello,<br>denso y esponjoso, mientras que las abejas viejas pierden su pelo y se ven m\u00e1s grasosas y brillantes.<\/td><td>Dos abejas lado a lado. Una abeja joven en el cuadro a la izquierda y una abeja mayor polinizando una flor amarilla a la derecha. Texto en pantalla: Abejas mel\u00edferas m\u00e1s j\u00f3venes (izquierda) y abeja mel\u00edfera mayor (derecha)<\/td><\/tr><tr><td>Las abejas mel\u00edferas tienen caracter\u00edsticas especializadas que son importantes para su ciclo de vida, incluyendo una depresi\u00f3n aplanada en la parte exterior de sus patas traseras, llamada corbicula. Tambi\u00e9n conocida como canasta de polen, tienen dos pares de alas y las abejas hembras poseen aguijones, de los cuales hablaremos m\u00e1s adelante.<\/td><td>Primer plano de abeja mel\u00edfera en un cuadro<br><br>Abejas mel\u00edferas arrastr\u00e1ndose en la entrada. Una abeja con polen en la pata aterriza y entra<br><br>Primer plano de una abeja mel\u00edfera<\/td><\/tr><tr><td>Las abejas me libreras a menudo se confunden con otros insectos voladores como la avispa amarilla.<\/td><td>Apicultor en un apiario hablando a la c\u00e1mara<\/td><\/tr><tr><td>Es posible ver cerca de las colmenas de las abejas mel\u00edferas,<br>ya que \u00e9stas se alimentan de ellas.<br><br>Las avispas amarillas tienen franjas negras y amarillas distintivas y un cuerpo m\u00e1s delgado y alargado.<br><br>Las abejas mel\u00edferas son de un color m\u00e1s dorado y marr\u00f3n. Tienen m\u00e1s bello y un cuerpo m\u00e1s redondeado en comparaci\u00f3n de las avispas comunes.<\/td><td>Avispas chaqueta amarilla en la tapa de la colmena<br><br>Avispa chaqueta amarilla comiendo una abeja mel\u00edfera<br><br>Primer plano de una chaqueta amarilla (arriba) y una abeja mel\u00edfera (abajo). Texto en pantalla: Chaqueta amarilla, abeja mel\u00edfera<br><br>Chaquetas amarillas y abejas mel\u00edferas en la entrada de la colmena. Texto: Chaquetas amarillas con franjas amarillo brillantes y negras junto a abejas mel\u00edferas m\u00e1s vellosas y marr\u00f3n dorado.<\/td><\/tr><tr><td>Las abejas mel\u00edferas son insectos sociales. Las hormigas y las termitas tambi\u00e9n lo son.<\/td><td>Apicultor en un apiario hablando a la c\u00e1mara<\/td><\/tr><tr><td>Trabajan juntas para cuidar de la colonia y muestran comportamientos especializados que son diferentes de muchos otros tipos de insectos no sociales. Una caracter\u00edsticam de los insectos sociales es la divisi\u00f3n reproductiva del trabajo en una colonia de abejas mel\u00edferas hay una hembra responsable de la reproducci\u00f3n. Se le conoce como la reina y es la \u00fanica abeja hembra encargada de aparearse y poner huevos. Las colonias sociales tambi\u00e9n cuentan con un cuidado cooperativo de la cr\u00eda. Las hijas de la reina llamadas obreras realizan muchas de las otras tareas necesarias para que los huevos alcancen la edad adulta. Adem\u00e1s, tienen generaciones superpuestas mientras que muchos insectos emergen como adultos en momentos espec\u00edficos del a\u00f1o. <\/td><td>Abejas mel\u00edferas entrando a la piquera<br><br>Abejas mel\u00edferas arrastr\u00e1ndose en un cuadro completo<br><br>Se acerca a la reina marcada con un punto rojo. Aparece un c\u00edrculo rojo.<br><br>Se aleja nuevamente al cuadro completo<\/td><\/tr><tr><td>Las abejas mel\u00edferas as pueden emerger a lo largo de todo el a\u00f1o, lo que significa que las abejas en una colonia tendr\u00e1n diferentes edades.<\/td><td>Abeja reci\u00e9n emergiendo masticando su salida de la celda<\/td><\/tr><tr><td>Hasta ahora hemos hablado de los diferentes comportamientos<br>que tienen los insectos sociales.<\/td><td>Apicultor en un apiario hablando a la c\u00e1mara<\/td><\/tr><tr><td>Ahora vamos a aprender sobre los distintos tipos de abejas dentro de cada colmena, en qu\u00e9 se diferencian y qu\u00e9 funciones cumplen.<\/td><td>Apicultor levantando una caja de colmena de otra, abejas volando<\/td><\/tr><tr><td>Las abejas obreras son la fuerza motriz de la colmena. Constituyen casi el 99% de la poblaci\u00f3n en una colonia y realizan casi todas las funciones esenciales para la supervivencia de la colonia. Las abejas obreras son hembras est\u00e9riles que llevan a cabo distintas tareas seg\u00fan su edad.<\/td><td>Abejas mel\u00edferas arrastr\u00e1ndose en un cuadro<br><br>Abejas mel\u00edferas volando en el apiario<br><br>Abejas mel\u00edferas arrastr\u00e1ndose en un cuadro<\/td><\/tr><tr><td>Las abejas j\u00f3venes, conocidas como abejas nodrizas, permanecen dentro de la colmena para limpiar, alimentar y cuidar de las cr\u00edas de la reina. Almacenan el alimento recogido con las abejas recolectadas. Mantienen la temperatura de la colmena y construyen panales.<\/td><td>Abejas con la cabeza dentro de las celdas. Dos c\u00edrculos rojos. Texto: Abejas nodrizas limpiando celdas<br><br>Abeja mel\u00edfera alimentando a la reina mediante trofalaxia. Texto: Abejas nodrizas alimentando a la reina<br><br>Tres abejas mel\u00edferas bebiendo de celdas. Texto: Abejas nodrizas consumiendo n\u00e9ctar<\/td><\/tr><tr><td>A medida que envejecen, las abejas obreras se convierten en forrajeras que recogen polen y n\u00e9ctar, o en guardianas que alejan a las depredadoras y defienden la colonia.<\/td><td>Abeja polinizando flor lila clara<br><br>Abeja polinizando flor amarilla<br><br>Primer plano de abeja mel\u00edfera<\/td><\/tr><tr><td>Todas las abejas obreras tienen aguijones, que son estructuras modificadas para la puesta de huevos y que pueden perforar la piel de la mayor\u00eda de los animales que representan una amenaza.<\/td><td>Apicultor en un apiario hablando a la c\u00e1mara<\/td><\/tr><tr><td>Cuando pican, inyectan un veneno. Estos aguijones tienen p\u00faas, lo que les permite quedarse incrustados en la ropa o la piel y seguir liberando veneno hasta que se retiren. Picar mata la abeja mel\u00edfera. El aguij\u00f3n es una parte cr\u00edtica del exoesqueleto de abeja. Y una vez retirado, la abeja se secar\u00e1 y morir\u00e1. <\/td><td>Persona sosteniendo un aguij\u00f3n de abeja en su dedo. Texto: Un aguij\u00f3n de abeja mel\u00edfera<br><br>Guante oscuro con cinco aguijones. C\u00edrculos rojos. Texto: Aguijones de abeja mel\u00edfera en un guante<br><br>Primer plano de un aguij\u00f3n en la punta de una herramienta. Texto: Aqu\u00ed puede ver parte del exoesqueleto adherido al aguij\u00f3n<\/td><\/tr><tr><td> [M\u00fasica]<br><\/td><td>Primer plano de una reina con tinta verde brillante en el t\u00f3rax<\/td><\/tr><tr><td>Cada colonia tiene una reina \u00fanica, hembra reproductora, responsable de comunicarse con las obreras mediante la liberaci\u00f3n de feromonas. <\/td><td>Abejas mel\u00edferas en un cuadro, aparece un c\u00edrculo rojo alrededor de la reina<br><br>Primer plano de una reina sobre un cuadro<\/td><\/tr><tr><td>Sin una reina, una colonia no puede mantener su poblaci\u00f3n y organizaci\u00f3n. La reina es el miembro m\u00e1s importante de la colonia.<\/td><td>Apicultor en un apiario hablando a la c\u00e1mara. Aparece un diagrama mostrando a la reina poniendo un huevo.<br><br>Vista lateral de un huevo dentro de una celda de cera. Texto: Huevos en celdas de cr\u00eda<\/td><\/tr><tr><td>Las reinas son m\u00e1s grandes que las obreras y tienen un abdomen alargado que contiene ovarios agrandados. Pone m\u00e1s de mil huevos al d\u00eda. La reina puede picar, pero est\u00e1 centrada en poner huevos y es menos probable que pique que una obrera que est\u00e1 tratando de defender la colonia.<\/td><td>Reina marcada con punto rojo poniendo un huevo en una celda. Texto: Una reina poniendo un huevo<\/td><\/tr><tr><td>La reina vuela cuando realiza un vuelo de apareamiento<br>o en enjambres. Hablaremos de esto en un video posterior.<\/td><td>Enjambre de abejas en un \u00e1rbol<\/td><\/tr><tr><td>Mientras la reina pone huevos, sus cr\u00edas, las obreras est\u00e9riles cuidan de la cr\u00eda.<\/td><td>Primer plano de una reina<\/td><\/tr><tr><td>Los machos en la colonia se conocen como z\u00e1nganos. Sus cuerpos son m\u00e1s, m\u00e1s grandes y voluminosos que los de las obreras. Tienen ojos muy grandes que ocupan casi toda la cabeza. La \u00fanica responsabilidad de los z\u00e1nganos es aparearse con una reina de otra<br>colonia. Mueren poco despu\u00e9s de un apareamiento exitoso. Los z\u00e1nganos no tienen aguijones y no pueden picar por lo que pueden practicar sosteni\u00e9ndolos para el t\u00f3rax si deseas aprender a manejar una reina.<\/td><td>Primer plano de un z\u00e1ngano (macho). C\u00edrculo rojo alrededor de los ojos<br><br>Z\u00e1ngano emergiendo de una celda<br><br>Persona sosteniendo un z\u00e1ngano<\/td><\/tr><tr><td>Puede hacerlo ahora que sabe m\u00e1s sobre las abejas mel\u00edferas los diferentes miembros de la colmena y los trabajos que realiza podr\u00e1 comprender mejor sus ciclos de vida, c\u00f3mo cuidarlas en los pr\u00f3ximos.<\/td><td>Apicultor en un apiario hablando a la c\u00e1mara<br><br>Logo de ABEJAS, lista de dos pr\u00f3ximos videos y logo de YouTube @wsubeeprogram <\/td><\/tr><tr><td> [M\u00fasica]<\/td><td>Apicultores trabajando en colmenas en un apiario<br><br>Superposici\u00f3n de los logotipos del Programa de Abejas de WSU, Washington State University, Wonderstone Films, Departamento de Agricultura de los Estados Unidos, Project Apis m, Miller Honey Farms y la Extensi\u00f3n de la Universidad de Minnesota<br><br>Aparece una lista de personas involucradas en el desarrollo del v\u00eddeo<\/td><\/tr><tr><td>Si les gust\u00f3 este v\u00eddeo no olviden en suscribirse y dejarnos los comentarios aqu\u00ed debajo cont\u00e1ndonos qu\u00e9 otros temas les gustar\u00eda que habl\u00e1ramos en un futuro.<\/td><td>Hombre cierra la puerta del cami\u00f3n y se gira hacia la c\u00e1mara<\/td><\/tr><\/tbody><\/table><\/figure>\n","protected":false},"excerpt":{"rendered":"<p>Transcripci\u00f3n del texto con descripci\u00f3n de las im\u00e1genes Esta p\u00e1gina ha sido traducida con Google. Disculpe cualquier error. Audio Im\u00e1genes [M\u00fasica] Bienvenido a ABEJAS. Aprendizaje b\u00e1sico y experto en jornadas ap\u00edcolas sostenibles. Logo de ABEJAS frente a un cami\u00f3n blanco que transporta colonias de abejas mel\u00edferas T\u00edtulo: M\u00f3dulo 1.1 Biolog\u00eda de la abejas mel\u00edferas Ya [&hellip;]<\/p>\n","protected":false},"author":8511,"featured_media":0,"parent":21,"menu_order":0,"comment_status":"closed","ping_status":"closed","template":"","meta":[],"categories":[10],"tags":[],"_links":{"self":[{"href":"https:\/\/cahnrs.wsu.edu\/descriptive-transcripts\/wp-json\/wp\/v2\/pages\/870"}],"collection":[{"href":"https:\/\/cahnrs.wsu.edu\/descriptive-transcripts\/wp-json\/wp\/v2\/pages"}],"about":[{"href":"https:\/\/cahnrs.wsu.edu\/descriptive-transcripts\/wp-json\/wp\/v2\/types\/page"}],"author":[{"embeddable":true,"href":"https:\/\/cahnrs.wsu.edu\/descriptive-transcripts\/wp-json\/wp\/v2\/users\/8511"}],"replies":[{"embeddable":true,"href":"https:\/\/cahnrs.wsu.edu\/descriptive-transcripts\/wp-json\/wp\/v2\/comments?post=870"}],"version-history":[{"count":12,"href":"https:\/\/cahnrs.wsu.edu\/descriptive-transcripts\/wp-json\/wp\/v2\/pages\/870\/revisions"}],"predecessor-version":[{"id":1100,"href":"https:\/\/cahnrs.wsu.edu\/descriptive-transcripts\/wp-json\/wp\/v2\/pages\/870\/revisions\/1100"}],"up":[{"embeddable":true,"href":"https:\/\/cahnrs.wsu.edu\/descriptive-transcripts\/wp-json\/wp\/v2\/pages\/21"}],"wp:attachment":[{"href":"https:\/\/cahnrs.wsu.edu\/descriptive-transcripts\/wp-json\/wp\/v2\/media?parent=870"}],"wp:term":[{"taxonomy":"category","embeddable":true,"href":"https:\/\/cahnrs.wsu.edu\/descriptive-transcripts\/wp-json\/wp\/v2\/categories?post=870"},{"taxonomy":"post_tag","embeddable":true,"href":"https:\/\/cahnrs.wsu.edu\/descriptive-transcripts\/wp-json\/wp\/v2\/tags?post=870"}],"curies":[{"name":"wp","href":"https:\/\/api.w.org\/{rel}","templated":true}]}}