{"id":872,"date":"2026-02-13T11:14:27","date_gmt":"2026-02-13T19:14:27","guid":{"rendered":"https:\/\/cahnrs.wsu.edu\/descriptive-transcripts\/?page_id=872"},"modified":"2026-03-13T15:43:07","modified_gmt":"2026-03-13T22:43:07","slug":"ciclo-de-vida-de-las-abejas-meliferas-abejas-modulo-1-2","status":"publish","type":"page","link":"https:\/\/cahnrs.wsu.edu\/descriptive-transcripts\/extension\/ciclo-de-vida-de-las-abejas-meliferas-abejas-modulo-1-2\/","title":{"rendered":"Ciclo de vida de las abejas mel\u00edferas (ABEJAS M\u00f3dulo 1.2)"},"content":{"rendered":"\n<figure class=\"wp-block-embed is-type-video is-provider-youtube wp-block-embed-youtube wp-embed-aspect-16-9 wp-has-aspect-ratio\"><div class=\"wp-block-embed__wrapper\">\n<iframe loading=\"lazy\" title=\"Ciclo de vida de las abejas mel\u00edferas (ABEJAS M\u00f3dulo 1.2)\" width=\"500\" height=\"281\" src=\"https:\/\/www.youtube.com\/embed\/R5KQa5rt0LM?feature=oembed\" frameborder=\"0\" allow=\"accelerometer; autoplay; clipboard-write; encrypted-media; gyroscope; picture-in-picture; web-share\" referrerpolicy=\"strict-origin-when-cross-origin\" allowfullscreen><\/iframe>\n<\/div><\/figure>\n\n\n\n<h2 class=\"wp-block-heading\">Transcripci\u00f3n del texto con descripci\u00f3n de las im\u00e1genes<\/h2>\n\n\n\n<p><em>Esta p\u00e1gina ha sido traducida con Google. Disculpe cualquier error.<\/em><\/p>\n\n\n\n<figure class=\"wp-block-table\"><table class=\"has-fixed-layout\"><thead><tr><th>Audio<\/th><th>Im\u00e1genes<\/th><\/tr><\/thead><tbody><tr><td>[M\u00fasica]<br><br>Bienvenidos al segundo v\u00eddeo de la serie ABEJAS.<\/td><td>Logo ABEJAS frente a abejas mel\u00edferas arrastr\u00e1ndose sobre el panal<br><br>T\u00edtulo: M\u00f3dulo 1.1 Ciclo de vida de una abeja mel\u00edfera<\/td><\/tr><tr><td><br>En este v\u00eddeo aprender\u00e1s sobre el ciclo de vida de la abeja mel\u00edfera. Recuerde que las colonias de abejas mel\u00edfera tienen diferentes tipos de abejas una reina, obreras y z\u00e1nganos. En cada colonia hay una sola reina y es la \u00fanica abeja reproductora. Hay miles de abejas<br>obreras y todas son hembras est\u00e9riles. Los z\u00e1nganos son abejas macho. El n\u00famero de z\u00e1nganos en una colonia var\u00eda a lo largo de la temporada y su principal funci\u00f3n es aparearse con la reina durante el vuelo nupcial.<\/td><td>Apicultor en un colmenar hablando a la c\u00e1mara<br><br>Aparece una lista con vi\u00f1etas y el presentador lee los temas mencionados<\/td><\/tr><tr><td>Todas las abejas mel\u00edfera pasan por tres etapas de desarrollo antes de convertirse en abejas adultas huevo, larva y pupa. <\/td><td>Primer plano de un panal de abejas que contiene diferentes etapas de cr\u00eda. Aparecen flechas rojas con el texto \u201cPupa\u201d, \u201cLarva\u201d, \u201cHuevo\u201d<\/td><\/tr><tr><td>Esta tabla resume el tiempo de cada tipo de abeja, reina, obrera o z\u00e1ngano en desarrollarse en cada etapa. Primero hablemos sobre el ciclo de vida de la abeja obrera.<br><\/td><td>Apicultor en un colmenar hablando a la c\u00e1mara<br><br>Diagrama del desarrollo de reina, obrera y z\u00e1ngano en d\u00edas<\/td><\/tr><tr><td>[M\u00fasica]  <\/td><td>Logo ABEJAS con fondo rojo. Texto en pantalla: Ciclo de vida de la abeja obrera<\/td><\/tr><tr><td>La reina pone huevos fertilizados en el fondo de una celda del panal. Las abejas obreras se desarrollan a partir de huevos durante tres d\u00edas. Una vez que el huevo eclosiona, permanece en estado de larva durante cinco a seis d\u00edas, volvi\u00e9ndose cada vez m\u00e1s grande y regordete. Cuando la larva est\u00e1 lista para ocupar una abeja nodriza adulta, cubrir\u00e1 la celda con cera.<\/td><td>Vista de perfil de un huevo puesto dentro de una celda de cera. Texto en pantalla: Un huevo en el fondo de una celda<br><br>Larvas y huevos dentro de celdas de abejas mel\u00edferas. Texto en pantalla: Huevos y larvas de diferentes edades<br><br>Primer plano de larvas blancas m\u00e1s grandes y abultadas y celdas operculadas, con abejas caminando alrededor. Texto en pantalla: Larvas mayores (izquierda) y celdas de cr\u00eda operculadas (derecha)<\/td><\/tr><tr><td>La abeja se convierte en pupa bajo la celda op\u00e9rculo durante unos 12 d\u00edas. En esta etapa, la pupa desarrolla caracter\u00edsticas reconocibles de una abeja adulta, como ojos, patas, alas, pelos y segmentos corporales.<\/td><td>Apicultor en un colmenar hablando a la c\u00e1mara<br><br>Diagrama del ciclo de vida de las abejas mel\u00edferas que muestra a la reina poniendo un huevo, la cr\u00eda desarroll\u00e1ndose y luego la abeja adulta emergiendo<\/td><\/tr><tr><td>Cuando las abejas obreras adultas est\u00e1n listas para salir, mastican lentamente la capa de cera que cubrir\u00e1 sus celdas. Estas adultas reci\u00e9n nacidas pronto se convertir\u00e1n en nodrizas y ser\u00e1n responsables de cuidar la cr\u00eda hasta que sean lo suficientemente adultas para hacer o forrajeras o exploradoras como le quieran llamar. Las abejas nodrizas son m\u00e1s peludas y a menudo tienen parches de pelo claro en la cabeza y el t\u00f3rax. Las abejas obreras adultas viven entre cuatro o cinco semanas en verano y alrededor de cinco a ocho semanas en primavera y principios de oto\u00f1o. A finales del oto\u00f1o y durante el invierno, las obreras adultas pasan por un cambio fisiol\u00f3gico que les permite vivir mucho m\u00e1s tiempo para sobrevivir todo el invierno<\/td><td>Abeja reci\u00e9n emergida masticando para salir de la celda, aparece un c\u00edrculo rojo<br><br>Abeja reci\u00e9n emergida saliendo de la celda hacia el panal<br><br>Abeja vellosa sobre el panal, aparece un c\u00edrculo rojo<br><br>Abejas mel\u00edferas entrando volando a la piquera<\/td><\/tr><tr><td>Estas abejas de invierno viven entre cinco y diez meses.<\/td><td>Abejas polinizando una flor rosada<\/td><\/tr><tr><td>Esto se discutir\u00e1 m\u00e1s a fondo en un video posterior sobre la invernada.<\/td><td>Apicultor en un colmenar hablando a la c\u00e1mara<\/td><\/tr><tr><td>[M\u00fasica]<\/td><td>Logo ABEJAS con fondo rojo. Texto en pantalla: Ciclo de vida de las abejas reinas<\/td><\/tr><tr><td>Ahora hablemos un poco m\u00e1s sobre el ciclo de vida de la reina. La reina suele vivir de uno a tres a\u00f1os, aunque en algunos casos<br>puede llegar a vivir m\u00e1s de cinco a\u00f1os. <\/td><td>Abejas mel\u00edferas sobre un panal con una reina; un punto verde est\u00e1 pintado en el t\u00f3rax de la reina<\/td><\/tr><tr><td>Los apicultores pueden reemplazar a una reina m\u00e1s vieja mediante el proceso de reemplazo de reina. Para mantener una colonia productiva. La reina se desarrollan en celdas especiales<br>que cuelgan del panal.<\/td><td>Apicultor sosteniendo una jaula con una reina dentro<br><br>Reina caminando dentro de la jaula<br><br>Una persona se\u00f1ala una celda real en la parte inferior de un panal<\/td><\/tr><tr><td>Las reinas de abejas feras tardan unos 16 d\u00edas en pasar de ser huevo hasta convertirse en adultas.<\/td><td>Apicultor en un colmenar hablando a la c\u00e1mara<br><br>Diagrama del desarrollo de reina, obrera y z\u00e1ngano en d\u00edas<\/td><\/tr><tr><td>La abeja reina permanece en estado de huevo durante tres d\u00edas y luego, como larvas durante unos cinco d\u00edas. Durante su desarrollo larval, se les alimenta con una dieta especial rica en jalea real. La jalea real es producida por gl\u00e1ndulas en la cabeza de las obreras. Las obreras y la reina son gen\u00e9ticamente id\u00e9nticas, pero la dieta de jalea real incluye la expresi\u00f3n de ciertos genes que hacen que la reina se vuelva f\u00e9rtil y reproductiva.<\/td><td>Primer plano de una celda real reci\u00e9n formada con un huevo dentro. Texto en pantalla: Huevo en una celda de reina<br><br>Primer plano de una celda real con una larva dentro. Texto en pantalla: Larva en una celda de reina<br><br>Abejas mel\u00edferas arrastr\u00e1ndose sobre el panal, aparece un c\u00edrculo rojo alrededor de una abeja. Texto en pantalla: Abejas obreras alimentando larvas de reina con jalea real<br><br>Primer plano de una celda real con una larva y una piscina blanca de l\u00edquido. Texto en pantalla: Puede ver las larvas y la jalea real en estas celdas de reina<\/td><\/tr><tr><td>Despu\u00e9s de cada celda de la reina es op\u00e9rculo. La reina estar\u00e1 en el estado de pupa durante ocho d\u00edas m\u00e1s para luego emerger como adulta. Las reinas de abejas mel\u00edferas alcanzan la madurez completamente entre cinco y seis d\u00edas despu\u00e9s de emerger.<\/td><td>Una celda real operculada, aparece un c\u00edrculo rojo. Texto en pantalla: Celda de reina operculada<br><br>Una persona se\u00f1ala celdas reales vac\u00edas. Texto en pantalla: Estas son celdas reales de las que han emergido reinas<\/td><\/tr><tr><td>Una vez que la Reina alcanza la madurez realiza un vuelo nupcial. Las reinas no se aparean con los z\u00e1nganos dentro de su propia colonia. <\/td><td>Una reina caminando por el panal, su abdomen es m\u00e1s corto que el de una reina fecundada. Texto en pantalla: Esta es una reina virgen que a\u00fan no ha realizado su vuelo de apareamiento<\/td><\/tr><tr><td>La reina sale de la colmena para buscar z\u00e1nganos de otras colonias<br>con las que puede aparearse. Esto reduce las posibilidades de endogamia, pero aumenta el riesgo de muerte por depredaci\u00f3n fuera de la colmena.<\/td><td>Abejas volando en un colmenar<\/td><\/tr><tr><td>Los z\u00e1nganos o abejas macho son una parte crucial para la paria exitoso. Se congregan en una \u00e1rea llamada \u00c1rea de congregaci\u00f3n de z\u00e1nganos, siglas en ingl\u00e9s desea y las reinas locales en estas \u00e1reas para aparearse con unos diez o 20 z\u00e1nganos. <\/td><td>Abejas arrastr\u00e1ndose alrededor de una jaula met\u00e1lica. Texto en pantalla: Z\u00e1nganos enjaulados para fines de reproducci\u00f3n [Im\u00e1genes acreditadas: Project Apis m]<br><br><br>Video de abejas volando en un entorno frondoso [Im\u00e1genes acreditadas: Julia Mahood]. Texto en pantalla: \u00c1rea de congregaci\u00f3n de z\u00e1nganos (DCA)<\/td><\/tr><tr><td>Durante este vuelo nupcial la reina se aparea con numerosos z\u00e1nganos y almacenar\u00e1 el semen en un \u00f3rgano llamado esperm\u00e1tica.<\/td><td>Dos esferas con flechas blancas se\u00f1al\u00e1ndolas. La de la izquierda es transl\u00facida y etiquetada \u201cespermateca de una reina virgen\u201d, la de la derecha es opaca y nublada, etiquetada \u201cespermateca de una reina fecundada\u201d. Una flecha negra apunta a un gl\u00f3bulo blanco entre las dos esferas y est\u00e1 etiquetada \u201cRed traqueal\u201d [Imagen acreditada: Sue Cobey]<\/td><\/tr><tr><td>Una reina puede realizar varios vuelos nupciales para aparearse con m\u00e1s z\u00e1nganos. Si no logr\u00f3 aparearse con suficientes z\u00e1nganos durante su primer vuelo.<\/td><td>Abejas mel\u00edferas arrastr\u00e1ndose sobre un panal<br><br>Se hace zoom en una reina con un punto rojo en el t\u00f3rax. Texto en pantalla: Reina madura y fecundada<\/td><\/tr><tr><td>Una vez que la reina ha almacenado suficiente semen, regresa a la colonia y no se volver\u00e1 a aparear durante el resto de su vida.<\/td><td>Reina con la cabeza dentro de un tubo amarillo. Texto en pantalla: Esta reina est\u00e1 siendo inseminada artificialmente para fines de reproducci\u00f3n<\/td><\/tr><tr><td>[M\u00fasica]<\/td><td>Logo ABEJAS con fondo rojo. Texto en pantalla: Ciclo de vida de los z\u00e1nganos<\/td><\/tr><tr><td>A continuaci\u00f3n hablaremos sobre los z\u00e1nganos. Los z\u00e1nganos tardan alrededor de 24 d\u00edas en desarrollarse de huevo, abeja adulta.<\/td><td>Apicultor en un colmenar hablando a la c\u00e1mara<br><br>Dos abejas con flechas blancas se\u00f1al\u00e1ndolas. Una a la izquierda etiquetada \u201cObrera\u201d y otra a la derecha \u201cZ\u00e1ngano\u201d<\/td><\/tr><tr><td>La reina pone huevos no fertilizados en celdas de mayor di\u00e1metro. Estos huevos se convertir\u00e1n en z\u00e1nganos. <\/td><td>Primer plano de un z\u00e1ngano (macho) arrastr\u00e1ndose sobre el panal<\/td><\/tr><tr><td>Los z\u00e1nganos se desarrollan a partir de huevos durante tres d\u00edas y luego pasan a la etapa larval que dura seis o siete d\u00edas.<\/td><td>Apicultor en un colmenar hablando a la c\u00e1mara<br><br>Diagrama del desarrollo de reina, obrera y z\u00e1ngano en d\u00edas<\/td><\/tr><tr><td>Son m\u00e1s grandes que las abejas obreras. Por lo que una vez que la larva de z\u00e1ngano est\u00e1 lista para ocupar, las abejas nodrizas<br>cubrir\u00e1n la celda del z\u00e1ngano con una capa de cera m\u00e1s abultada. Los z\u00e1nganos viven como adultos unas ocho semanas. <\/td><td>Celdas de z\u00e1ngano operculadas en un panal. Texto en pantalla: Celdas de z\u00e1ngano <br><br>Primer plano de una celda de z\u00e1ngano operculada<br><br>Z\u00e1ngano emergiendo de la celda por primera vez<\/td><\/tr><tr><td>Su principal funci\u00f3n es aparearse con las reinas.<\/td><td>Persona sosteniendo un z\u00e1ngano muerto. Texto en pantalla: Un z\u00e1ngano con el end\u00f3falo evertido<\/td><\/tr><tr><td>A medida que la temporada llega a su fin, las obreras expulsan a los z\u00e1nganos de la colonia donde mueren. <\/td><td>Abeja obrera llevando un z\u00e1ngano fuera de la entrada de la colmena. Texto en pantalla: Abejas obreras retirando un z\u00e1ngano de la colmena<\/td><\/tr><tr><td>No es raro ver grandes cantidades de z\u00e1nganos muertos fuera de la colmena a finales del oto\u00f1o. <\/td><td>Z\u00e1ngano arrastr\u00e1ndose sobre el panal<\/td><\/tr><tr><td>Ahora que sabe m\u00e1s sobre los ciclos de vida de las diferentes miembros de una colonia de abejas mel\u00edferas, podr\u00e1 empezar a reconocer estas diversas etapas. Cuando realice inspecciones en las colmenas.<\/td><td>Apicultor en un colmenar hablando a la c\u00e1mara<br><br>Logo ABEJAS, lista de dos pr\u00f3ximos videos y el logo de YouTube @wsubeeprogram aparece<\/td><\/tr><tr><td>[M\u00fasica]<\/td><td>Abejas arrastr\u00e1ndose sobre el panal<br><br>Superposici\u00f3n de los logotipos del Programa de Abejas de WSU, Washington State University, Wonderstone Films, Departamento de Agricultura de los Estados Unidos, Project Apis m, Miller Honey Farms y la Extensi\u00f3n de la Universidad de Minnesota<br><br>Aparece una lista de personas involucradas en el desarrollo del v\u00eddeo<\/td><\/tr><tr><td>Si les gust\u00f3 este video, no olviden en suscribirse y dejarnos los comentarios aqu\u00ed debajo cont\u00e1ndonos qu\u00e9 otros temas les gustar\u00eda que habl\u00e1ramos en un futuro.<\/td><td>Hombre cierra la puerta del cami\u00f3n y se gira hacia la c\u00e1mara<\/td><\/tr><\/tbody><\/table><\/figure>\n","protected":false},"excerpt":{"rendered":"<p>Transcripci\u00f3n del texto con descripci\u00f3n de las im\u00e1genes Esta p\u00e1gina ha sido traducida con Google. Disculpe cualquier error. Audio Im\u00e1genes [M\u00fasica] Bienvenidos al segundo v\u00eddeo de la serie ABEJAS. Logo ABEJAS frente a abejas mel\u00edferas arrastr\u00e1ndose sobre el panal T\u00edtulo: M\u00f3dulo 1.1 Ciclo de vida de una abeja mel\u00edfera En este v\u00eddeo aprender\u00e1s sobre el [&hellip;]<\/p>\n","protected":false},"author":8511,"featured_media":0,"parent":21,"menu_order":0,"comment_status":"closed","ping_status":"closed","template":"","meta":[],"categories":[10],"tags":[],"_links":{"self":[{"href":"https:\/\/cahnrs.wsu.edu\/descriptive-transcripts\/wp-json\/wp\/v2\/pages\/872"}],"collection":[{"href":"https:\/\/cahnrs.wsu.edu\/descriptive-transcripts\/wp-json\/wp\/v2\/pages"}],"about":[{"href":"https:\/\/cahnrs.wsu.edu\/descriptive-transcripts\/wp-json\/wp\/v2\/types\/page"}],"author":[{"embeddable":true,"href":"https:\/\/cahnrs.wsu.edu\/descriptive-transcripts\/wp-json\/wp\/v2\/users\/8511"}],"replies":[{"embeddable":true,"href":"https:\/\/cahnrs.wsu.edu\/descriptive-transcripts\/wp-json\/wp\/v2\/comments?post=872"}],"version-history":[{"count":12,"href":"https:\/\/cahnrs.wsu.edu\/descriptive-transcripts\/wp-json\/wp\/v2\/pages\/872\/revisions"}],"predecessor-version":[{"id":1112,"href":"https:\/\/cahnrs.wsu.edu\/descriptive-transcripts\/wp-json\/wp\/v2\/pages\/872\/revisions\/1112"}],"up":[{"embeddable":true,"href":"https:\/\/cahnrs.wsu.edu\/descriptive-transcripts\/wp-json\/wp\/v2\/pages\/21"}],"wp:attachment":[{"href":"https:\/\/cahnrs.wsu.edu\/descriptive-transcripts\/wp-json\/wp\/v2\/media?parent=872"}],"wp:term":[{"taxonomy":"category","embeddable":true,"href":"https:\/\/cahnrs.wsu.edu\/descriptive-transcripts\/wp-json\/wp\/v2\/categories?post=872"},{"taxonomy":"post_tag","embeddable":true,"href":"https:\/\/cahnrs.wsu.edu\/descriptive-transcripts\/wp-json\/wp\/v2\/tags?post=872"}],"curies":[{"name":"wp","href":"https:\/\/api.w.org\/{rel}","templated":true}]}}