{"id":885,"date":"2026-02-13T11:31:01","date_gmt":"2026-02-13T19:31:01","guid":{"rendered":"https:\/\/cahnrs.wsu.edu\/descriptive-transcripts\/?page_id=885"},"modified":"2026-03-13T15:52:40","modified_gmt":"2026-03-13T22:52:40","slug":"nutricion-de-la-abejas-meliferas-abejas-modulo-1-3","status":"publish","type":"page","link":"https:\/\/cahnrs.wsu.edu\/descriptive-transcripts\/extension\/nutricion-de-la-abejas-meliferas-abejas-modulo-1-3\/","title":{"rendered":"Nutrici\u00f3n de la abejas mel\u00edferas (ABEJAS M\u00f3dulo 1.3)"},"content":{"rendered":"\n<figure class=\"wp-block-embed is-type-video is-provider-youtube wp-block-embed-youtube wp-embed-aspect-16-9 wp-has-aspect-ratio\"><div class=\"wp-block-embed__wrapper\">\n<iframe loading=\"lazy\" title=\"Nutrici\u00f3n de la abejas mel\u00edferas (ABEJAS M\u00f3dulo 1.3)\" width=\"500\" height=\"281\" src=\"https:\/\/www.youtube.com\/embed\/prHJC6Q7xms?feature=oembed\" frameborder=\"0\" allow=\"accelerometer; autoplay; clipboard-write; encrypted-media; gyroscope; picture-in-picture; web-share\" referrerpolicy=\"strict-origin-when-cross-origin\" allowfullscreen><\/iframe>\n<\/div><\/figure>\n\n\n\n<h2 class=\"wp-block-heading\">Transcripci\u00f3n del texto con descripci\u00f3n de las im\u00e1genes<\/h2>\n\n\n\n<p><em>Esta p\u00e1gina ha sido traducida con Google. Disculpe cualquier error.<\/em><\/p>\n\n\n\n<figure class=\"wp-block-table\"><table class=\"has-fixed-layout\"><thead><tr><th>Audio<\/th><th>Im\u00e1genes<\/th><\/tr><\/thead><tbody><tr><td>[M\u00fasica]<br><br>Bienvenido al tercer video de la serie ABEJAS.<\/td><td>Logo ABEJAS frente a una fila de abejas mel\u00edferas bebiendo jarabe de az\u00facar<br><br>T\u00edtulo: M\u00f3dulo 1.3 Nutrici\u00f3n de la abeja mel\u00edfera<\/td><\/tr><tr><td>En este v\u00eddeo aprender\u00e1 sobre los diferentes nutrientes que las abejas necesitan.<\/td><td>Apicultor en un colmenar hablando a la c\u00e1mara<\/td><\/tr><tr><td>Casi todos los animales tienen las mismas necesidades nutricionales b\u00e1sicas para mantener la vida. Aunque los tipos de alimentos<br>que consumimos pueden ser muy diferentes. Las abejas, al igual que otros animales, necesitan los siguientes componentes para tener una dieta saludable.<\/td><td>Abejas volando y pos\u00e1ndose en flores blancas y moradas<\/td><\/tr><tr><td>Carbohidrato dos prote\u00ednas, grasas, micronutrientes como vitaminas, minerales y sales y el agua.<\/td><td>Apicultor en un colmenar hablando a la c\u00e1mara<br><br>Aparece una lista con vi\u00f1etas y el presentador lee los temas mencionados<\/td><\/tr><tr><td>[M\u00fasica]<\/td><td>Logo ABEJAS con fondo rojo. Texto en pantalla: Polen y n\u00e9ctar<\/td><\/tr><tr><td>Las abejas obtienen casi todo su contenido nutricional de las flores en forma de polen y n\u00e9ctar. El n\u00e9ctar es un l\u00edquido azucarado producido por las flores para atraer a las abejas. Las abejas adultas necesitan n\u00e9ctar para tener la energ\u00eda necesaria para volar y moverse por la colmena. <\/td><td>Abeja bebiendo n\u00e9ctar de una flor blanca<\/td><\/tr><tr><td>Cuando visitan una flor, usan su prob\u00f3scide o como nosotros lo conocemos com\u00fanmente, lengua, como una especie de tubo<br>para succionar el n\u00e9ctar de la flor y almacenarlo de un \u00f3rgano de reserva llamado buche.<\/td><td>Abeja bebiendo n\u00e9ctar de una flor morada, aparece un c\u00edrculo rojo sobre la lengua<\/td><\/tr><tr><td>El buche tiene una v\u00e1lvula unidireccion alque permite a la abeja consumir un poco de n\u00e9ctar para continuar con sus actividades diarias mientras almacena el resto para la colmena y convertirlo en miel.<\/td><td>Abeja bebiendo n\u00e9ctar de una flor amarilla<br><br>Abeja bebiendo n\u00e9ctar de una flor blanca y morada<\/td><\/tr><tr><td>Los n\u00e9ctares de diferentes tipos de flores contienen diferentes cantidades y tipos de az\u00facares y otros compuestos, lo que da como resultado mieles con sabores y caracter\u00edsticas muy diferentes.<\/td><td>Abeja bebiendo n\u00e9ctar de una flor amarilla<\/td><\/tr><tr><td>Los n\u00e9ctares pueden contener entre un cinco y 75% de az\u00facar. Para la mayor\u00eda contiene entre 20 y 40%.<\/td><td>Abejas volando y pos\u00e1ndose en flores moradas<\/td><\/tr><tr><td>La miel es producida por las abejas en la colmena.<\/td><td>Abejas mel\u00edferas arrastr\u00e1ndose sobre un panal y luego primer plano de celdas hexagonales que contienen n\u00e9ctar. Texto en pantalla: N\u00e9ctar (miel sin curar) en la colmena<\/td><\/tr><tr><td>Cuando una abeja forrajera regresa a la colmena con su buche lleno de n\u00e9ctar, lo pasa una abeja receptora.<\/td><td>Primer plano de dos abejas aliment\u00e1ndose entre s\u00ed por trofalaxia<\/td><\/tr><tr><td><br>Esta receptora a\u00f1ade enzimas al n\u00e9ctar y reduce la cantidad de agua en el n\u00e9ctar. Sac\u00e1ndolo en gotas o ventilando con sus alas. Una vez que el n\u00e9ctar alcanza un contenido de agua del 17 a 18%, la miel se considera madura.<br><br><br><\/td><td>Abejas mel\u00edferas arrastr\u00e1ndose sobre un panal con op\u00e9rculos de cera blanca sobre reservas de miel; luego un apicultor abre suavemente los op\u00e9rculos con la herramienta de colmena y la miel l\u00edquida comienza a salir. Texto en pantalla: Miel curada y operculada en la colmena<\/td><\/tr><tr><td>En esta etapa no hay suficiente humedad en la miel para que las bacterias crezcan, lo que previene la fermentaci\u00f3n o el deterioro.<\/td><td>Apicultor en un colmenar hablando a la c\u00e1mara<\/td><\/tr><tr><td>La miel es consumida como alimento principal por las abejas adultas. Cuando el n\u00e9ctar floral no est\u00e1 disponible.<\/td><td>Abejas mel\u00edferas con la cabeza dentro de celdas hexagonales<br><br>Fila de abejas mel\u00edferas aliment\u00e1ndose de una gota de miel sobre un panal<\/td><\/tr><tr><td>Cuando el n\u00e9ctar no est\u00e1 disponible, por ejemplo, antes de que florezcan las flores en primavera o despu\u00e9s de que hayan terminado de florecer en oto\u00f1o.<\/td><td>Apicultor poniendo jarabe de az\u00facar en colmenas mientras abejas vuelan alrededor<br><br>Primer plano de jarabe de az\u00facar siendo rociado dentro de un alimentador en la colmena<\/td><\/tr><tr><td>Los apicultores pueden complementar los carbohidratos que las abejas necesitan aliment\u00e1ndola con un jarabe hecho de az\u00facar y agua.<\/td><td>Abejas arrastr\u00e1ndose sobre el alimentador y bebiendo jarabe de az\u00facar<\/td><\/tr><tr><td>Adem\u00e1s del n\u00e9ctar, las abejas recolectan polen como fuente de prote\u00ednas, grasas, vitaminas y minerales.<\/td><td>Abeja volando hacia una flor; la abeja se mueve por la flor mostrando las canastas de polen en sus patas. Texto en pantalla: Una abeja mel\u00edfera recolectando polen<\/td><\/tr><tr><td>Las abejas adultas consumen poca prote\u00edna, pero las larvas en desarrollo necesitan mucho prote\u00edna para crecer y pasar por sus etapas de desarrollo.<\/td><td>Celdas de un panal que contienen polen junto a celdas de cr\u00eda abiertas y operculadas; aparece un c\u00edrculo rojo para resaltar las reservas de polen. Texto en pantalla: Polen almacenado cerca de cr\u00eda<\/td><\/tr><tr><td>Las abejas forrajeras recogen el polen de las flores y lo empaquetan en bolsas que colocan en sus aplanadas patas traseras, <br>como corbiculas o canastas de polen.<\/td><td>Abeja en una flor moviendo sus patas para pasar polen a la canasta de polen en sus patas. Texto en pantalla: Una abeja mel\u00edfera recolectando polen<\/td><\/tr><tr><td>Una vez que han recolectado suficiente polen en sus canastas de polen, las abejas forrajeras lo llevan a la colmena donde lo colocan en una celda del panal. Las otras obreras amasan el polen hasta convertirlo en una pasta. Luego el polen se mezcla con un poco de miel para formar pan de abeja.<\/td><td>Primer plano de una abeja en el panal con canastas de polen grandes en las patas, aparece un c\u00edrculo rojo alrededor de la abeja<br>Panal con miel operculada, polen almacenado y celdas de cr\u00eda. Texto en pantalla: Miel operculada, polen almacenado y cr\u00eda operculada<\/td><\/tr><tr><td>Las abejas obreras tienden a preferir el polen fresco en lugar del pan de abeja m\u00e1s viejo.<\/td><td>Abeja en una flor, granos de polen caen y se adhieren a su cuerpo<\/td><\/tr><tr><td>Las abejas nodrizas encargadas de cuidar a las cr\u00edas en desarrollo consumen polen para producir alimento para la cr\u00eda en las gl\u00e1ndulas de su cabeza.<\/td><td>Primer plano de una abeja en panal con grandes canastas de polen en las patas, aparece un c\u00edrculo rojo alrededor de la abeja<\/td><\/tr><tr><td>Los nutrientes del polen son esenciales para el crecimiento y desarrollo en todas las etapas de la vida.<\/td><td>Larvas sentadas en charcos de l\u00edquido dentro de celdas de cr\u00eda<\/td><\/tr><tr><td>Las abejas adultas que no tienen acceso a prote\u00ednas durante los primeros diez d\u00edas de su vida tienen una esperanza de vida m\u00e1s corta.<\/td><td>Apicultor en un colmenar hablando a la c\u00e1mara<\/td><\/tr><tr><td>Si las abejas necesitan polen adicional, hay una variedad de suplementos de polen que los apicultores pueden proporcionarles para que puedan consumir los nutrientes necesarios.<\/td><td>Apicultor sosteniendo la colmena abierta; abejas arrastr\u00e1ndose sobre los panales; el apicultor coloca una torta de polen sobre los panales y luego cierra la colmena<\/td><\/tr><tr><td>En el pr\u00f3ximo m\u00f3dulo hablaremos m\u00e1s sobre la alimentaci\u00f3n<br>con carbohidratos suplementarios y polen.<\/td><td>Apicultor en un colmenar hablando a la c\u00e1mara<\/td><\/tr><tr><td>[M\u00fasica]<\/td><td>Logo ABEJAS con fondo rojo. Texto en pantalla: Agua<\/td><\/tr><tr><td>Al igual que otros animales, las abejas necesitan agua para vivir. Utilizan el agua para regular la temperatura y la humedad de la colmena. Las abejas tambi\u00e9n obtienen peque\u00f1as cantidades de sal de las fuentes de agua. Proporcionaruna fuente de agua adecuada para las abejas reducir\u00e1 la probabilidad de que consuman agua<br>contaminada por pesticidas de estanques, zanjas, drenajes<br>o de gotas de agua de los cultivos. Utilice un recipiente grande y mant\u00e9ngalo lleno de agua. Use elementos como corchos o piedras para darle a las abejas un lugar donde posarse.<\/td><td>Abejas bebiendo agua de un charco<br><br>Abejas bebiendo agua mientras se posan sobre material de arpillera colocado sobre un balde blanco. Texto en pantalla: Este apicultor ha utilizado cubetas y tela de arpillera para crear una fuente de agua segura y limpia donde las abejas pueden beber<\/td><\/tr><tr><td>No es necesario mantener el agua cristalina. Las abejas tienden a visitar fuentes de agua que no est\u00e1n completamente limpias.<\/td><td>Peque\u00f1a hondonada con agua, abejas volando sobre el agua<\/td><\/tr><tr><td>[M\u00fasica]<\/td><td>Logo ABEJAS con fondo rojo. Texto en pantalla: Necesidades nutricionales de las abejas durante diferentes estaciones<\/td><\/tr><tr><td>Las abejas tienen diferentes necesidades nutricionales seg\u00fan la estaci\u00f3n y la etapa de desarrollo en la que se encuentran. Aunque cada operaci\u00f3n ap\u00edcolas tienen pr\u00e1cticas espec\u00edficas sobre la alimentaci\u00f3n. Aqu\u00ed hay algunos aspectos importantes a tener en cuenta a lo largo del a\u00f1o ap\u00edcola.<\/td><td>Apicultor en un colmenar hablando a la c\u00e1mara<\/td><\/tr><tr><td>Antes de que las flores est\u00e9n disponibles, es posible que las abejas necesiten jarabe de az\u00facar y prote\u00ednas suplementarias a medida que la colonia comienza a crecer.<\/td><td>Cami\u00f3n pasando por un huerto con dos apicultores sentados en la parte trasera; luego los apicultores trabajan en el colmenar alimentando colonias. Texto en pantalla: Inicio de primavera: baja disponibilidad floral [Im\u00e1genes acreditadas: Project Apis m]<\/td><\/tr><tr><td>La prote\u00edna es especialmente importante al inicio de la primavera, cuando la colonia se enfoca en aumentar la poblaci\u00f3n durante este tiempo. La reina est\u00e1 poniendo mucho m\u00e1s huevos y la colonia puede no tener acceso a los suficientes flores para obtener cantidades adecuadas de polen.<\/td><td>Abejas mel\u00edferas arrastr\u00e1ndose sobre un panal con una reina marcada con un punto rojo en el t\u00f3rax<\/td><\/tr><tr><td>Es posible que los apicultores no necesiten proporcionar carbohidratos y prote\u00ednas suplementarias. Cuando las abejas tienen abundantes recursos florales<\/td><td>Colmenas colocadas en un huerto con abejas volando<br><br>Abeja trepando en una flor amarilla<\/td><\/tr><tr><td>Durante la primavera y el verano, es importante monitorear si las abejas pueden satisfacer las necesidades de la colonia.<\/td><td>Campo de flores silvestres. Texto en pantalla: Primavera y verano: alta disponibilidad floral<\/td><\/tr><tr><td>Aseg\u00farese de que la colonia tenga miel y polen almacenados en sus cuadros y que la poblaci\u00f3n est\u00e9 en constante crecimiento.<\/td><td>Apicultor en un colmenar hablando a la c\u00e1mara<\/td><\/tr><tr><td>Una gran poblaci\u00f3n de abejas necesitar\u00e1 m\u00e1s alimento. Verifique que haya una franja de polen almacenado alrededor del nido de la cr\u00eda y un m\u00ednimo de unos pocos cuadros de miel o n\u00e9ctar almacenados.<\/td><td>Panal con polen y celdas de cr\u00eda. Texto en pantalla: Este panal tiene una buena franja de polen almacenado alrededor del nido de cr\u00eda<br><br>Apicultor sosteniendo y girando un panal que contiene miel<\/td><\/tr><tr><td>Los apicultores colocan cajas llamadas alzas en las colmenas cuando las abejas est\u00e1n en un flujo de n\u00e9ctar. Los apicultores recolectan la miel de las alzas para el consumo humano.<\/td><td>Persona conduciendo un montacargas que transporta cajas de colmena; luego apicultores agregan alzas melarias a las colonias. Texto en pantalla: Agregando alzas de miel a las colmenas<\/td><\/tr><tr><td>Nunca alimente con jarabe de az\u00facar. Cuando las alzas de miel<br>est\u00e1n en la colonia. La miel se produce a partir del n\u00e9ctar floral. El jarabe de az\u00facar concentrado no se puede vender como miel. A finales del verano y principios del oto\u00f1o. Los apicultores suelen recoger el exceso de miel de las colmenas para extraerla y venderla.<\/td><td>Botellas de miel en estante de supermercado [Im\u00e1genes acreditadas: Project Apis m]<\/td><\/tr><tr><td>Los apicultores retiran las alzas para extraer la miel y dejan la restante en las c\u00e1maras de cr\u00eda para que las abejas la puedan consumir. <\/td><td>Apicultor sacudiendo abejas de un panal de miel y movi\u00e9ndolo a otra caja; luego personas recolectando miel de los panales usando maquinaria<\/td><\/tr><tr><td>Una vez que el apicultor ha retirado la miel, ser\u00e1 importante alimentar con jarabe de az\u00facar para que las abejas puedan acumular sus reservas de carbohidratos para el invierno.<\/td><td>Apicultores alimentando colonias con jarabe de az\u00facar<\/td><\/tr><tr><td>Para prepararse para el invierno, la reina reducir\u00e1 la puesta de huevos en oto\u00f1o, lo que dar\u00e1 lugar a una menor producci\u00f3n de cr\u00edas con menos cr\u00eda. Los requerimientos de prote\u00ednas<br>se reducen significativamente.<\/td><td>Colmenas sobre una plataforma grande con el atardecer de fondo; luego colmenas en un colmenar rodeado de vegetaci\u00f3n seca. Texto en pantalla: Finales de verano a finales de oto\u00f1o: extracci\u00f3n de miel y disminuci\u00f3n de disponibilidad floral<\/td><\/tr><tr><td>Cuando el clima comienza a ponerse m\u00e1s fr\u00edo y las flores ya no est\u00e1n disponibles. Las abejas mel\u00edferas cambian fisiol\u00f3gicamente a su estado invernal, que es el tema del pr\u00f3ximo video.<\/td><td>Abejas mel\u00edferas entrando arrastr\u00e1ndose por la piquera<\/td><\/tr><tr><td>Trabaje en satisfacer las necesidades de las colonias antes del invierno para darle a las abejas una mejor oportunidad de sobrevivir el invierno.<\/td><td>Tomas a\u00e9reas de colmenas colocadas en c\u00edrculo y apicultores trabajando<\/td><\/tr><tr><td>Ahora tiene una visi\u00f3n general de los diferentes requerimientos nutricionales que tienen las abejas a lo largo del a\u00f1o. Este conocimiento le ayudar\u00e1 a tomar decisiones sobre la alimentaci\u00f3n a medida que avanza en tu carrera ap\u00edcola y contribuir\u00e1 a mantener sus abejas saludables durante todo el a\u00f1o.<\/td><td>Apicultor en un colmenar hablando a la c\u00e1mara<br><br>Logo ABEJAS, lista de dos pr\u00f3ximos videos y logo de YouTube @wsubeeprogram aparece<\/td><\/tr><tr><td>[M\u00fasica]<\/td><td>Abeja volando cerca de una flor<br><br>Superposici\u00f3n de los logotipos del Programa de Abejas de WSU, Washington State University, Wonderstone Films, Departamento de Agricultura de los Estados Unidos, Project Apis m, Miller Honey Farms y la Extensi\u00f3n de la Universidad de Minnesota<br><br>Aparece una lista de personas involucradas en el desarrollo del v\u00eddeo<\/td><\/tr><tr><td>Si les gust\u00f3 este video,  no olviden en suscribirse y dejarnos los comentarios aqu\u00ed debajo cont\u00e1ndonos qu\u00e9 otros temas les gustar\u00eda que habl\u00e1ramos en un futuro.<\/td><td>Hombre cierra la puerta del cami\u00f3n y se gira hacia la c\u00e1mara<\/td><\/tr><\/tbody><\/table><\/figure>\n","protected":false},"excerpt":{"rendered":"<p>Transcripci\u00f3n del texto con descripci\u00f3n de las im\u00e1genes Esta p\u00e1gina ha sido traducida con Google. Disculpe cualquier error. Audio Im\u00e1genes [M\u00fasica] Bienvenido al tercer video de la serie ABEJAS. Logo ABEJAS frente a una fila de abejas mel\u00edferas bebiendo jarabe de az\u00facar T\u00edtulo: M\u00f3dulo 1.3 Nutrici\u00f3n de la abeja mel\u00edfera En este v\u00eddeo aprender\u00e1 sobre [&hellip;]<\/p>\n","protected":false},"author":8511,"featured_media":0,"parent":21,"menu_order":0,"comment_status":"closed","ping_status":"closed","template":"","meta":[],"categories":[10],"tags":[],"_links":{"self":[{"href":"https:\/\/cahnrs.wsu.edu\/descriptive-transcripts\/wp-json\/wp\/v2\/pages\/885"}],"collection":[{"href":"https:\/\/cahnrs.wsu.edu\/descriptive-transcripts\/wp-json\/wp\/v2\/pages"}],"about":[{"href":"https:\/\/cahnrs.wsu.edu\/descriptive-transcripts\/wp-json\/wp\/v2\/types\/page"}],"author":[{"embeddable":true,"href":"https:\/\/cahnrs.wsu.edu\/descriptive-transcripts\/wp-json\/wp\/v2\/users\/8511"}],"replies":[{"embeddable":true,"href":"https:\/\/cahnrs.wsu.edu\/descriptive-transcripts\/wp-json\/wp\/v2\/comments?post=885"}],"version-history":[{"count":7,"href":"https:\/\/cahnrs.wsu.edu\/descriptive-transcripts\/wp-json\/wp\/v2\/pages\/885\/revisions"}],"predecessor-version":[{"id":1117,"href":"https:\/\/cahnrs.wsu.edu\/descriptive-transcripts\/wp-json\/wp\/v2\/pages\/885\/revisions\/1117"}],"up":[{"embeddable":true,"href":"https:\/\/cahnrs.wsu.edu\/descriptive-transcripts\/wp-json\/wp\/v2\/pages\/21"}],"wp:attachment":[{"href":"https:\/\/cahnrs.wsu.edu\/descriptive-transcripts\/wp-json\/wp\/v2\/media?parent=885"}],"wp:term":[{"taxonomy":"category","embeddable":true,"href":"https:\/\/cahnrs.wsu.edu\/descriptive-transcripts\/wp-json\/wp\/v2\/categories?post=885"},{"taxonomy":"post_tag","embeddable":true,"href":"https:\/\/cahnrs.wsu.edu\/descriptive-transcripts\/wp-json\/wp\/v2\/tags?post=885"}],"curies":[{"name":"wp","href":"https:\/\/api.w.org\/{rel}","templated":true}]}}