{"id":886,"date":"2026-02-13T15:32:35","date_gmt":"2026-02-13T23:32:35","guid":{"rendered":"https:\/\/cahnrs.wsu.edu\/descriptive-transcripts\/?page_id=886"},"modified":"2026-03-13T15:39:25","modified_gmt":"2026-03-13T22:39:25","slug":"enfermedades-de-las-abejas-adultas-abejas-modulo-3-4","status":"publish","type":"page","link":"https:\/\/cahnrs.wsu.edu\/descriptive-transcripts\/extension\/enfermedades-de-las-abejas-adultas-abejas-modulo-3-4\/","title":{"rendered":"Enfermedades de las abejas adultas (ABEJAS M\u00f3dulo 3.4)"},"content":{"rendered":"\n<figure class=\"wp-block-embed is-type-video is-provider-youtube wp-block-embed-youtube wp-embed-aspect-16-9 wp-has-aspect-ratio\"><div class=\"wp-block-embed__wrapper\">\n<iframe loading=\"lazy\" title=\"Enfermedades de las abejas adultas (ABEJAS M\u00f3dulo 3.4)\" width=\"500\" height=\"281\" src=\"https:\/\/www.youtube.com\/embed\/ZqJypfCIlRE?feature=oembed\" frameborder=\"0\" allow=\"accelerometer; autoplay; clipboard-write; encrypted-media; gyroscope; picture-in-picture; web-share\" referrerpolicy=\"strict-origin-when-cross-origin\" allowfullscreen><\/iframe>\n<\/div><\/figure>\n\n\n\n<h2 class=\"wp-block-heading\">Transcripci\u00f3n del texto con descripci\u00f3n de las im\u00e1genes<\/h2>\n\n\n\n<p><em>Esta p\u00e1gina ha sido traducida con Google. Disculpe cualquier error.<\/em><\/p>\n\n\n\n<figure class=\"wp-block-table\"><table class=\"has-fixed-layout\"><thead><tr><th>Audio<\/th><th>Im\u00e1genes<\/th><\/tr><\/thead><tbody><tr><td>[M\u00fasica]<br><br>Bienvenidos al \u00faltimo v\u00eddeo del m\u00f3dulo tres de la serie ABEJAS.<\/td><td>Logo ABEJAS frente a una abeja sentada en la entrada de la colmena<br><br>T\u00edtulo: M\u00f3dulo 3.4 Enfermedades de las abejas adultas<\/td><\/tr><tr><td>Este \u00faltimo v\u00eddeo le brindar\u00e1 m\u00e1s informaci\u00f3n sobre las enfermedades o infecciones que afectan a las abejas adultas.<\/td><td>Apicultor en un colmenar hablando a la c\u00e1mara<\/td><\/tr><tr><td>Estos pat\u00f3genos debilitan las abejas, reducen la actividad forrajera<br>e incrementan la mortalidad.<\/td><td>Abeja arrastr\u00e1ndose en una flor amarilla y luego volando<\/td><\/tr><tr><td>Antes de identificar abejas enfermas, primero veamos c\u00f3mo lucen las abejas adultas sanas. Las abejas adultas sanas son peludas y sus alas est\u00e1n intactas.<\/td><td>Abejas arrastr\u00e1ndose sobre la parte superior de un panal. Texto en pantalla: Abejas adultas sanas<\/td><\/tr><tr><td>Las abejas forrajeras m\u00e1s viejas lucen menos peludas, se ven grasosas y tienen las alas desgastadas.<\/td><td>Abeja arrastr\u00e1ndose en una flor blanca. Texto en pantalla: Abeja mayor y sana <\/td><\/tr><tr><td>Las abejas adultas sanas se mueven por la colonia de forma predecible. Pueden realizar la danza oscilante para comunicar la ubicaci\u00f3n de las provisiones de alimento, pero no se comportan de manera extra\u00f1a.<\/td><td>Panal completo con muchas abejas y una reina. Las celdas debajo est\u00e1n llenas de cr\u00eda. Texto en pantalla: Abejas sanas y organizadas<\/td><\/tr><tr><td>Como aprendi\u00f3 en el primer video de este m\u00f3dulo, los \u00e1caros varroa<br>son par\u00e1sitos que se alimentan del cuerpo de las abejas<br>y al hacerlo transmiten virus.<\/td><td>\u00c1caro rojo sobre una abeja adulta. Texto en pantalla: Los \u00e1caros varroa transmiten virus<\/td><\/tr><tr><td>El video anterior cubri\u00f3 las diversas enfermedades de la cr\u00eda y qu\u00e9 signos puede presentar la cr\u00eda de abejas cuando est\u00e1 infectada con ciertos virus.<\/td><td>Abeja en panal temblando o tratando de sacudirse un \u00e1caro; el \u00e1caro est\u00e1 marcado con un c\u00edrculo rojo. Texto en pantalla: Esta abeja parece angustiada; tiene un \u00e1caro Varroa entre el t\u00f3rax y el abdomen<\/td><\/tr><tr><td>Hay varios virus que impactan directamente la capacidad de las abejas para volar y llevar una vida normal, pero no todos los adultos o cr\u00edas presentan signos visibles si est\u00e1n infectados con ciertos virus.<\/td><td>Muchas abejas volando hacia y entrando a la colmena. Texto en pantalla: Las abejas adultas y sus cr\u00edas pueden infectadarse con virus sin presentar signos visibles<\/td><\/tr><tr><td>Un ejemplo es el virus del Lago Sina\u00ed, identificado relativa mente hace poco.<\/td><td>Apicultor en un colmenar hablando a la c\u00e1mara. Texto en pantalla: Virus del Lago Sina\u00ed<\/td><\/tr><tr><td>Este virus parece estar estrechamente asociado con la infestaci\u00f3n por varroa y la infecci\u00f3n por Nosema. Actualmente no hay signos diagnosticados de que las abejas est\u00e9n infectadas con este virus m\u00e1s all\u00e1 de su asociaci\u00f3n con colonias d\u00e9biles o en colapso.<\/td><td>Cient\u00edfico pipeteando l\u00edquido de un frasco oscuro dentro de una campana extractora, dispensando en tubos y colocando tubos en una m\u00e1quina molecular [Im\u00e1genes acreditadas: Project Apis m].<br><br>Texto en pantalla: Los laboratorios de diagn\u00f3stico pueden confirmar infecciones virales sospechosas<\/td><\/tr><tr><td>La Nosemosis o infecci\u00f3n por Nosema es causada por par\u00e1sitos micros por medios unicelulares que infectan los sistemas digestivos de las abejas.<\/td><td>Apicultor en un colmenar hablando a la c\u00e1mara. Aparece pantalla de computadora con una cuadr\u00edcula y esporas ovaladas. Texto en pantalla: La Nosemosis o infecci\u00f3n por Nosema<\/td><\/tr><tr><td>Hay dos tipos de Nosema en Estados Unidos, Nosema apis\u202fy\u202fNosema cerana, siendo este \u00faltimo m\u00e1s com\u00fan en la actualidad.  <\/td><td>Apicultor en un colmenar hablando a la c\u00e1mara. Imagen con dos esporas microsc\u00f3picas [Cr\u00e9dito: Robert Paxton]. Texto en pantalla: Micrograf\u00edas electr\u00f3nicas de esporas de (A) Nosema ceranae y (B) Nosema apis<\/td><\/tr><tr><td>La infecci\u00f3n por Nosema cerana, cuando una abeja ingiere esporas. <\/td><td>Abejas volando sobre un charco en un campo con pasto<\/td><\/tr><tr><td>Cuando una espora se encuentra en condiciones ideales, se reproduce de manera explosiva, causando da\u00f1o al sistema digestivo de la abeja. El par\u00e1sito roba nutrientes de las abejas, por lo que estas consumen m\u00e1s alimento sin llegar a saciarse.<\/td><td>Abejas con la cabeza dentro de celdas hexagonales en un panal. Texto en pantalla: Abejas consumiendo n\u00e9ctar<\/td><\/tr><tr><td>La transmisi\u00f3n de la infecci\u00f3n por Nosema puede ocurrir de varias formas, ya sea al beber agua contaminada o cuando una vez infectada alimenta a otra es decir, por trofalaxias.<\/td><td>Abejas volando sobre un charco; dos abejas aliment\u00e1ndose entre s\u00ed en un panal, aparece un c\u00edrculo rojo alrededor de sus lenguas. Texto en pantalla: Nosema se transmite a trav\u00e9s del agua contaminada o por trofalaxias<\/td><\/tr><tr><td>La infecci\u00f3n en abejas adultas puede dificultar la digesti\u00f3n la producci\u00f3n de alimento para la cr\u00eda y reducir la esperanza de vida en general. Cuando las abejas est\u00e1n infectadas con Nosema es posible ver una disminuci\u00f3n de la poblaci\u00f3n, mala producci\u00f3n de miel, reducci\u00f3n en la producci\u00f3n de cr\u00eda o alas en forma de K.<\/td><td>Abejas arrastr\u00e1ndose sobre un panal, una de ellas con alas extendidas de forma anormal; aparece un c\u00edrculo rojo. Texto en pantalla: En las abejas infectadas con Nosema, se puede observar <\/td><\/tr><tr><td>Las alas de las abejas suelen estar unidas por un peque\u00f1o gancho llamado hamuli. Si una abeja est\u00e1 enferma, ese gancho puede soltarse de la otra ala, haciendo que el ala tenga forma de K. Este \u00e1ngulo anormal en el que descansan las alas se conoce como ala en K.<\/td><td>Abejas arrastr\u00e1ndose sobre la parte superior de un cuadro de madera, alas extendidas hacia los lados, aparece un c\u00edrculo rojo. Texto en pantalla: Alas en forma de K<\/td><\/tr><tr><td>Nosema apis est\u00e1 asociada con la disenter\u00eda, pero no se sabe si esta es la causa. Si una abeja est\u00e1 enferma de disenter\u00eda o diarrea y defeca dentro de la colmena, otra abeja puede ingerir las esporas de<br>Nosema a limpiar las heces.<\/td><td>Caja de colmena con muchas manchas amarillas en el frente. Texto en pantalla: Disenter\u00eda fuera de la colmena<\/td><\/tr><tr><td>Ninguna de estos signos es exclusivo de una infecci\u00f3n por Nosema. Algunos signos podr\u00edan indicar que las abejas est\u00e1n hambrientas consumiendo alimentos en mal estado o infectadas con un virus. La \u00fanica forma precisa de determinar si tiene Nosema es mediante<br>un examen microsc\u00f3pico de las abejas. La mejor manera de manejar la infecci\u00f3n. La mejor manera de manejar la infecci\u00f3n por Nosema es mantener colonias fuertes.<\/td><td>L\u00edquido amarillo dentro de una bolsa pl\u00e1stica. Persona con guantes azules usa pipeta para extraer l\u00edquido, coloca una gota en un porta objetos, luego observa al microscopio. Persona se\u00f1ala esporas en la pantalla de la computadora. Texto en pantalla: Aprenda a diagnosticar Nosema microsc\u00f3picamente (video en espa\u00f1ol o ingl\u00e9s): bees.wsu.edu\/diagnostics\/<\/td><\/tr><tr><td>Controle bien sus colonias, reduciendo los factores de estr\u00e9s, proporcion\u00e1ndoles una nutrici\u00f3n adecuada y controlando las infestaciones de plagas.<\/td><td>Apicultor en un colmenar hablando a la c\u00e1mara. Texto en pantalla: Para controlar la Nosema, aseg\u00farese de tener colonias fuertes.<\/td><\/tr><tr><td>El \u00fanico tratamiento registrado para Nosema en Estados Unidos<br>es Fumagillin, que tiene como nombre comercial Fumagilin-B o Fumadil-B.<\/td><td>Apicultor leyendo una etiqueta en un frasco, vertiendo polvo en un balde con l\u00edquido y luego transfiri\u00e9ndolo a un tanque. Texto en pantalla: Fumagilin se puede utilizar para tratar Nosema<\/td><\/tr><tr><td>En nuestro video sobre Varroa mencionamos el virus de alas deformes (DWV por sus siglas en ingl\u00e9s).<\/td><td>Apicultor en un colmenar hablando a la c\u00e1mara. Texto en pantalla: El virus de alas deformes (DWV)<\/td><\/tr><tr><td>Este virus hace que las abejas adultas tengan alas deformes que parecen arrugadas, torcidas o atrofiadas, lo que impide el vuelo.<\/td><td>Abeja con alas deformadas arrastr\u00e1ndose sobre un panal con dos \u00e1caros encima. Texto en pantalla: Esta abeja tiene DWV y dos \u00e1caros Varroa<\/td><\/tr><tr><td>Las abejas con alas deformes tienen una vida m\u00e1s corta y viven solo unos d\u00edas despu\u00e9s de emerger. <\/td><td>Dos abejas con alas deformes arrastr\u00e1ndose sobre un panal; aparece un c\u00edrculo rojo. Texto en pantalla: El virus de alas deformes (DWV)<\/td><\/tr><tr><td>El virus de las alas deformes es una preocupaci\u00f3n significativa porque pueden contribuir al declive de las colonias. El manejo de la varroasis\u00a0 es crucial para controlar este virus y mantener la salud de las colonias.<\/td><td>Muchas abejas en un panal con de cinco c\u00edrculos marcando \u00e1caros visibles en sus dorsos. Texto en pantalla: Esta colonia tiene el virus del ala deformada y una carga muy alta de \u00e1caros Varroa<\/td><\/tr><tr><td>Existen varios virus que paralizan a las abejas adultas.<\/td><td>Apicultor en un colmenar hablando a la c\u00e1mara<\/td><\/tr><tr><td>El virus de par\u00e1lisis aguda de abejas, el virus de Cachemira y el virus de par\u00e1lisis aguda Israel\u00ed est\u00e1n todos asociados<br>con infestaciones de varroa.<\/td><td>Abeja con un \u00e1caro sobre el dorso sentada en un panal; aparece un c\u00edrculo rojo. Texto en pantalla: El virus de par\u00e1lisis aguda de abejas,  virus de Cachemira y el virus de par\u00e1lisis aguda Israel\u00ed est\u00e1n todos asociados con infestaciones de Varroa<\/td><\/tr><tr><td>Los s\u00edntomas incluyen sistemas inmunol\u00f3gicos debilitados, par\u00e1lisis, (abejas incapaces de volar arrastr\u00e1ndose y temblando antes de morir fuera de la colmena), alas temblorosas, oscurecimiento del color del cuerpo y abejas de aspecto brillante debido a la p\u00e9rdida del pelo.<\/td><td>Abeja arrastr\u00e1ndose en el pasto<br><br>Abeja en la entrada de la colmena, de color marr\u00f3n muy oscuro o negra; aparece un c\u00edrculo rojo.<\/td><\/tr><tr><td>El virus de par\u00e1lisis cr\u00f3nica de las abejas puede oscurecer y despojar de pelo a las abejas adultas. Las abejas pueden tener comportamientos err\u00e1ticos, incluyendo par\u00e1lisis, arrastre y alas temblorosas. Las abejas oscuras y brillantes son el signo m\u00e1s<br>reconocido del virus de par\u00e1lisis cr\u00f3nica.<\/td><td>Abeja oscura sin pelos arrastr\u00e1ndose entre abejas sanas. C\u00edrculo rojo alrededor de la abeja [Cr\u00e9dito: Montana State University, Flenniken Lab]. Texto en pantalla: Abejas oscuras y brillantes<\/td><\/tr><tr><td>Las colonias infectadas con este virus pueden tener muchas abejas arrastr\u00e1ndose fuera de la colmena, temblando y sin poder volar. Este signo puede confundirse con envenenamiento por pesticidas.<\/td><td>Abeja arrastr\u00e1ndose en el pasto. Texto en pantalla: Abejas \u201carrastr\u00e1ndose\u201d fuera de la colmena<\/td><\/tr><tr><td>El virus de la celda real negra afecta principalmente a las reinas<br>y puede provocar su muerte.<\/td><td>Apicultor en un colmenar hablando a la c\u00e1mara. Texto en pantalla: Virus de la celda real negra<\/td><\/tr><tr><td>Como su nombre lo indica, el virus de la celda real negra solo puede identificarse directamente en las reinas en desarrollo. Una reina morir\u00e1 durante la ocupaci\u00f3n y se volver\u00e1 negra. Este virus es una preocupaci\u00f3n principal para los criadores de reinas. Se cree que este virus se transmite por las abejas nodrizas que alimentan a las larvas de la reina con alimento de cr\u00eda infectado.<\/td><td>Celda real en fondo blanco con una pupa negra y encogida adentro [Cr\u00e9dito: Montana State University, Flenniken Lab]. Texto en pantalla: Celda real con virus de la celda real negra. Pupa de reina negra y muerta en una celda real infectada con virus de la celda real negra<\/td><\/tr><tr><td>Este m\u00f3dulo cubri\u00f3 informaci\u00f3n sobre par\u00e1sitos, plagas, depredadores y pat\u00f3genos que pueden ser perjudiciales para las colonias de las abejas mel\u00edferas. <\/td><td>Apicultor en un colmenar hablando a la c\u00e1mara<\/td><\/tr><tr><td>La aplicaci\u00f3n de los conocimientos sobre las enfermedades de las abejas mel\u00edferas as a la apicultura comercial implica el diagn\u00f3stico<br>y el manejo eficaz de las enfermedades. La aplicaci\u00f3n de medidas preventivas, el uso de tratamientos adecuados, el monitoreo de la salud de las colmenas y la formaci\u00f3n continua como la que se muestra en estos videos. Tambi\u00e9n se requiere un enfoque integral<br>que combine estrategias de manejo pr\u00e1ctico con el aprendizaje continuo y la adaptaci\u00f3n para mantener colonias sanas y productivas. <\/td><td>Grupo de apicultores conversando en una oficina<br><br>Toma a\u00e9rea de diez tarimas con colonias de abejas en formaci\u00f3n circular<br><br>Dos apicultores sonriendo<br><br>Apicultor poni\u00e9ndose gafas de seguridad<br><br>Apicultor inspeccionando ambos lados de un panal<br><br>Apicultor aplicando humo en la entrada de la colmena<br><br>Jarabe de az\u00facar siendo vertido en una colonia con una manguera<\/td><\/tr><tr><td>Recuerde que cuanto m\u00e1s experiencia pr\u00e1ctica adquiera, m\u00e1s familiarizado y seguro se sentir\u00e1 al manipular abejas. Diagnosticar problemas en una colonia de abejas mel\u00edferas como problemas con la reina, enfermedades o desnutrici\u00f3n y reconocer qu\u00e9 decisiones de manejo debe tomarse cuando surgen problemas.<\/td><td>Apicultor en un colmenar hablando a la c\u00e1mara<br><br>Logo ABEJAS, lista de videos de los M\u00f3dulos 1, 2, 3 y logo @wsubeeprogram en YouTube aparece<\/td><\/tr><tr><td>[M\u00fasica]<\/td><td>Cami\u00f3n transportando muchas colmenas y remolcando un montacargas mientras se aleja<br><br>Superposici\u00f3n de logotipos del Programa de Abejas de WSU, Washington State University, Wonderstone Films, USDA, Project Apis m, Miller Honey Farms y University of Minnesota Extension<br><br>Aparece una lista de personas involucradas en el desarrollo del v\u00eddeo<\/td><\/tr><tr><td>Si les gust\u00f3 este video, no olviden en suscribirse y dejarnos los comentarios aqu\u00ed debajo cont\u00e1ndonos qu\u00e9 otros temas les gustar\u00eda que habl\u00e1ramos en un futuro.<\/td><td>Hombre cierra la puerta del cami\u00f3n y se gira hacia la c\u00e1mara<\/td><\/tr><\/tbody><\/table><\/figure>\n","protected":false},"excerpt":{"rendered":"<p>Transcripci\u00f3n del texto con descripci\u00f3n de las im\u00e1genes Esta p\u00e1gina ha sido traducida con Google. Disculpe cualquier error. Audio Im\u00e1genes [M\u00fasica] Bienvenidos al \u00faltimo v\u00eddeo del m\u00f3dulo tres de la serie ABEJAS. Logo ABEJAS frente a una abeja sentada en la entrada de la colmena T\u00edtulo: M\u00f3dulo 3.4 Enfermedades de las abejas adultas Este \u00faltimo [&hellip;]<\/p>\n","protected":false},"author":8511,"featured_media":0,"parent":21,"menu_order":0,"comment_status":"closed","ping_status":"closed","template":"","meta":[],"categories":[10],"tags":[],"_links":{"self":[{"href":"https:\/\/cahnrs.wsu.edu\/descriptive-transcripts\/wp-json\/wp\/v2\/pages\/886"}],"collection":[{"href":"https:\/\/cahnrs.wsu.edu\/descriptive-transcripts\/wp-json\/wp\/v2\/pages"}],"about":[{"href":"https:\/\/cahnrs.wsu.edu\/descriptive-transcripts\/wp-json\/wp\/v2\/types\/page"}],"author":[{"embeddable":true,"href":"https:\/\/cahnrs.wsu.edu\/descriptive-transcripts\/wp-json\/wp\/v2\/users\/8511"}],"replies":[{"embeddable":true,"href":"https:\/\/cahnrs.wsu.edu\/descriptive-transcripts\/wp-json\/wp\/v2\/comments?post=886"}],"version-history":[{"count":11,"href":"https:\/\/cahnrs.wsu.edu\/descriptive-transcripts\/wp-json\/wp\/v2\/pages\/886\/revisions"}],"predecessor-version":[{"id":1110,"href":"https:\/\/cahnrs.wsu.edu\/descriptive-transcripts\/wp-json\/wp\/v2\/pages\/886\/revisions\/1110"}],"up":[{"embeddable":true,"href":"https:\/\/cahnrs.wsu.edu\/descriptive-transcripts\/wp-json\/wp\/v2\/pages\/21"}],"wp:attachment":[{"href":"https:\/\/cahnrs.wsu.edu\/descriptive-transcripts\/wp-json\/wp\/v2\/media?parent=886"}],"wp:term":[{"taxonomy":"category","embeddable":true,"href":"https:\/\/cahnrs.wsu.edu\/descriptive-transcripts\/wp-json\/wp\/v2\/categories?post=886"},{"taxonomy":"post_tag","embeddable":true,"href":"https:\/\/cahnrs.wsu.edu\/descriptive-transcripts\/wp-json\/wp\/v2\/tags?post=886"}],"curies":[{"name":"wp","href":"https:\/\/api.w.org\/{rel}","templated":true}]}}