{"id":887,"date":"2026-02-13T12:38:29","date_gmt":"2026-02-13T20:38:29","guid":{"rendered":"https:\/\/cahnrs.wsu.edu\/descriptive-transcripts\/?page_id=887"},"modified":"2026-03-13T15:53:55","modified_gmt":"2026-03-13T22:53:55","slug":"preparacion-de-las-abejas-meliferas-para-el-invierno-abejas-modulo-1-4","status":"publish","type":"page","link":"https:\/\/cahnrs.wsu.edu\/descriptive-transcripts\/extension\/preparacion-de-las-abejas-meliferas-para-el-invierno-abejas-modulo-1-4\/","title":{"rendered":"Preparaci\u00f3n de las abejas mel\u00edferas para el invierno (ABEJAS M\u00f3dulo 1.4)"},"content":{"rendered":"\n<figure class=\"wp-block-embed is-type-video is-provider-youtube wp-block-embed-youtube wp-embed-aspect-16-9 wp-has-aspect-ratio\"><div class=\"wp-block-embed__wrapper\">\n<iframe loading=\"lazy\" title=\"Preparaci\u00f3n de las abejas mel\u00edferas para el invierno (ABEJAS M\u00f3dulo 1.4)\" width=\"500\" height=\"281\" src=\"https:\/\/www.youtube.com\/embed\/qlgkBdcOswc?feature=oembed\" frameborder=\"0\" allow=\"accelerometer; autoplay; clipboard-write; encrypted-media; gyroscope; picture-in-picture; web-share\" referrerpolicy=\"strict-origin-when-cross-origin\" allowfullscreen><\/iframe>\n<\/div><\/figure>\n\n\n\n<h2 class=\"wp-block-heading\">Transcripci\u00f3n del texto con descripci\u00f3n de las im\u00e1genes<\/h2>\n\n\n\n<p><em>Esta p\u00e1gina ha sido traducida con Google. Disculpe cualquier error.<\/em><\/p>\n\n\n\n<figure class=\"wp-block-table\"><table class=\"has-fixed-layout\"><thead><tr><th>Audio<\/th><th>Im\u00e1genes<\/th><\/tr><\/thead><tbody><tr><td>[M\u00fasica]<br><br>Bienvenidos al video cuatro de la serie ABEJAS.<\/td><td>Logo ABEJAS frente a un apicultor soplando humo hacia las colmenas y un montacargas apilando m\u00e1s colmenas encima<br><br>T\u00edtulo: M\u00f3dulo 1.4 Preparaci\u00f3n de las abejas mel\u00edferas para el invierno<\/td><\/tr><tr><td>El comportamiento de las abejas mel\u00edferas en la invernada es una adaptaci\u00f3n compleja que combina cambios fisiol\u00f3gicos, comportamientos sociales y el uso estrat\u00e9gico de recursos para garantizar la supervivenci de la colonia durante la temporada invernal.<\/td><td>Apicultor en un colmenar hablando a la c\u00e1mara<\/td><\/tr><tr><td>En este video discutiremos sobre c\u00f3mo se preparan las abejas para el invierno y c\u00f3mo podemos ayudarlas a tener una mejor oportunidad de sobrevivir con \u00e9xito.<\/td><td>Apicultor raspando panal sobrante en la parte superior de los cuadros dentro de la colmena, abejas volando al fondo<br><br>Apicultor soplando humo sobre las abejas dentro de una colmena<\/td><\/tr><tr><td>[M\u00fasica]<\/td><td>Logo ABEJAS con fondo rojo. Texto en pantalla: Cambios fisiol\u00f3gicos en invierno y en verano <\/td><\/tr><tr><td>Los cambios fisiol\u00f3gicos entre las abejas mel\u00edferas de verano que est\u00e1n activas durante los meses m\u00e1s c\u00e1lidos y las abejas mel\u00edferas de invierno que necesitan sobrevivir en condiciones m\u00e1s fr\u00edas son cruciales para su supervivencia.<\/td><td>Abejas mel\u00edferas entrando a la piquera<\/td><\/tr><tr><td>Como se vio en el video sobre el ciclo de vida de una abeja mel\u00edfera. Las abejas obreras de verano viven alrededor de 4 a 6 semanas. En contraste, las abejas de invierno tienen una vida m\u00e1s larga que se extiende por varios meses.<\/td><td>Apicultor en un colmenar hablando a la c\u00e1mara<br><br>Gr\u00e1fico que muestra la diferencia entre abejas de invierno y de verano; se ven iguales pero tienen diferentes caracter\u00edsticas fisiol\u00f3gicas<\/td><\/tr><tr><td>Esta longevidad les ayuda a sobrevivir hasta que la poblaci\u00f3n aumenta en la primavera. <\/td><td>Abejas mel\u00edferas arrastr\u00e1ndose en la entrada de la colmena<\/td><\/tr><tr><td>Las abejas obreras de invierno tienen un mayor contenido de grasa,<br>una tasa metab\u00f3lica m\u00e1s baja y son menos activas en comparaci\u00f3n de las abejas obreras.<\/td><td>Muchas cajas de colmena abiertas, una persona rociando l\u00edquido en las colonias [Im\u00e1genes acreditadas: Project Apis m]<\/td><\/tr><tr><td>En verano, estos cambios de comportamiento ayudan a las abejas a conservar energ\u00eda durante los per\u00edodos de actividad reducida de forrajeo y temperaturas m\u00e1s fr\u00edas. La transici\u00f3n de las abejas de verano a las abejas de invierno implica cambios en los niveles hormonales que influyen en el desarrollo, el comportamiento y la longevidad. Estos cambios ayudan a las abejas a adaptarse a diferentes condiciones ambientales y disponibilidad de alimentos.<\/td><td>Abeja volando sobre una flor<br><br>Apicultor caminando junto a colonias en un colmenar<br><br>Colmenas siendo bajadas de un cami\u00f3n con un montacargas<\/td><\/tr><tr><td>[M\u00fasica]<\/td><td>Logo ABEJAS con fondo rojo. Texto en pantalla: Preparaci\u00f3n para el invierno<\/td><\/tr><tr><td>Para pasar el invierno con \u00e9xito. Se necesitan cuatro cosas b\u00e1sicas. Uno. Una cantidad abundante de abejas saludables. Dos. Una reina fuerte. Tres. Suficiente a limento almacenado. Y cuatro. Buena ventilaci\u00f3n.<\/td><td>Apicultor en un colmenar hablando a la c\u00e1mara<br><br>Aparece una lista con vi\u00f1etas y el presentador lee los temas mencionados<\/td><\/tr><tr><td>Las colonias de abejas mel\u00edferas sobreviven al invierno agrup\u00e1ndose dentro de la colmena y terminan regul\u00e1ndose.<\/td><td>Apicultor inspeccionando una colonia [Im\u00e1genes acreditadas: Project Apis m]<\/td><\/tr><tr><td>El grupo se forma alrededor de la reina y est\u00e1 compuesto por abejas obreras. Las abejas en la parte externa del grupo generan calor al hacer vibrar sus m\u00fasculos de vuelo, manteniendo una temperatura<br>de alrededor de 93 a 95 grados Fahrenheit o 34 35 grados dentro del grupo.<\/td><td>Apicultor en un colmenar hablando a la c\u00e1mara<br><br>Gr\u00e1fico que muestra el tama\u00f1o ideal del racimo<\/td><\/tr><tr><td>El tama\u00f1o de este grupo a finales del oto\u00f1o pueden ayudar a un apicultor a interferir la probabilidad de supervivencia durante el invierno.<\/td><td>Apicultor trabajando en colmenas. Texto en pantalla: Estas abejas est\u00e1n siendo preparadas para el invierno [Im\u00e1genes acreditadas: Project Apis m]<\/td><\/tr><tr><td>Lo ideal ser\u00eda que el grupo de abejas se extendiera por toda la caja.<\/td><td>Apicultor sosteniendo una colmena abierta para mostrar abejas arrastr\u00e1ndose a lo largo de 10 cuadros. Texto en pantalla: Esta colonia de abejas es de buen tama\u00f1o al entrar en la temporada de invierno<\/td><\/tr><tr><td>Si el grupo es peque\u00f1o, se puede complementar la colonia<br>combinando dos colonias m\u00e1s d\u00e9biles.<\/td><td>Apicultor moviendo cuadros de una colonia a otra<\/td><\/tr><tr><td>Antes del invierno, los apicultores deben asegurarse de que la reina est\u00e9 sana y poniendo huevos adecuadamente. Una reina fuerte y vigorosa ayudar\u00e1 a la colonia mantener niveles poblacionales necesario para la supervivencia en el invierno.<\/td><td>Primer plano de huevos dentro de celdas hexagonales en un panal<br>Reina arrastr\u00e1ndose en un panal con muchas abejas alrededor. Texto en pantalla: Una reina fuerte ayuda a la supervivencia de la colonia durante el invierno<\/td><\/tr><tr><td>Reemplazar una reina a finales del oto\u00f1o puede ser un desaf\u00edo y generalmente no se recomienda a menos que sea absolutamente necesario.<\/td><td>Apicultor sosteniendo una jaula con una reina dentro y luego colocando la jaula junto a otras dos jaulas de reinas. Texto en pantalla: No se recomienda reemplazar a la reina a fines del oto\u00f1o<\/td><\/tr><tr><td>Si es necesario reemplazar la reina a finales del oto\u00f1o debido a problemas como una reina d\u00e9bil o un comportamiento agresivo, se podr\u00eda combinar la colmena m\u00e1s d\u00e9bil con una m\u00e1s fuerte. Aseg\u00farese de que las abejas mel\u00edferas tengan una cantidad adecuada de alimento almacenado para poder sobrevivir en el invierno.<\/td><td>Apicultor inspeccionando un panal en la colonia y luego abejas arrastr\u00e1ndose cerca de reservas de polen y n\u00e9ctar. Texto en pantalla: Aseg\u00farese de que las abejas tengan suficiente alimento almacenado para el invierno<\/td><\/tr><tr><td>Las abejas se concentrar\u00e1n en conservar sus recursos en el oto\u00f1o<br>y el invierno en los climas fr\u00edos. No habr\u00e1 producci\u00f3n de cr\u00eda<br>durante partes del invierno y por lo tanto las abejas consumen<br>poca o ninguna prote\u00edna.<\/td><td>Apicultor sosteniendo un panal lleno de miel. Texto en pantalla:<strong> <\/strong>Un buen panal de miel<\/td><\/tr><tr><td>La miel es su principal fuente de energ\u00eda durante el invierno.<\/td><td>Dos abejas bebiendo miel de una celda operculada. Texto en pantalla: Abejas mel\u00edferas consumiendo miel en la colmena<\/td><\/tr><tr><td>Una ventilaci\u00f3n adecuada es crucial para prevenir la acumulaci\u00f3n de humedad dentro de la colmena, lo que puede provocar enfermedades f\u00fangicas o asfixia.<\/td><td>Apicultor en un colmenar hablando a la c\u00e1mara\/ Texto en pantalla: Buena ventilaci\u00f3n para evitar enfermedades f\u00fangicas o asfixia por humedad<\/td><\/tr><tr><td>Aseg\u00farese de que la entrada de la colmena est\u00e9 despejada.<\/td><td>Abejas mel\u00edferas arrastr\u00e1ndose en la piquera.<\/td><\/tr><tr><td>Su operaci\u00f3n probablemente especificar\u00e1 las estrategias para ventilar adecuadamente las colmenas en su regi\u00f3n.<\/td><td>Tres personas en un almac\u00e9n con grandes ventilaciones y luces rojas; luego muchas colmenas apiladas verticalmente. Texto en pantalla: Estructuras de almacenamiento para la invernada con diferentes sistemas de ventilaci\u00f3n [Im\u00e1genes acreditadas: Project Apis m]<\/td><\/tr><tr><td>Adem\u00e1s, es fundamental asegurarse de que la colmena est\u00e9 nivelada para reducir la acumulaci\u00f3n de humedad. Si est\u00e1 inclinada hacia atr\u00e1s<\/td><td>Persona manejando un montacargas dentro del almac\u00e9n con iluminaci\u00f3n roja [Im\u00e1genes acreditadas: Project Apis m]<\/td><\/tr><tr><td>En zonas con mucho viento, podr\u00eda ser necesario construir estructuras o asegurarlas colmenas con correas de trinquete para evitar que se vuelquen o se desprendan las tapas.<\/td><td>Toma a\u00e9rea de seis edificios blancos. Texto en pantalla: Algunos apicultores utilizan estructuras para almacenar abejas durante el invierno [Im\u00e1genes acreditadas: Project Apis m]<\/td><\/tr><tr><td>[M\u00fasica]<\/td><td>Logo ABEJAS con fondo rojo. Texto en pantalla: Manejo de plagas y enfermedades para la invernada<\/td><\/tr><tr><td>Le ense\u00f1aremos m\u00e1s sobre plagas y pat\u00f3genos en un pr\u00f3ximo m\u00f3dulo. Pero el manejo de plagas y enfermedades es extremadamente importante para ayudar a sobrevivir a las abejas en invierno.<\/td><td>Primer plano de una abeja con un \u00e1caro en la parte superior del abdomen; aparece un c\u00edrculo rojo alrededor del \u00e1caro<\/td><\/tr><tr><td>La Varroa es una de las plagas m\u00e1s da\u00f1inas para las abejas mel\u00edferas. Estos \u00e1caros pueden debilitar las colonias y reducir su capacidad para sobrevivir al invierno.<\/td><td>Abeja arrastr\u00e1ndose en un panal con alas deformadas; aparece un c\u00edrculo rojo alrededor de la abeja malformada<\/td><\/tr><tr><td>Se debe aplicar tratamientos como \u00e1cido ox\u00e1lico, \u00e1cido f\u00f3rmico,  amitraz, thymol, otros acariciadas. Aprobado seg\u00fan los o los horarios y umbrales recomendados para reducir los niveles de<br>\u00e1caro antes del invierno.<\/td><td>Apicultor leyendo un papel y luego colocando una tira pl\u00e1stica entre los cuadros de la colmena. Texto en pantalla: Aplicar acaricidas seg\u00fan las instrucciones <\/td><\/tr><tr><td>Revise regularmente si hay signos de enfermedades comunes<br>en las abejas mel\u00edferas, como Nosema lo que americana, la cr\u00eda de cal y lo que europea.<\/td><td>Apicultor inspeccionando un panal de abejas<\/td><\/tr><tr><td>Si se diagnostican. Implemente tratamientos o estrategias<br>de manejo adecuados antes del invierno.<\/td><td>Panal con muchas celdas abiertas y unas pocas abejas arrastr\u00e1ndose. Texto en pantalla: Esta colonia, severamente afectada por varroa y enfermedades, no sobrevivir\u00e1 el invierno.<\/td><\/tr><tr><td>Ahora que sabe c\u00f3mo se preparan las abejas mel\u00edferas para el invierno y c\u00f3mo puede ayudarlas a prepararse, puede implementar algunas de estas estrategias para aumentar el \u00e9xito de la invernada.<\/td><td>Apicultor en un colmenar hablando a la c\u00e1mara<br><br>Logo ABEJAS, lista de dos pr\u00f3ximos videos, y el logo de YouTube @wsubeeprogram aparece<\/td><\/tr><tr><td>[M\u00fasica]<\/td><td>Apicultor apilando colmenas con un montacargas<br><br>Superposici\u00f3n de los logotipos del Programa de Abejas de WSU, Washington State University, Wonderstone Films, Departamento de Agricultura de los Estados Unidos, Project Apis m, Miller Honey Farms y la Extensi\u00f3n de la Universidad de Minnesota<br><br>Aparece una lista de personas involucradas en el desarrollo del v\u00eddeo<\/td><\/tr><tr><td>Si les gust\u00f3 este video, no olviden en suscribirse y dejarnos los comentarios aqu\u00ed debajo cont\u00e1ndonos qu\u00e9 otros temas les gustar\u00eda que habl\u00e1ramos en un futuro.<\/td><td>Hombre cierra la puerta del cami\u00f3n y se gira hacia la c\u00e1mara<\/td><\/tr><\/tbody><\/table><\/figure>\n","protected":false},"excerpt":{"rendered":"<p>Transcripci\u00f3n del texto con descripci\u00f3n de las im\u00e1genes Esta p\u00e1gina ha sido traducida con Google. Disculpe cualquier error. Audio Im\u00e1genes [M\u00fasica] Bienvenidos al video cuatro de la serie ABEJAS. Logo ABEJAS frente a un apicultor soplando humo hacia las colmenas y un montacargas apilando m\u00e1s colmenas encima T\u00edtulo: M\u00f3dulo 1.4 Preparaci\u00f3n de las abejas mel\u00edferas [&hellip;]<\/p>\n","protected":false},"author":8511,"featured_media":0,"parent":21,"menu_order":0,"comment_status":"closed","ping_status":"closed","template":"","meta":[],"categories":[10],"tags":[],"_links":{"self":[{"href":"https:\/\/cahnrs.wsu.edu\/descriptive-transcripts\/wp-json\/wp\/v2\/pages\/887"}],"collection":[{"href":"https:\/\/cahnrs.wsu.edu\/descriptive-transcripts\/wp-json\/wp\/v2\/pages"}],"about":[{"href":"https:\/\/cahnrs.wsu.edu\/descriptive-transcripts\/wp-json\/wp\/v2\/types\/page"}],"author":[{"embeddable":true,"href":"https:\/\/cahnrs.wsu.edu\/descriptive-transcripts\/wp-json\/wp\/v2\/users\/8511"}],"replies":[{"embeddable":true,"href":"https:\/\/cahnrs.wsu.edu\/descriptive-transcripts\/wp-json\/wp\/v2\/comments?post=887"}],"version-history":[{"count":10,"href":"https:\/\/cahnrs.wsu.edu\/descriptive-transcripts\/wp-json\/wp\/v2\/pages\/887\/revisions"}],"predecessor-version":[{"id":1119,"href":"https:\/\/cahnrs.wsu.edu\/descriptive-transcripts\/wp-json\/wp\/v2\/pages\/887\/revisions\/1119"}],"up":[{"embeddable":true,"href":"https:\/\/cahnrs.wsu.edu\/descriptive-transcripts\/wp-json\/wp\/v2\/pages\/21"}],"wp:attachment":[{"href":"https:\/\/cahnrs.wsu.edu\/descriptive-transcripts\/wp-json\/wp\/v2\/media?parent=887"}],"wp:term":[{"taxonomy":"category","embeddable":true,"href":"https:\/\/cahnrs.wsu.edu\/descriptive-transcripts\/wp-json\/wp\/v2\/categories?post=887"},{"taxonomy":"post_tag","embeddable":true,"href":"https:\/\/cahnrs.wsu.edu\/descriptive-transcripts\/wp-json\/wp\/v2\/tags?post=887"}],"curies":[{"name":"wp","href":"https:\/\/api.w.org\/{rel}","templated":true}]}}