{"id":888,"date":"2026-02-13T15:19:53","date_gmt":"2026-02-13T23:19:53","guid":{"rendered":"https:\/\/cahnrs.wsu.edu\/descriptive-transcripts\/?page_id=888"},"modified":"2026-03-13T15:48:14","modified_gmt":"2026-03-13T22:48:14","slug":"enfermedades-de-la-cria-abejas-modulo-3-3","status":"publish","type":"page","link":"https:\/\/cahnrs.wsu.edu\/descriptive-transcripts\/extension\/enfermedades-de-la-cria-abejas-modulo-3-3\/","title":{"rendered":"Enfermedades de la cr\u00eda (ABEJAS M\u00f3dulo 3.3)"},"content":{"rendered":"\n<figure class=\"wp-block-embed is-type-video is-provider-youtube wp-block-embed-youtube wp-embed-aspect-16-9 wp-has-aspect-ratio\"><div class=\"wp-block-embed__wrapper\">\n<iframe loading=\"lazy\" title=\"Enfermedades de la cr\u00eda (ABEJAS M\u00f3dulo 3.3)\" width=\"500\" height=\"281\" src=\"https:\/\/www.youtube.com\/embed\/O18fp6FTWvg?feature=oembed\" frameborder=\"0\" allow=\"accelerometer; autoplay; clipboard-write; encrypted-media; gyroscope; picture-in-picture; web-share\" referrerpolicy=\"strict-origin-when-cross-origin\" allowfullscreen><\/iframe>\n<\/div><\/figure>\n\n\n\n<h2 class=\"wp-block-heading\">Transcripci\u00f3n del texto con descripci\u00f3n de las im\u00e1genes<\/h2>\n\n\n\n<p><em>Esta p\u00e1gina ha sido traducida con Google. Disculpe cualquier error.<\/em><\/p>\n\n\n\n<figure class=\"wp-block-table\"><table class=\"has-fixed-layout\"><thead><tr><th>Audio<\/th><th>Im\u00e1genes<\/th><\/tr><\/thead><tbody><tr><td>[M\u00fasica]<br><br>Bienvenidos al tercer v\u00eddeo del m\u00f3dulo tres de la serie ABEJAS.<\/td><td>Logo ABEJAS frente a abejas mel\u00edferas arrastr\u00e1ndose sobre un panal que contiene cr\u00eda<br><br>T\u00edtulo: M\u00f3dulo 3.3 Enfermedades de la cr\u00eda de abejas mel\u00edferas<\/td><\/tr><tr><td>Las abejas se enferman por diferentes razones. Virus, bacterias, par\u00e1sitos, mala nutrici\u00f3n, estr\u00e9s ambiental y manejo inadecuado de la colmena.<\/td><td>Apicultor en un colmenar hablando a la c\u00e1mara<\/td><\/tr><tr><td>Estos factores debilitan su sistema inmunol\u00f3gico, haci\u00e9ndolas m\u00e1s susceptibles a enfermedades. <\/td><td>Abeja trepando en una flor morada<\/td><\/tr><tr><td>En este video les presentaremos las enfermedades que pueden tener las cr\u00edas de abejas mel\u00edferas y las se\u00f1ales que pueden observar.<\/td><td>Apicultor inspeccionando ambos lados de un panal<\/td><\/tr><tr><td>Por lo general, las enfermedades de la cr\u00eda involucran pat\u00f3genos bacterianos o f\u00fangicas que afectan directamente el desarrollo de las larvas y de las pupas, lo que genera se\u00f1ales visibles de enfermedad en la cr\u00eda.<\/td><td>Primer plano de un panal con pupas muertas desoperculadas y cr\u00eda normal operculada. El panal tiene un patr\u00f3n irregular y dentado indicando que los op\u00e9rculos fueron masticados<br><br>Abejas volando hacia la entrada de la colmena con una persona acerc\u00e1ndose al fondo<\/td><\/tr><tr><td>[M\u00fasica]<\/td><td>Logo ABEJAS sobre fondo rojo. Texto en pantalla: Cr\u00edas sanas y cr\u00edas enfermas<\/td><\/tr><tr><td>Antes de buscar cr\u00edas enfermas,  es importante aprender primero c\u00f3mo es la cr\u00eda sana. <\/td><td>Panal con celdas que contienen diversas etapas de abejas: larvas j\u00f3venes, larvas mayores y cr\u00eda operculada. Texto en pantalla: Cr\u00eda sana<\/td><\/tr><tr><td>Las larvas sanas son de color blanco perla, tienen forma de C y est\u00e1n depositadas en el fondo de las celdas.<\/td><td>Panal con celdas que contienen distintas etapas, incluidas larvas j\u00f3venes y mayores en grandes charcos de l\u00edquido. Texto en pantalla: Larvas sanas<\/td><\/tr><tr><td>Las pupas sanas est\u00e1n completamente cubiertas por op\u00e9rculo de cera que tiene forma de c\u00fapula y est\u00e1 seco. Las cr\u00edas suelen estar agrupadas por tama\u00f1os.<\/td><td>Panal con celdas que contienen abejas adultas, larvas j\u00f3venes, larvas mayores y cr\u00eda operculada. La cr\u00eda operculada est\u00e1 agrupada en conjuntos. Texto en pantalla: Pupas y larvas sanas<\/td><\/tr><tr><td>Deber\u00eda ver principalmente parches s\u00f3lidos de cr\u00eda<br>superpobladas con pocos espacios vac\u00edos. Para identificar cr\u00edas enfermas f\u00edjese en la ausencia de cr\u00edas sanas y luego examine m\u00e1s de cerca para determinar la causa del problema.<\/td><td>Panal con un patr\u00f3n amplio y uniforme de cr\u00eda operculada y abejas adultas. Texto en pantalla: Buen patr\u00f3n de cr\u00eda<\/td><\/tr><tr><td>Un patr\u00f3n de cr\u00eda deficiente donde hay muchos espacios vac\u00edos puede ser un indicador de una enfermedad en la cr\u00eda.<\/td><td>Apicultor inspeccionando panal; primer plano del panal con celdas operculadas dispersas y larvas encogidas en las celdas. Texto en pantalla: Patr\u00f3n de cr\u00eda deficiente con enfermedades<\/td><\/tr><tr><td>[M\u00fasica]<\/td><td>Logo ABEJAS sobre fondo rojo. Texto en pantalla: Cr\u00eda calc\u00e1rea (Cr\u00eda yesificada)<\/td><\/tr><tr><td>La cr\u00eda calc\u00e1rea es un pat\u00f3geno f\u00fangica que hace que las abejas se conviertan en momias de aspecto calc\u00e1reo. <\/td><td>Apicultor en un colmenar hablando a la c\u00e1mara<\/td><\/tr><tr><td>Puede encontrarlas en el fondo de la colmena, en la entrada frontal de las colmenas o incluso en el suelo frente a la colonia. Las abejas infectadas con este pat\u00f3geno est\u00e1n inundadas con las hifas del hongo.<\/td><td>Pinzas azules levantando pellets grises y blancos en la entrada de la colmena. Texto en pantalla: Cr\u00eda calc\u00e1rea (yesificada) en la entrada de la colmena<\/td><\/tr><tr><td>Cuando el hongo a\u00fan est\u00e1 creciendo, las pupas parecen bolitas blancas. <\/td><td>Pellet blanco sobre celdas del panal; aparece un c\u00edrculo rojo. Texto en pantalla: Aqu\u00ed el hongo todav\u00eda est\u00e1 creciendo<\/td><\/tr><tr><td>Cuando el hongo esporula, la momia es mayormente negra. Es m\u00e1s probable que este pat\u00f3geno se presente en \u00e1reas h\u00famedas.<\/td><td>Pellet gris oscuro sobre celdas del panal; aparece un c\u00edrculo rojo. Texto en pantalla: Aqu\u00ed el hongo ha esporulado<\/td><\/tr><tr><td>Puede hacer que la colonia se debilite, muestre signos de mala higiene o que disminuya su eficiencia de forrajeo. <\/td><td>Panal con cr\u00eda operculada; algunos op\u00e9rculos est\u00e1n retirados mostrando blanco debajo. Texto en pantalla: S\u00edntomas de cr\u00eda calc\u00e1rea (yesificada) bajo celdas operculadas<\/td><\/tr><tr><td>No hay tratamientos qu\u00edmicos para la cr\u00eda&nbsp;calc\u00e1rea&nbsp;o&nbsp;yesificada.<\/td><td>Panal con cr\u00eda abultada; pinzas azules sostienen un pellet gris. Texto en pantalla: Cr\u00eda calc\u00e1rea (yesificada) en una colonia con una reina que pone de z\u00e1nganos<\/td><\/tr><tr><td>Las recomendaciones generales son mantener las colonias en lugares con buen drenaje de agua y o aumentar la ventilaci\u00f3n en la colmena. Este pat\u00f3geno se distingue f\u00e1cilmente de los pat\u00f3genos virales o bacterianos que infectan la cr\u00eda, que es de lo que hablaremos a continuaci\u00f3n.<\/td><td>Primer plano de celdas hexagonales con larvas infectadas por cr\u00eda yesificada. Texto en pantalla: Mantener las colonias en lugares con buen drenaje de aque y\/o aumentar la ventilaci\u00f3n de la colmena<br><br>Texto en pantalla: Cr\u00eda calc\u00e1rea en celdas destapadas<\/td><\/tr><tr><td>[M\u00fasica]<\/td><td>Logo ABEJAS sobre fondo rojo. Texto en pantalla: Cr\u00eda ensacada <\/td><\/tr><tr><td>El virus de la cr\u00eda en cada causa enfermedad en las cr\u00edas en desarrollo se propaga. Se propaga cuando las abejas adultas ingieren alimento contaminado o extraen larvas infectadas de la colmena.<\/td><td>Apicultor en un colmenar hablando a la c\u00e1mara. Aparece imagen de larva sostenida con pinzas [Cr\u00e9dito: Rob Snyder, BIP]. Texto en pantalla: Virus de cr\u00eda ensacada<\/td><\/tr><tr><td>Las abejas adultas infectadas no muestran signos evidentes, pero las gl\u00e1ndulas y faringe productoras de alimento de las abejas j\u00f3venes pueden infectarse y pueden transmitir el virus a la cr\u00eda que alimenta.<\/td><td>Abejas arrastr\u00e1ndose sobre panal<\/td><\/tr><tr><td>Este virus debilita las colonias o puede llevar a la muerte de la colonia si la infecci\u00f3n es grave.<\/td><td>Larva blanca puntiaguda dentro de una celda; aparece un c\u00edrculo rojo. Texto en pantalla: Cr\u00eda ensacada<\/td><\/tr><tr><td>Los signos son m\u00e1s evidentes en las celdas de cr\u00eda reci\u00e9n op\u00e9rculo. Despu\u00e9s de que la larva se estira sobre su parte trasera. Las larvas reci\u00e9n muertas son de color blanco p\u00e1lido o amarillo, y se oscurecer\u00e1 hasta volverse negras con el tiempo.<\/td><td>Abeja inspeccionando larva puntiaguda en celda. Texto en pantalla: Signos del virus de la cr\u00eda ensacada. Observe tambi\u00e9n el pobre patr\u00f3n de cr\u00eda <\/td><\/tr><tr><td>Las larvas que han estado muertas por un tiempo se secan y se adhieren d\u00e9bilmente a la celda, creando una escama que se puede quitar f\u00e1cilmente. No hay tratamientos qu\u00edmicos para las colonias con cr\u00eda&nbsp;ensacada.<\/td><td>Larva puntiaguda en celda rodeada de cr\u00eda operculada y abejas adultas; aparece c\u00edrculo rojo [Cr\u00e9dito: Montana State University, Flenniken Lab]. Texto en pantalla: Cr\u00eda ensacada<\/td><\/tr><tr><td>Las recomendaciones generales son reemplazar la reina y o eliminar los panales de cr\u00eda infectados para reducir los niveles virales en la colonia.<\/td><td>Apicultor levantando tapa de una caja etiquetada &#8220;Live queen bees&#8221;, coloca una reina enjaulada entre dos cuadros. Texto en pantalla: Reemplace a la reina y\/o eliminar los panales de cr\u00eda infectados <\/td><\/tr><tr><td>[M\u00fasica]<\/td><td>Logo ABEJAS sobre fondo rojo. Texto en pantalla: Loque <\/td><\/tr><tr><td>La loque es una enfermedad bacteriana causada por dos especies diferentes de bacterias. La loque Americana (AFB por sus siglas en ingl\u00e9s) y la loque Europea (EFB por sus siglas en ingl\u00e9s).<\/td><td>Apicultor en un colmenar hablando a la c\u00e1mara<\/td><\/tr><tr><td>Hay dos maneras de distinguir entre las dos formas de la enfermedad. Las larvas infectadas por qu\u00e9 WFB normalmente mueren antes que las abejas op\u00e9rculo en la celda mientras que la cr\u00eda infectadas por AFB mueren despu\u00e9s de la colaci\u00f3n.<\/td><td>Aparece una lista con vi\u00f1etas y el presentador lee los temas<br>Im\u00e1genes de panales con cr\u00eda [Cr\u00e9dito: Rob Snyder, BIP]. Texto en pantalla: Loque americana (AFB), Loque europea (EFB)<\/td><\/tr><tr><td>La prueba de viscosidad es la prueba cl\u00e1sica de campo para determinar si la enfermedad es loque Americana (AFB) o loque Europea (EFB). Simplemente inserte un palillo de dientes en la celda con la larva o pupa muerta, revuelva la y s\u00e1quela de la celda. Sin forma una materia pegajosa y fibrosa entre el panal y la punta de su palillo entonces, casi con seguridad, es loque americana. Sin embargo, cuando una bacteria secundaria com\u00fanmente asociada con la loque Europea est\u00e1 presente, puede causar algo de viscosidad adicional, por loque esta prueba a veces puede ser poco confiable para diagnosticar claramente entre las dos enfermedades.<\/td><td>Apicultor insertando un palito en una celda; material amarillento y viscoso se estira al retirar el palito. Texto en pantalla: Prueba de viscosidad<br><br>Texto en pantalla: Observe los agujeros en las  op\u00e9rculos de las celdas de cr\u00eda<br><br>Texto en pantalla: La prueba en este ejemplo indica una probabilidad de positiva de AFB<\/td><\/tr><tr><td>La loque puede transmitirse con la esp\u00e1tula de la colmena as\u00ed que tenga cuidado para evitar propagar la loca americana entre las colonias. Esterilice su herramienta usando fuego y trabaje en las colonias enfermas al final.<\/td><td>Apicultor raspando residuos de una herramienta de colmena con otra y luego usando fuego para esterilizarla. <br><br>Texto en pantalla: Esterilice su herramienta y trabaje en las colonias enfermas al final<br><br>Texto en pantalla: Tenga cuidado; raspar la cera y usar en fuego puede que no todas las esporas<\/td><\/tr><tr><td>En las colmenas infectadas con AFB puede ver celdas con los op\u00e9rculo agujereados. Una pupa muere despu\u00e9s de ser operculada. Las abejas obreras pueden detectar que algo est\u00e1 mal y roer\u00e1n el op\u00e9rculo para investigar.<\/td><td>Apicultor en un colmenar hablando a la c\u00e1mara<br><br>Imagen de cr\u00eda operculada con perforaciones en op\u00e9rculos [Cr\u00e9dito: Stephen K. Repasky]. Texto en pantalla: AFB, celdas con agujeros en op\u00e9rculos<br><br>Imagen de cr\u00eda operculada con apariencia hundida y c\u00f3ncava [Cr\u00e9dito: Stephen K. Repasky]. Texto en pantalla: AFB, celdas hundidas<br><br>Imagen de cr\u00eda operculada con agujeros y op\u00e9rculos hundidos [Cr\u00e9dito: Maryann Frazier]. Texto en pantalla: AFB avanzada<\/td><\/tr><tr><td>La loque europea es causada por una bacteria llamada Melissococcus plutonius, pero seis o m\u00e1s especies bacterianas suelen estar presentes como invasores secundarios. Las larvas tienden a infectarse a una edad m\u00e1s temprana que las que tienen infecciones por AFB. La EFB se transmite de las abejas nodrizas a las larvas j\u00f3venes durante la alimentaci\u00f3n. <\/td><td>Panal con abejas, cr\u00eda operculada y larvas; algunas larvas est\u00e1n deformes con c\u00edrculos rojos. Primer plano de dos larvas deformes en celdas adyacentes. Texto en pantalla: Loque europea (EFB)<\/td><\/tr><tr><td>Los signos cl\u00e1sicos son larvas amarillas a marrones, torcidas y fl\u00e1cidas. Las infecciones bacterianas secundarias crean un olor f\u00e9tido.<\/td><td>Apicultor en un colmenar hablando a la c\u00e1mara<br><br>Imagen de larvas marrones [Cr\u00e9dito: Georgia Department of Agriculture]. Texto en pantalla: Loque europea (EFB)<\/td><\/tr><tr><td>Por lo general, se requiere un alto nivel de infecci\u00f3n para que los cuadros tengan un olor perceptible.<\/td><td>Apicultor inspeccionando un panal y acerc\u00e1ndolo a la nariz para oler<\/td><\/tr><tr><td>Una vez que se encuentra una colonia infectada con AFB, se debe controlar de inmediato. La AFB es una bacteria formadora de esporas y es altamente contagiosa. La forma m\u00e1s extrema y efectiva de lidiar con la AFB es quemar el equipo.<\/td><td>Apicultor llevando una caja de colmena y coloc\u00e1ndola en un barril met\u00e1lico. Un barril adyacente tiene una caja en llamas. Texto en pantalla: Controle inmediatamente la infecci\u00f3n una colonia con AFB <br><br>Vista m\u00e1s cercana de la colmena ardiendo en el barril. Texto en pantalla: Queme el equipo<\/td><\/tr><tr><td>Si no puede quemar el equipo infectado, utilice bolsas de basura gruesas. Coloque el panal infectado en doble bolsa y deseche. <\/td><td>Persona colocando dos cuadros en una bolsa de basura negra y amarr\u00e1ndola. Texto en pantalla: Controle inmediatamente la infecci\u00f3n una colonia con AFB. Utilice doble bolsa y deseche el equipo<\/td><\/tr><tr><td>Queme cualquier material de madera, (tapas la caja misma, etc\u00e9tera) con un quemador o un soplete de propano.<\/td><td>Persona usando un soplete para esterilizar una caja de colmena. Texto en pantalla: Queme material de madera<\/td><\/tr><tr><td>Trate las colonias en el apiario con antibi\u00f3ticos. No administre antibi\u00f3ticos a la colonia infectada con AFB sin deshacerse del equipo. <\/td><td>Tylan y az\u00facar en polvo. Texto en pantalla: Controle inmediatamente la infecci\u00f3n una colonia con AFB. Los antibi\u00f3ticos requierir una receta de un veterinario con licencia.<\/td><\/tr><tr><td>Las esporas de la AFB permanecen viables en el panal durante d\u00e9cadas y ser\u00e1n un problema recurrente. <\/td><td>Apicultores poniendo cajas de colmena en barriles met\u00e1licos<\/td><\/tr><tr><td>Aunque la EFB no forma esporas, las bacterias pueden permanecer en el equipo. Uno de los problemas de la EFB es que otras colonias de la zona pueden portar la enfermedad sin mostrar s\u00edntomas. Por lo tanto, limpiar una colonia y su equipo de colmena no garantiza que la enfermedad no vuelva a aparecer.<\/td><td>Seis tarimas de colmenas en formaci\u00f3n circular, apicultores trabajando. Texto en pantalla: Controle la EFB a nivel de apiario<\/td><\/tr><tr><td>Controle la EFB a nivel de apiario. Los antibi\u00f3ticos son efectivos para tratar las colonias con la enfermedad.<\/td><td>Persona espolvoreando polvo blanco sobre los cuadros con una cuchara medidora. Texto en pantalla: Controle EFB a nivel de apiario; los antibi\u00f3ticos son eficaces<\/td><\/tr><tr><td>Controlar todas estas enfermedades requiere comprender sus signos espec\u00edficos, ciclos de vida y c\u00f3mo aplicar tratamientos o intervenciones dirigidas para mantener la salud de la colonia.<\/td><td>Panal con celdas de polen y varias etapas de larvas, pupas y abejas adultas<\/td><\/tr><tr><td>Ahora que hemos cubierto las enfermedades de la cr\u00eda, concluiremos este m\u00f3dulo con las  enfermedades de los adultos en el pr\u00f3ximo video.<\/td><td>Apicultor en un colmenar hablando a la c\u00e1mara<br><br>Logo ABEJAS, lista del \u00faltimo video y logo @wsubeeprogram en YouTube aparece<\/td><\/tr><tr><td>[M\u00fasica]<\/td><td>Primer plano de larvas dentro de celdas hexagonales<br><br>Superposici\u00f3n de logotipos del Programa de Abejas de WSU, Washington State University, Wonderstone Films, USDA, Project Apis m, Miller Honey Farms y University of Minnesota Extension<br><br>Aparece una lista de personas involucradas en el desarrollo del v\u00eddeo<\/td><\/tr><tr><td>Si les gust\u00f3 este video, no olviden en suscribirse y dejarnos los comentarios aqu\u00ed debajo cont\u00e1ndonos qu\u00e9 otros temas les gustar\u00eda que habl\u00e1ramos en un futuro.<\/td><td>Hombre cierra la puerta del cami\u00f3n y se gira hacia la c\u00e1mara<\/td><\/tr><\/tbody><\/table><\/figure>\n","protected":false},"excerpt":{"rendered":"<p>Transcripci\u00f3n del texto con descripci\u00f3n de las im\u00e1genes Esta p\u00e1gina ha sido traducida con Google. Disculpe cualquier error. Audio Im\u00e1genes [M\u00fasica] Bienvenidos al tercer v\u00eddeo del m\u00f3dulo tres de la serie ABEJAS. Logo ABEJAS frente a abejas mel\u00edferas arrastr\u00e1ndose sobre un panal que contiene cr\u00eda T\u00edtulo: M\u00f3dulo 3.3 Enfermedades de la cr\u00eda de abejas mel\u00edferas [&hellip;]<\/p>\n","protected":false},"author":8511,"featured_media":0,"parent":21,"menu_order":0,"comment_status":"closed","ping_status":"closed","template":"","meta":[],"categories":[10],"tags":[],"_links":{"self":[{"href":"https:\/\/cahnrs.wsu.edu\/descriptive-transcripts\/wp-json\/wp\/v2\/pages\/888"}],"collection":[{"href":"https:\/\/cahnrs.wsu.edu\/descriptive-transcripts\/wp-json\/wp\/v2\/pages"}],"about":[{"href":"https:\/\/cahnrs.wsu.edu\/descriptive-transcripts\/wp-json\/wp\/v2\/types\/page"}],"author":[{"embeddable":true,"href":"https:\/\/cahnrs.wsu.edu\/descriptive-transcripts\/wp-json\/wp\/v2\/users\/8511"}],"replies":[{"embeddable":true,"href":"https:\/\/cahnrs.wsu.edu\/descriptive-transcripts\/wp-json\/wp\/v2\/comments?post=888"}],"version-history":[{"count":13,"href":"https:\/\/cahnrs.wsu.edu\/descriptive-transcripts\/wp-json\/wp\/v2\/pages\/888\/revisions"}],"predecessor-version":[{"id":1114,"href":"https:\/\/cahnrs.wsu.edu\/descriptive-transcripts\/wp-json\/wp\/v2\/pages\/888\/revisions\/1114"}],"up":[{"embeddable":true,"href":"https:\/\/cahnrs.wsu.edu\/descriptive-transcripts\/wp-json\/wp\/v2\/pages\/21"}],"wp:attachment":[{"href":"https:\/\/cahnrs.wsu.edu\/descriptive-transcripts\/wp-json\/wp\/v2\/media?parent=888"}],"wp:term":[{"taxonomy":"category","embeddable":true,"href":"https:\/\/cahnrs.wsu.edu\/descriptive-transcripts\/wp-json\/wp\/v2\/categories?post=888"},{"taxonomy":"post_tag","embeddable":true,"href":"https:\/\/cahnrs.wsu.edu\/descriptive-transcripts\/wp-json\/wp\/v2\/tags?post=888"}],"curies":[{"name":"wp","href":"https:\/\/api.w.org\/{rel}","templated":true}]}}