{"id":889,"date":"2026-02-13T13:40:56","date_gmt":"2026-02-13T21:40:56","guid":{"rendered":"https:\/\/cahnrs.wsu.edu\/descriptive-transcripts\/?page_id=889"},"modified":"2026-03-13T15:53:30","modified_gmt":"2026-03-13T22:53:30","slug":"otros-parasitos-plagas-y-depredadores-abejas-modulo-3-2","status":"publish","type":"page","link":"https:\/\/cahnrs.wsu.edu\/descriptive-transcripts\/extension\/otros-parasitos-plagas-y-depredadores-abejas-modulo-3-2\/","title":{"rendered":"Otros par\u00e1sitos, plagas y depredadores (ABEJAS M\u00f3dulo 3.2)"},"content":{"rendered":"\n<figure class=\"wp-block-embed is-type-video is-provider-youtube wp-block-embed-youtube wp-embed-aspect-16-9 wp-has-aspect-ratio\"><div class=\"wp-block-embed__wrapper\">\n<iframe loading=\"lazy\" title=\"Otros par\u00e1sitos, plagas y depredadores (ABEJAS M\u00f3dulo 3.2)\" width=\"500\" height=\"281\" src=\"https:\/\/www.youtube.com\/embed\/1kld1yw5wIY?feature=oembed\" frameborder=\"0\" allow=\"accelerometer; autoplay; clipboard-write; encrypted-media; gyroscope; picture-in-picture; web-share\" referrerpolicy=\"strict-origin-when-cross-origin\" allowfullscreen><\/iframe>\n<\/div><\/figure>\n\n\n\n<h2 class=\"wp-block-heading\">Transcripci\u00f3n del texto con descripci\u00f3n de las im\u00e1genes<\/h2>\n\n\n\n<p><em>Esta p\u00e1gina ha sido traducida con Google. Disculpe cualquier error.<\/em><\/p>\n\n\n\n<figure class=\"wp-block-table\"><table class=\"has-fixed-layout\"><thead><tr><th>Audio<\/th><th>Im\u00e1genes<\/th><\/tr><\/thead><tbody><tr><td>[M\u00fasica]<br><br>Bienvenidos al v\u00eddeo dos del m\u00f3dulo tres de la serie<br>ABEJAS.<\/td><td>Logo ABEJAS frente a una avispa amarilla comiendo larvas de abeja en un panal<br><br>T\u00edtulo: M\u00f3dulo 3.2 Otros par\u00e1sitos, plagas y depredadores<\/td><\/tr><tr><td>Las abejas mel\u00edferas pueden identificar muchos intrusos y evitar que entren en su colmena pero en ocasiones sus defensas no son suficientes. <\/td><td>Avispa amarilla comiendo larvas de abeja en un panal<br><br>Primer plano de una abeja mel\u00edfera<\/td><\/tr><tr><td>Los par\u00e1sitos, las plagas y los depredadores que atacan a las abejas<br>mel\u00edferas son muy variados. <\/td><td>Apicultor en un colmenar hablando a la c\u00e1mara<\/td><\/tr><tr><td> Si bien acabamos de hablar de uno de los par\u00e1sitos m\u00e1s perjudiciales como la varroa, existen otros par\u00e1sitos que pueden impactar negativamente a las colonias de abejas.<\/td><td>Abejas mel\u00edferas entrando a la piquera<\/td><\/tr><tr><td>Este m\u00f3dulo dar\u00e1 una visi\u00f3n general de otros par\u00e1sitos, plagas y depredadores que las abejas mel\u00edferas se encuentran.<\/td><td>Apicultor en un colmenar hablando a la c\u00e1mara<\/td><\/tr><tr><td>[M\u00fasica]<\/td><td>Logo ABEJAS sobre fondo rojo. Texto en pantalla: Plagas dentro de la colmena: \u00c1caros traqueales<\/td><\/tr><tr><td>Los \u00e1caros traqueales llegaron a Estados Unidos desde Europa<br>y fueron un gran problema para los apicultores de los Estados Unidos en los a\u00f1os 70 y 80.<\/td><td>Apicultor en un colmenar hablando a la c\u00e1mara. Aparece imagen de un \u00e1caro microsc\u00f3pico [Imagen acreditada: Pavel Klimov, USDA-APHIS]. Texto en pantalla: \u00c1caro traqueal<\/td><\/tr><tr><td>Gracias al trabajo de diagn\u00f3stico realizado por el programa de abejas de WSU y otros laboratorios, la presencia de \u00e1caros traqueales relativamente rara y se controla de manera pasiva mediante la aplicaci\u00f3n de acariciadas dirigidos para el control<br>de la varroosis o varroa.<\/td><td>Apicultor colocando un acaricida en una colmena. Texto en pantalla: Los acaricidas que controlan varroa tambi\u00e9n pueden controlar los \u00e1caros traqueales<\/td><\/tr><tr><td>Los \u00e1caros traqueales ingresan a los orificios respiratorios llamados espir\u00e1culo en el cuerpo de una abeja adulta la proximidad entre abejas favorece la transmisi\u00f3n. Cuando la infecci\u00f3n en una abeja se agrava, los conductos respiratorios llamados tr\u00e1quea se llenan de \u00e1caros microsc\u00f3picos y las abejas no pueden respirar bien. Como resultado, las abejas no reciben suficiente ox\u00edgeno en sus m\u00fasculos y no pueden volar, de ah\u00ed el nombre de enfermedad rastrera.<\/td><td>Apicultor en un colmenar hablando a la c\u00e1mara<br><br>Aparece imagen de una abeja. L\u00edneas rojas conectan a trav\u00e9s del cuerpo para mostrar el sistema respiratorio. Texto en pantalla: Los espir\u00e1culos se encuentran en el t\u00f3rax y abdomen de las abejas adultas<br><br>Imagen de una abeja decapitada con dos tr\u00e1queas expuestas. Flechas rojas apuntan a las tr\u00e1queas. [Imagen acreditada: Z. Huang] Texto en pantalla: Una tr\u00e1quea saludable (izquierda) y una tr\u00e1quea infectada con \u00e1caros (derecha)<br><br>Imagen microsc\u00f3pica de tr\u00e1quea de abeja con varios \u00e1caros en su interior. [Imagen acreditada: USDA] Texto en pantalla: Vista microsc\u00f3pica de \u00e1caros traqueales en una abeja mel\u00edfera<\/td><\/tr><tr><td>Aunque la ocurrencia de \u00e1caros traqueales relativamente poco frecuente hoy en d\u00eda, sigue muchas abejas arrastr\u00e1ndose alrededor de la entrada de la colmena o sobre la base. Podr\u00eda deberse a una infestaci\u00f3n de \u00e1caros traqueales.<\/td><td>Abeja arrastr\u00e1ndose en el pasto. Texto en pantalla: Esta abeja no puede volar.Est\u00e1 arrastra por la hierba intentando llegar a la entrada de la colmena<\/td><\/tr><tr><td>[M\u00fasica]<\/td><td>Logo ABEJAS sobre fondo rojo. Texto en pantalla: Plagas dentro de la colmena: Escarabajo peque\u00f1o de la colmena<\/td><\/tr><tr><td>Los peque\u00f1os escarabajos de la colmena han sido una plaga com\u00fan de las abejas mel\u00edferas en los Estados Unidos desde principios de la d\u00e9cada del 2000. Estos escarabajos consumen miel, polen, cera, abejas de desarrollo, abejas muertas e incluso pueden enga\u00f1ar a las abejas para que los alimenten directamente.<\/td><td>Panal lleno de larvas arrastr\u00e1ndose y baba viscosa. Escarabajos arrastr\u00e1ndose sobre el panal resbaladizo. Texto en pantalla: Escarabajos peque\u00f1os de la colmena en la colmena<\/td><\/tr><tr><td>Las larvas de estos escarabajos transportan una levadura que fermenta la miel, lo que puede llevar a que las abejas<br>abandonen la colmena y el apicultor pierda su cosecha de miel. Las colonias en regiones c\u00e1lidas y h\u00famedas son m\u00e1s propensas<br>a problemas con los escarabajos.<\/td><td>Larva arrastr\u00e1ndose sobre panal con miel almacenada que se ve brillante y desordenada. Larvas y escarabajos arrastr\u00e1ndose en un panal viscoso. Texto en pantalla: Miel arruinada por larvas del escarabajos peque\u00f1o de la colmena<\/td><\/tr><tr><td>La mejor defensa contra los peque\u00f1os escarabajos de la colmena es mantener colonias fuertes y apiario limpias.<\/td><td>Apicultor en un colmenar hablando a la c\u00e1mara<\/td><\/tr><tr><td>Puede prevenir infestaciones retirando las colmenas muertas o las cajas no protegidas de panales de miel y polen en su apiario.<\/td><td>Apicultor moviendo cajas de colmena a una pila de otras cajas. Texto en pantalla: Retire las colonias muertas o las cajas no protegidas de panales de miel y polen en su apiario<\/td><\/tr><tr><td>Evite esparcir cera sobrante cerca de las colmenas.<\/td><td>Apicultor recogiendo cera sobrante retirada durante inspecciones (panal de rebaba) de tapas de colmena y coloc\u00e1ndola en una bolsa de basura. Texto en pantalla: Evite dejar cera sobrante cerca de las colmenas<\/td><\/tr><tr><td>Coloque las colmenas en \u00e1reas soleado, parcial o total, ya que los escarabajos adultos prefieren lugares a la sombra. <\/td><td>Diez colmenas al sol con abejas volando. Texto en pantalla: Coloque las colonias en \u00e1reas con sol parcial o total<\/td><\/tr><tr><td>Otras pr\u00e1cticas \u00fatiles incluyen combinar colonias d\u00e9biles.<\/td><td>Apicultor inspeccionando ambos lados de un panal. Texto en pantalla: Combine colonias d\u00e9biles<\/td><\/tr><tr><td>Mantener a las colonias con reina. <\/td><td>Apicultor colocando una reina enjaulada entre dos cuadros. Texto en pantalla: Siempre tenga reinas en las colonias <\/td><\/tr><tr><td>Proporcionar cantidades menores de tortas de polen en \u00e1reas con alta presi\u00f3n de escarabajos &#8230;<\/td><td>Larvas y escarabajos del escarabajo peque\u00f1o sobre una gran torta de polen. Apicultor usando herramienta de colmena para partir una nueva torta en dos. Texto en pantalla: Proporcione porciones m\u00e1s peque\u00f1as de suplemento de polen<\/td><\/tr><tr><td>&#8230; y no dar a las abejas m\u00e1s espacio en la colmena del que necesitan.<\/td><td>Varios cuadros apilados verticalmente junto a una caja. Texto en pantalla: No le de a las abejas m\u00e1s espacio en la colmena del que  necesitan<\/td><\/tr><tr><td>Inspeccione el equipo para detectar da\u00f1os causados por escarabajo santes de usarlo en otros apiarios. <\/td><td>Montacargas moviendo tarimas cerca de equipo almacenado. Texto en pantalla: Inspeccione el equipo para detectar da\u00f1os causados por escarabajos<\/td><\/tr><tr><td>Existen varias trampas disponibles para capturar el peque\u00f1o escarabajo de la colmena, como las que se colocan dentro de la colmena o alrededor del apiario. Estas trampas ayudan a reducir el n\u00famero de escarabajos. <\/td><td>Persona colocando una trampa negra entre dos cuadros. Persona sosteniendo una trampa con l\u00edquido y escarabajos muertos. Texto en pantalla: Trampa para peque\u00f1o escarabajo<\/td><\/tr><tr><td>Hay insecticidas registrados para su uso, pero deben aplicarse con precauci\u00f3n siguiendo las instrucciones del fabricante para evitar da\u00f1ar a las abejas o contaminar la miel. <\/td><td>Escarabajos muertos dentro de la trampa. Texto en pantalla: Utilice insecticidas con precauci\u00f3n y siga las instrucciones<\/td><\/tr><tr><td>[M\u00fasica]<\/td><td>Logo ABEJAS sobre fondo rojo. Texto en pantalla: Plagas dentro de la colmena: Polillas de la cera<\/td><\/tr><tr><td>Las polillas de la cera pueden causar da\u00f1os significativos a las colmenas y a los equipos almacenados. <\/td><td>Apicultor en un colmenar hablando a la c\u00e1mara<\/td><\/tr><tr><td>Las larvas de estas polillas se alimentan de la cera de las abejas, la miel y a veces de las larvas de la abeja. Al alimentarse, destruyen la estructura de los panales, que es crucial para la cr\u00eda de las abejas y el almacenamiento de miel. Producen telara\u00f1a de seda y crean t\u00faneles dentro de los panales. Estas telara\u00f1as pueden obstruir las actividades normales de las abejas.<\/td><td>Apicultor levantando un cuadro almacenado lleno de telara\u00f1as blancas. Texto en pantalla: Polillas de la cera<\/td><\/tr><tr><td>Los signos de infestaci\u00f3n incluyen la presencia de telara\u00f1as de seda en los panales o dentro de la colmena.<\/td><td>Primer plano de un panal lleno de telara\u00f1as blancas. Texto en pantalla: Telara\u00f1as de seda en los panales o dentro de la colmena <\/td><\/tr><tr><td>Agujeros y t\u00faneles en el panal, donde las larvas se han estado alimentando. Heces oscuras y granulares en los panales o en la colmena.<\/td><td>Primer plano de panal lleno de telara\u00f1as con larvas movi\u00e9ndose por la cera. C\u00edrculo rojo aparece alrededor de las larvas. Texto en pantalla: Agujeros y t\u00faneles en el panal<br><br>Panal volteado para mostrar el otro lado. C\u00edrculo rojo sobre residuos. Texto en pantalla: Heces oscuras y granulares<\/td><\/tr><tr><td>Celdas de cr\u00eda destapadas donde las cabezas de las pupas est\u00e1n expuestas en una l\u00ednea. Un material fino parecido al aserr\u00edn<br>proveniente de las larvas al masticar la cera.<\/td><td>Telara\u00f1as y residuos cerca de la parte superior del panal. Texto en pantalla: Material fino y polillas adultas<\/td><\/tr><tr><td>Las colonias fuertes son la mejor defensa contra la polillas de la cera, ya que las abejas defender\u00e1n su espacio. <\/td><td>Abejas en la entrada de la colmena<\/td><\/tr><tr><td>Desh\u00e1gase de los panales da\u00f1ados por las polillas y retire las colonias muertas del apiario. <\/td><td>Persona colocando cuadros en una bolsa negra. Texto en pantalla: Desh\u00e1gase de los panales da\u00f1ados <\/td><\/tr><tr><td>Los marcos con polilla se pueden congelar de 24 a 48 horas para matar los huevos o las larvas de polillas presentes. <\/td><td>Panal con canales de telara\u00f1as blancas. Texto en pantalla: Los marcos con polilla se pueden congelar de 24 a 48 horas para matar huevos o las larvas<\/td><\/tr><tr><td>Almacenar los marcos y panales vac\u00edos en recipientes sellados o en un ambiente fr\u00edo puede evitar infestaciones en el equipo almacenado.<\/td><td>Apicultor en un colmenar hablando a la c\u00e1mara<\/td><\/tr><tr><td>El p\u00e1ramo de cloro benceno es un repelente qu\u00edmico registrado<br>que se puede usar como repelente si la polilla ya est\u00e1 presente en los panales con f\u00f3sforo de aluminio. <\/td><td>Envase de insecticida Paramoth. Apicultor leyendo la etiqueta. Apicultor con guantes y gafas coloca Paramoth en un plato y lo pone bajo cajas almacenadas.<\/td><\/tr><tr><td>Esto eliminar\u00e1 todas las larvas y polillas adultas. Sin embargo, este pesticida de uso restringido debe usarse con mucha precauci\u00f3n y siempre de acuerdo a las instrucciones de la etiqueta.<\/td><td>Envase de pesticida Weevil-cide fosfuro de aluminio. Apicultor cerrando una puerta con letrero \u201cPeligro, Bajo fumigaci\u00f3n con fosfina\u201d.<\/td><\/tr><tr><td>[M\u00fasica]<\/td><td>Logo ABEJAS sobre fondo rojo. Texto en pantalla: Plagas fuera de la colmena: avispas amarillas<\/td><\/tr><tr><td>No todas las avispas representan una amenaza para las colonias de abejas, pero algunas son depredadoras carn\u00edvoras que pueden matarlas y robar miel.<\/td><td>Apicultor en un colmenar hablando a la c\u00e1mara<\/td><\/tr><tr><td>Aprendan a identificar las diferencias f\u00edsicas entre las abejas y las avispas o avispones para detectar problemas. <\/td><td>Primer plano de una avispa amarilla y una abeja mel\u00edfera (abajo). Texto en pantalla: Avispa amarilla, abeja mel\u00edfera<\/td><\/tr><tr><td>Una de las avispas depredadoras m\u00e1s comunes son las avispas amarillas. Estas avispas suelen ser confundidas con las abejas debido a su tama\u00f1o y patr\u00f3n de coloraci\u00f3n con franjas amarillas y negras.<\/td><td>Avispa amarilla y pos\u00e1ndose en la entrada de la colmena. Avispa en el panal, aparece c\u00edrculo rojo. Texto en pantalla: Avispas amarillas<\/td><\/tr><tr><td>Sin embargo, las avispas amarillas son m\u00e1s agresivas y tienen un color amarillo m\u00e1s brillante.<\/td><td>Avispas amarillas larvas de abeja en un panal. Texto en pantalla: Una avispa amarilla cr\u00eda de abeja mel\u00edfera<\/td><\/tr><tr><td>Durante ciertas \u00e9pocas del a\u00f1o. Cuando las avispas amarillas<br>son m\u00e1s abundantes, es probable que las vea atacando y devorando abejas. Son carn\u00edvoras y se alimentan de otros insectos para dar prote\u00ednas a sus larvas, pero tambi\u00e9n las atraen los carbohidratos, como el jarabe de az\u00facar.<\/td><td>Avispa amarilla una abeja adulta sobre el panal. Texto en pantalla: Avispa amarilla comiendo una abeja <\/td><\/tr><tr><td>Las avispas amarillas suelen anidar bajo la tierra. <\/td><td>Avispas amarillas restos de jarabe seco sobre la tapa de la colmena. Texto en pantalla: Avispas amarillas comiendo az\u00facar<\/td><\/tr><tr><td>Solo la reina sobrevive al invierno. Al elegir un lugar para crear el nido y luego produce obreras a principios del verano.<\/td><td>Avispas amarillas de un agujero en el suelo. Texto en pantalla: Nido de avispas amarillas<\/td><\/tr><tr><td>Controlar la cantidad de nido cerca de un apiario puede ayudar a reducir las infestaciones. Colocar trampas para estas avispas<br>a principios de primavera pueden eliminar a una reina antes de que forme un nido prol\u00edfico.<\/td><td>Apicultor colgando una trampa amarilla en un \u00e1rbol. Avispas muertas dentro. Texto en pantalla: Use trampas para avispas amarillas<\/td><\/tr><tr><td>[M\u00fasica]<\/td><td>Logo ABEJAS sobre fondo rojo. Texto en pantalla: Plagas fuera de la colmena: Mam\u00edferos<\/td><\/tr><tr><td>Los mam\u00edferos pueden causar da\u00f1os directos o indirectos a las abejas de una colonia de abejas mel\u00edferas y a la colmena en la que viven.<\/td><td>Apicultor en un colmenar hablando a la c\u00e1mara<\/td><\/tr><tr><td>Los peque\u00f1os roedores, como los ratones, pueden invadir las colmenas en busca de refugio o calor, lo que provoca estr\u00e9s en la abejas y da\u00f1a la colmena al roer o ensuciar los marcos.<\/td><td>Bloque de madera peque\u00f1o empujado hacia la entrada de la colmena. Texto en pantalla: Los reductores de entrada pueden ayudar a mantener a los peque\u00f1os mam\u00edferos fuera de la colmena<\/td><\/tr><tr><td>Los mam\u00edferos pueden acercarse a atrapar abejas o comer miel. Los osos son conocidos por entrar en las colmenas para alimentarse tanto de miel como de cr\u00edas de abejas.<\/td><td>Oso cavando en campo de pasto seco. Imagen de oso trepando estructura que contiene una colmena. Texto en pantalla: Un oso muy decidido<\/td><\/tr><tr><td>Pueden causar da\u00f1os importantes a las colonias y a las colmenas<br>en su b\u00fasqueda de alimento. Algunos mam\u00edferos, como zorrillos, tejones o mapaches, tambi\u00e9n pueden asaltar las colmenas<br>en busca de miel y cr\u00edas de abejas.<\/td><td>Pila de cuadros y cajas volcadas. Texto en pantalla: Colmenas da\u00f1ados por osos<\/td><\/tr><tr><td>Los zorrillos son especialmente problem\u00e1ticos porque suelen acercarse a las colmenas por la noche y pueden usar sus fuertes garras para abrir las cajas de las colmenas. Los zorrillos tambi\u00e9n se sientan fuera de una colmena y la raspan para atraer a las abejas y com\u00e9rselas. <\/td><td>Video en blanco y negro de una mofeta revisando una colmena por la noche [Im\u00e1genes acreditadas: Frederick Dunn]<\/td><\/tr><tr><td>Proteger las colmenas de los mam\u00edferos suele implicar el uso de barreras como cercas el\u00e9ctricas, elevar las cajas de las colmenas o emplear otros m\u00e9todos de disuasi\u00f3n para minimizar el impacto que estos depredadores tienen sobre las colonias y los equipos.<\/td><td>Apicultor instalando cerca el\u00e9ctrica<\/td><\/tr><tr><td>El control de plagas es vital para mantener colonias de abejas saludables. Garantizar una producci\u00f3n abundante de miel apoya la viabilidad econ\u00f3mica y preservar el papel ecol\u00f3gico de las abejas.<\/td><td>Abeja en una flor amarilla<\/td><\/tr><tr><td>Las pr\u00e1cticas eficaces de control de par\u00e1sitos, plagas y depredadores ayudan a los apicultores a mantener colonias de abejas fuertes y productivas.<\/td><td>Apicultor en un colmenar hablando a la c\u00e1mara<br><br>Logo ABEJAS, lista de dos pr\u00f3ximos videos y logo de YouTube @wsubeeprogram aparece<\/td><\/tr><tr><td>[M\u00fasica]<\/td><td>Abejas mel\u00edferas arrastr\u00e1ndose hacia la entrada de la colmena<br><br>Superposici\u00f3n de los logotipos del Programa de Abejas de WSU, Washington State University, Wonderstone Films, Departamento de Agricultura de los Estados Unidos, Project Apis m, Miller Honey Farms y University of Minnesota Extension<br><br>Aparece una lista de personas involucradas en el desarrollo del v\u00eddeo<\/td><\/tr><tr><td>Si les gust\u00f3 este v\u00eddeo no olviden en suscribirse y dejarnos los comentarios aqu\u00ed debajo cont\u00e1ndonos qu\u00e9 otros temas les gustar\u00eda que habl\u00e1ramos en un futuro.<\/td><td>Hombre cierra la puerta del cami\u00f3n y se gira hacia la c\u00e1mara<\/td><\/tr><\/tbody><\/table><\/figure>\n","protected":false},"excerpt":{"rendered":"<p>Transcripci\u00f3n del texto con descripci\u00f3n de las im\u00e1genes Esta p\u00e1gina ha sido traducida con Google. Disculpe cualquier error. Audio Im\u00e1genes [M\u00fasica] Bienvenidos al v\u00eddeo dos del m\u00f3dulo tres de la serieABEJAS. Logo ABEJAS frente a una avispa amarilla comiendo larvas de abeja en un panal T\u00edtulo: M\u00f3dulo 3.2 Otros par\u00e1sitos, plagas y depredadores Las abejas [&hellip;]<\/p>\n","protected":false},"author":8511,"featured_media":0,"parent":21,"menu_order":0,"comment_status":"closed","ping_status":"closed","template":"","meta":[],"categories":[10],"tags":[],"_links":{"self":[{"href":"https:\/\/cahnrs.wsu.edu\/descriptive-transcripts\/wp-json\/wp\/v2\/pages\/889"}],"collection":[{"href":"https:\/\/cahnrs.wsu.edu\/descriptive-transcripts\/wp-json\/wp\/v2\/pages"}],"about":[{"href":"https:\/\/cahnrs.wsu.edu\/descriptive-transcripts\/wp-json\/wp\/v2\/types\/page"}],"author":[{"embeddable":true,"href":"https:\/\/cahnrs.wsu.edu\/descriptive-transcripts\/wp-json\/wp\/v2\/users\/8511"}],"replies":[{"embeddable":true,"href":"https:\/\/cahnrs.wsu.edu\/descriptive-transcripts\/wp-json\/wp\/v2\/comments?post=889"}],"version-history":[{"count":9,"href":"https:\/\/cahnrs.wsu.edu\/descriptive-transcripts\/wp-json\/wp\/v2\/pages\/889\/revisions"}],"predecessor-version":[{"id":1118,"href":"https:\/\/cahnrs.wsu.edu\/descriptive-transcripts\/wp-json\/wp\/v2\/pages\/889\/revisions\/1118"}],"up":[{"embeddable":true,"href":"https:\/\/cahnrs.wsu.edu\/descriptive-transcripts\/wp-json\/wp\/v2\/pages\/21"}],"wp:attachment":[{"href":"https:\/\/cahnrs.wsu.edu\/descriptive-transcripts\/wp-json\/wp\/v2\/media?parent=889"}],"wp:term":[{"taxonomy":"category","embeddable":true,"href":"https:\/\/cahnrs.wsu.edu\/descriptive-transcripts\/wp-json\/wp\/v2\/categories?post=889"},{"taxonomy":"post_tag","embeddable":true,"href":"https:\/\/cahnrs.wsu.edu\/descriptive-transcripts\/wp-json\/wp\/v2\/tags?post=889"}],"curies":[{"name":"wp","href":"https:\/\/api.w.org\/{rel}","templated":true}]}}