{"id":890,"date":"2026-02-13T15:07:52","date_gmt":"2026-02-13T23:07:52","guid":{"rendered":"https:\/\/cahnrs.wsu.edu\/descriptive-transcripts\/?page_id=890"},"modified":"2026-03-13T15:54:35","modified_gmt":"2026-03-13T22:54:35","slug":"varroa-destructor-abejas-modulo-3-1","status":"publish","type":"page","link":"https:\/\/cahnrs.wsu.edu\/descriptive-transcripts\/extension\/varroa-destructor-abejas-modulo-3-1\/","title":{"rendered":"Varroa destructor (ABEJAS M\u00f3dulo 3.1)"},"content":{"rendered":"\n<figure class=\"wp-block-embed is-type-video is-provider-youtube wp-block-embed-youtube wp-embed-aspect-16-9 wp-has-aspect-ratio\"><div class=\"wp-block-embed__wrapper\">\n<iframe loading=\"lazy\" title=\"Varroa destructor (ABEJAS M\u00f3dulo 3.1)\" width=\"500\" height=\"281\" src=\"https:\/\/www.youtube.com\/embed\/X2ativI0IWo?feature=oembed\" frameborder=\"0\" allow=\"accelerometer; autoplay; clipboard-write; encrypted-media; gyroscope; picture-in-picture; web-share\" referrerpolicy=\"strict-origin-when-cross-origin\" allowfullscreen><\/iframe>\n<\/div><\/figure>\n\n\n\n<h2 class=\"wp-block-heading\">Transcripci\u00f3n del texto con descripci\u00f3n de las im\u00e1genes<\/h2>\n\n\n\n<p><em>Esta p\u00e1gina ha sido traducida con Google. Disculpe cualquier error.<\/em><\/p>\n\n\n\n<figure class=\"wp-block-table\"><table class=\"has-fixed-layout\"><thead><tr><th>Audio<\/th><th>Im\u00e1genes<\/th><\/tr><\/thead><tbody><tr><td>[M\u00fasica]<br><br>Bienvenidos al tercer m\u00f3dulo de la serie ABEJAS.<\/td><td>Logo ABEJAS frente a un \u00e1caro rojo sobre una pupa de abeja mel\u00edfera<br><br>T\u00edtulo: M\u00f3dulo 3.1 Varroa destructor<\/td><\/tr><tr><td>En este m\u00f3dulo aprender\u00e1 sobre los par\u00e1sitos, las plagas, los depredadores y los pat\u00f3genos de las abejas mel\u00edferas que pueden ser perjudiciales para las colonias de abejas.<\/td><td>Apicultor en un colmenar hablando a la c\u00e1mara<\/td><\/tr><tr><td>Es fundamental conocer estos enemigos para proteger la salud<br>y la productividad de sus colonias. Comencemos. Primero hablaremos del par\u00e1sito m\u00e1s significativo. El enemigo n\u00famero uno, Varroa destructor. Para abreviar, a este \u00e1caro le llamaremos Varroa.<\/td><td>Dos \u00e1caros rojos sobre una pupa de abeja mel\u00edfera. Texto en pantalla: Varroa destructor<\/td><\/tr><tr><td>Este video le presentar\u00e1 el ciclo de vida, su comportamiento<br>y los m\u00e9todos de manejo disponibles. La Varroa es un \u00e1caro parasitario altamente problem\u00e1tico que representa una amenaza significativa para las poblaciones de las abejas mel\u00edferas en todo el mundo.<\/td><td>Apicultor en un colmenar hablando a la c\u00e1mara<br><br>Aparece un gr\u00e1fico<br>T\u00edtulo: Artr\u00f3podos<br>Texto: Crust\u00e1ceos; imagen de un cangrejo y un camar\u00f3n<br>Texto: Ar\u00e1cnidos; imagen de un escorpi\u00f3n y un \u00e1caro [destacado en rojo]<br>Texto: Insectos; imagen de una catarina y una abeja<\/td><\/tr><tr><td>Este \u00e1caro se adhiere a las abejas y se alimenta de sus fluidos corporales, debilit\u00e1ndola y transmiti\u00e9ndole virus da\u00f1inos. El impacto en la colonia de abejas puede ser severo, dando lugar a colonias debilitada, reducci\u00f3n de la producci\u00f3n de miel e incluso a la muerte de la colonia. <\/td><td>\u00c1caro rojo sobre abeja adulta<br><br>\u00c1caro rojo sobre abeja vellosa en panal<br><br>Abejas mel\u00edferas arrastr\u00e1ndose sobre un panal<\/td><\/tr><tr><td>El ciclo de vida de la Varroa incluye una fase de dispersi\u00f3n, a veces llamada fase fon\u00e9tica y una fase reproductiva.<\/td><td>Apicultor en un colmenar hablando a la c\u00e1mara. Aparece gr\u00e1fico del ciclo de vida del Varroa<\/td><\/tr><tr><td>En la fase de dispersi\u00f3n, una hembra adulta de Varroa se adhiere<br>y se alimenta de abejas adultas. Estas hembras adultas son altamente m\u00f3viles y pueden pasar de una abeja a otra.<\/td><td>\u00c1caro arrastr\u00e1ndose sobre una larva de abeja en desarrollo; una abeja pasa y el \u00e1caro salta sobre ella. Aparece un c\u00edrculo rojo mostrando el movimiento del \u00e1caro<\/td><\/tr><tr><td>Un \u00e1caro hembra adulto en la fase de dispersi\u00f3n pasa a la fase reproductiva. Cuando encuentra y entra en una celda de cr\u00eda justo antes de que sea op\u00e9rculo. Despu\u00e9s de esto y de que la larva de abeja en desarrollo se estira panza arriba, el \u00e1caro madre comienza a poner huevos. Primero pone un huevo macho y todos los huevos subsecuentes son hembras. Los huevos eclosionan y se convierten en ninfas que pasan por varias etapas de desarrollo. El \u00e1caro madre abre un agujero en el abdomen de la abeja en desarrollo para que todos los \u00e1caros se alimenten.<\/td><td>Apicultor en un colmenar hablando a la c\u00e1mara. Aparece gr\u00e1fico del ciclo de vida del Varroa<br><br>Acercamiento al momento en el que el \u00e1caro entra en una celda con una larva dentro<br><br>Acercamiento al momento en que el \u00e1caro est\u00e1 sobre la pupa en desarrollo dentro de la celda<br><br>Acercamiento al momento en que el \u00e1caro se alimenta de la pupa, aparecen iconos indicando transmisi\u00f3n de pat\u00f3genos<\/td><\/tr><tr><td>Los \u00e1caros defecan en el techo de la celda sobre la abeja en desarrollo. <\/td><td>Primer plano de celda hexagonal con muchos \u00e1caros peque\u00f1os dentro. Texto en pantalla: \u00c1caros Varroa en una celda de cr\u00eda<\/td><\/tr><tr><td>Una vez que las ninfas maduras y se convierten en \u00e1caros adultos, se aparean entre s\u00ed. Cuando la abeja ya adulta sale, las hembras adultas de la Varroa salen y se dispersan para infectar a otras abejas<br>y celdas de cr\u00eda. Los \u00e1caros machos y las hembras inmaduras no sobreviven. Este ciclo se repite r\u00e1pidamente con cada hembra de Varroa, produciendo de una a dos cr\u00edas por ciclo reproductivo en la cr\u00eda y de las obreras y alrededor de dos en la cr\u00eda de los z\u00e1nganos.<\/td><td>Apicultor en un colmenar hablando a la c\u00e1mara. Gr\u00e1fico del ciclo de vida del Varroa aparece<br><br>Acercamiento al momento en que la abeja emerge con \u00e1caros adheridos al cuerpo<br><br>Acercamiento al gr\u00e1fico con flecha mostrando c\u00f3mo el \u00e1caro pasa de una abeja a otra<\/td><\/tr><tr><td>Esto conduce a un r\u00e1pido crecimiento poblacional y a un aumento de la infestaci\u00f3n en la colonia. Cuando los \u00e1caros se alimentan de las abejas adultas y de la cr\u00eda en desarrollo, transmiten virus como el virus de las alas deformes.<\/td><td>\u00c1caros sobre pupas de abeja dentro de celdas hexagonales; aparecen 4 c\u00edrculos mostrando la ubicaci\u00f3n de los \u00e1caros<\/td><\/tr><tr><td>La alimentaci\u00f3n y transmisi\u00f3n de virus puede llevar a diversos problemas de salud dentro de la colonia, incluyendo el deterioro del sistema inmunol\u00f3gico de las abejas, reducci\u00f3n de la longevidad y, en \u00faltima instancia, el colapso de la colonia.<\/td><td>Abeja con alas deformes arrastr\u00e1ndose sobre un panal. Aparece un c\u00edrculo rojo alrededor de la abeja deformada<br><br>Abeja con alas deformadas arrastr\u00e1ndose en el pasto<br><br>Panal completo con peque\u00f1as agrupaciones espor\u00e1dicas de cr\u00eda operculada y muchas celdas abiertas<\/td><\/tr><tr><td>Durante la inspecci\u00f3n de colonias de abejas, est\u00e9 atento a se\u00f1ales visuales de infestaci\u00f3n por Varroa. Hay dos se\u00f1ales que pueden ver en las abejas adultas. Uno es un \u00e1caro sobre la abeja que camina por la colonia.<\/td><td>Apicultor en un colmenar hablando a la c\u00e1mara<\/td><\/tr><tr><td>M\u00e1s del 90% de \u00e1caros en abejas adultas se encuentra en la parte inferior de las abejas, por lo que es probable que solo veas \u00e1caros<br>cuando los niveles son muy altos.<\/td><td>\u00c1caro sobre abeja, aparece un c\u00edrculo rojo alrededor del \u00e1caro<\/td><\/tr><tr><td>Tambi\u00e9n puede ver abejas con alas arrugadas o deformes, lo que es causado por altos niveles del virus de alas deformes que los \u00e1caros propagan de abeja en abeja. Revise la parte inferior de las abejas con alas deformes. Estas a menudo tendr\u00e1n un \u00e1caro que en su parte inferior.<\/td><td><br>Abeja emergiendo de una celda con alas deformes; aparece un c\u00edrculo rojo alrededor del \u00e1caro en la parte inferior del cuerpo de la abeja<\/td><\/tr><tr><td>Otra se\u00f1al de infestaci\u00f3n por Varroa es la presencia de \u00e1caros en la cr\u00eda. <\/td><td>Celda de cr\u00eda operculada siendo abierta con pinzas; aparece un \u00e1caro<\/td><\/tr><tr><td>Busque celdas de cr\u00eda o perfiladas que hayan sido abiertas por abejas obreras. Es decir, usted puede ver una pupa en desarrollo en lugar del op\u00e9rculo. <\/td><td>Panal completo; la cr\u00eda operculada ha sido desoperculada mostrando cr\u00eda blanca; aparecen 4 c\u00edrculos sobre las celdas abiertas<\/td><\/tr><tr><td>Inspeccione la celda en busca de peque\u00f1as manchas blancas<br>en el techo de la misma. Es probable que sea excremento de \u00e1caros.<\/td><td>Primer plano de celda hexagonal con muchos \u00e1caros dentro. C\u00edrculo rojo sobre heces del \u00e1caro. Texto en pantalla: Ninfas de Varroa y excrementos en una celda de cr\u00eda<\/td><\/tr><tr><td>En primavera y verano, busque \u00e1caros en la cr\u00eda de z\u00e1nganos.<\/td><td>\u00c1caro arrastr\u00e1ndose sobre un z\u00e1ngano<\/td><\/tr><tr><td>Los \u00e1caros son aproximadamente 12 veces m\u00e1s atra\u00eddos por la cr\u00eda de z\u00e1nganos que por la de obreras. Este no es un buen m\u00e9todo<br>para estimar la poblaci\u00f3n de \u00e1caros, pero su ausencia en la cr\u00eda de z\u00e1nganos es un buen indicador de que la infestaci\u00f3n no es extremadamente alta.<\/td><td>Celda de z\u00e1ngano operculada siendo abierta con pinzas; la pupa de z\u00e1ngano es retirada; aparece un c\u00edrculo rojo mostrando el \u00e1caro. Texto en pantalla: Varroa en cr\u00eda de z\u00e1ngano<\/td><\/tr><tr><td>Cuando los niveles de \u00e1caros son altos, puede observar da\u00f1os en la cr\u00eda. Esto es m\u00e1s com\u00fan a finales del verano y durante el oto\u00f1o. <\/td><td>Apicultor en un colmenar hablando a la c\u00e1mara<br><br>Apicultor inspeccionando panal<\/td><\/tr><tr><td>Busque patrones de cr\u00eda irregulares, numerosas celdas y no perfumar pupas que la colonia saca de sus celdas y cr\u00eda blanca derretida. Es dif\u00edcil salvar una colonia que ha alcanzado este nivel de infestaci\u00f3n por Varroa. [M\u00fasica]<\/td><td>Panal completo con celdas vac\u00edas espor\u00e1dicas entre cr\u00eda operculada; algunas celdas abiertas mostrando cr\u00eda blanca; aparecen c\u00edrculos. Texto en pantalla: Patr\u00f3nes de cr\u00eda irregulares, numerosas celdas sin opercular, cr\u00eda blanca derretida<\/td><\/tr><tr><td>Para determinar cu\u00e1ntos \u00e1caros hay en una colmena es necesario realizar pruebas de detecci\u00f3n de \u00e1caros.<\/td><td>Abejas arrastr\u00e1ndose en panal; aparecen de 3 a 5 c\u00edrculos alrededor de abejas<\/td><\/tr><tr><td>La presencia de \u00e1caros solo es visibles cuando los niveles son altos, por lo que es importante cuantificar la infestaci\u00f3n en un lugar de confiar \u00fanicamente en se\u00f1ales visuales.<\/td><td>Abeja con alas deformes arrastr\u00e1ndose sobre el panal<\/td><\/tr><tr><td>Realizar pruebas de detecci\u00f3n de \u00e1caros le ayudar\u00e1 a verificar si su estrategia de control contra \u00e1caros est\u00e1 funcionando.<\/td><td>Apicultor en un colmenar hablando a la c\u00e1mara<\/td><\/tr><tr><td>Monitoree los niveles de \u00e1caros regularmente le permitir\u00e1 tener confianza de que est\u00e1 manteniendo los niveles bajos durante todo el a\u00f1o.<\/td><td>Tres apicultores parados junto a una colmena conversando. Texto en pantalla: Monitoree los niveles de \u00e1caros regularmente<\/td><\/tr><tr><td>El m\u00e9todo de prueba m\u00e1s com\u00fan utilizado por los apicultores comerciales es tomar muestras de abejas adultas y eliminar los \u00e1caros utilizando alcohol o una soluci\u00f3n de detergente. <\/td><td>Persona vertiendo alcohol en un recipiente, sacudiendo abejas dentro, moviendo el recipiente y mostrando \u00e1caros en el fondo. Texto en pantalla: Lavado con alcohol<\/td><\/tr><tr><td>Este m\u00e9todo se llama lavado con alcohol. Hay otros m\u00e9todos, pero el m\u00e1s utilizado es el del alcohol. Algunas operaciones subcontratan el conteo de \u00e1caros<\/td><td>Persona sacando una l\u00e1mina blanca grande de la base de la colmena. Texto en pantalla: \u00c1caro varroa en un lavado con alcohol<br><br>Cuadr\u00edcula negra sobre l\u00e1mina blanca con puntos marrones, blancos y amarillos. Dos \u00e1caros destacados con c\u00edrculos rojos. [Imagen acreditada: Project Apis m.] Texto en pantalla: \u00c1caros varroa en tabla adhesiva<\/td><\/tr><tr><td>Algunas operaciones subcontratan el conteo de \u00e1caros enviando muestras de abejas a instituciones de diagn\u00f3stico cercanas o laboratorios de abejas de algunas universidades. <\/td><td>Apicultor en un colmenar hablando a la c\u00e1mara. <br>Aparece Informe de Inspecci\u00f3n del 29 de agosto de 2025<\/td><\/tr><tr><td>Los investigadores han encontrado que si una muestra de lavado con alcohol contiene tres o m\u00e1s \u00e1caros por cada 100 abejas adultas o nueve \u00e1caros en una muestra de 300 abejas, la colmena puede sufrir da\u00f1os graves y debe ser tratada por \u00e1caros lo antes posible.<\/td><td>\u00c1caros en l\u00edquido claro en el fondo de un recipiente. Texto en pantalla: Una proporci\u00f3n de 3 \u00e1caros por cada 100 abejas es elevada. Mantenga los niveles de \u00e1caros lo m\u00e1s bajos posible durante todo el a\u00f1o<\/td><\/tr><tr><td>Es fundamental controlar los niveles de \u00e1caros para mantener las poblaciones bajas durante todo el a\u00f1o y garantizar colonias saludables y productivas.<\/td><td>Apicultor leyendo un papel, luego poni\u00e9ndose guantes y gafas<\/td><\/tr><tr><td>Dependiendo de la \u00e9poca del a\u00f1o, su operaci\u00f3n deber\u00eda emplear una rotaci\u00f3n de tratamientos qu\u00edmicos conocida como Manejo Integrado de plagas para controlar las poblaciones de \u00e1caros. Los acariciadas om\u00fanmente utilizados incluyendo a mitras \u00e1cido ox\u00e1lico, lim\u00f3n y \u00e1cido f\u00f3rmico. Programe los tratamientos para evitar<br>interrumpir las actividades de las abejas. Prevenir la contaminaci\u00f3n de la miel y alinearlos con los ciclos de cr\u00eda.<\/td><td>Productos acaricidas sobre una tapa de colmena. Apicultor aplicando tiras rectangulares entre o sobre los cuadros<\/td><\/tr><tr><td>Algunos productos qu\u00edmicos no se pueden usar cuando hay alzas de miel en la colmena o si las temperaturas exteriores son altas.<\/td><td>Persona leyendo un folleto de etiqueta de pesticida. Texto en pantalla: Siga las instrucciones antes de aplicar cualquier tratamiento<\/td><\/tr><tr><td>Tratar los \u00e1caros varroa puede ser una labor intensiva y el uso excesivo de tratamientos puede generar resistencia a los pesticidas, lo que reduce la eficacia de los m\u00e9todos de tratamientos aprobados.<\/td><td>Apicultor en un colmenar hablando a la c\u00e1mara. Gr\u00e1fico mostrando tres generaciones sucesivas de \u00e1caros y aplicaciones entre medio. Texto en pantalla: El uso excesivo de tratamientos puede generar resistencia a los pesticidas<\/td><\/tr><tr><td>Antes de aplicar un tratamiento realice pruebas en las colonias para<br>estimar el n\u00famero de \u00e1caros presentes. Tambi\u00e9n realice pruebas despu\u00e9s de los tratamientos para confirmar si el tratamiento funcion\u00f3 suficientemente para controlar los \u00e1caros. <\/td><td>Persona arrastrando una taza por un panal para recolectar abejas, colocando tapa, agit\u00e1ndola y observando desde abajo. Texto en pantalla: Haga pruebas para detectar \u00e1caros antes y despu\u00e9s de aplicar el tratamiento<\/td><\/tr><tr><td>La varroa cis puede ser incre\u00edblemente perjudicial para las abejas mel\u00edfera. <\/td><td>Abeja arrastr\u00e1ndose en flor amarilla<\/td><\/tr><tr><td>El control de los \u00e1caros varroa es vital para reducir la propagaci\u00f3n de par\u00e1sitos y pat\u00f3genos y favorecer la salud general de la colonia. A continuaci\u00f3n ampliaremos el tema sobre otros par\u00e1sitos, plagas y depredadores con los que las abejas mel\u00edferas deben lidiar.<\/td><td>Apicultor en un colmenar hablando a la c\u00e1mara<\/td><\/tr><tr><td>[M\u00fasica]<\/td><td>\u00c1caros dentro de celdas hexagonales en un panal<br><br>Superposici\u00f3n de logotipos del Programa de Abejas de WSU, Washington State University, Wonderstone Films, USDA, Project Apis m, Miller Honey Farms, y University of Minnesota Extension<br><br>Aparece una lista de personas involucradas en el desarrollo del v\u00eddeo<\/td><\/tr><tr><td>Si les gust\u00f3 este v\u00eddeo no olviden en suscribirse y dejarnos los comentarios aqu\u00ed debajo cont\u00e1ndonos qu\u00e9 otros temas les gustar\u00eda que habl\u00e1ramos en un futuro.<\/td><td>Hombre cierra la puerta del cami\u00f3n y se gira hacia la c\u00e1mara<\/td><\/tr><\/tbody><\/table><\/figure>\n","protected":false},"excerpt":{"rendered":"<p>Transcripci\u00f3n del texto con descripci\u00f3n de las im\u00e1genes Esta p\u00e1gina ha sido traducida con Google. Disculpe cualquier error. Audio Im\u00e1genes [M\u00fasica] Bienvenidos al tercer m\u00f3dulo de la serie ABEJAS. Logo ABEJAS frente a un \u00e1caro rojo sobre una pupa de abeja mel\u00edfera T\u00edtulo: M\u00f3dulo 3.1 Varroa destructor En este m\u00f3dulo aprender\u00e1 sobre los par\u00e1sitos, las [&hellip;]<\/p>\n","protected":false},"author":8511,"featured_media":0,"parent":21,"menu_order":0,"comment_status":"closed","ping_status":"closed","template":"","meta":[],"categories":[10],"tags":[],"_links":{"self":[{"href":"https:\/\/cahnrs.wsu.edu\/descriptive-transcripts\/wp-json\/wp\/v2\/pages\/890"}],"collection":[{"href":"https:\/\/cahnrs.wsu.edu\/descriptive-transcripts\/wp-json\/wp\/v2\/pages"}],"about":[{"href":"https:\/\/cahnrs.wsu.edu\/descriptive-transcripts\/wp-json\/wp\/v2\/types\/page"}],"author":[{"embeddable":true,"href":"https:\/\/cahnrs.wsu.edu\/descriptive-transcripts\/wp-json\/wp\/v2\/users\/8511"}],"replies":[{"embeddable":true,"href":"https:\/\/cahnrs.wsu.edu\/descriptive-transcripts\/wp-json\/wp\/v2\/comments?post=890"}],"version-history":[{"count":7,"href":"https:\/\/cahnrs.wsu.edu\/descriptive-transcripts\/wp-json\/wp\/v2\/pages\/890\/revisions"}],"predecessor-version":[{"id":1121,"href":"https:\/\/cahnrs.wsu.edu\/descriptive-transcripts\/wp-json\/wp\/v2\/pages\/890\/revisions\/1121"}],"up":[{"embeddable":true,"href":"https:\/\/cahnrs.wsu.edu\/descriptive-transcripts\/wp-json\/wp\/v2\/pages\/21"}],"wp:attachment":[{"href":"https:\/\/cahnrs.wsu.edu\/descriptive-transcripts\/wp-json\/wp\/v2\/media?parent=890"}],"wp:term":[{"taxonomy":"category","embeddable":true,"href":"https:\/\/cahnrs.wsu.edu\/descriptive-transcripts\/wp-json\/wp\/v2\/categories?post=890"},{"taxonomy":"post_tag","embeddable":true,"href":"https:\/\/cahnrs.wsu.edu\/descriptive-transcripts\/wp-json\/wp\/v2\/tags?post=890"}],"curies":[{"name":"wp","href":"https:\/\/api.w.org\/{rel}","templated":true}]}}