{"id":892,"date":"2026-02-13T14:48:39","date_gmt":"2026-02-13T22:48:39","guid":{"rendered":"https:\/\/cahnrs.wsu.edu\/descriptive-transcripts\/?page_id=892"},"modified":"2026-03-12T16:52:55","modified_gmt":"2026-03-12T23:52:55","slug":"cuando-necesitan-sus-abejas-alimento-suplementario-abejas-modulo-2-3","status":"publish","type":"page","link":"https:\/\/cahnrs.wsu.edu\/descriptive-transcripts\/extension\/cuando-necesitan-sus-abejas-alimento-suplementario-abejas-modulo-2-3\/","title":{"rendered":"\u00bfCu\u00e1ndo necesitan sus abejas alimento suplementario? (ABEJAS M\u00f3dulo 2.3)"},"content":{"rendered":"\n<figure class=\"wp-block-embed is-type-video is-provider-youtube wp-block-embed-youtube wp-embed-aspect-16-9 wp-has-aspect-ratio\"><div class=\"wp-block-embed__wrapper\">\n<iframe loading=\"lazy\" title=\"\u00bfCu\u00e1ndo necesitan sus abejas alimento suplementario? (ABEJAS M\u00f3dulo 2.3)\" width=\"500\" height=\"281\" src=\"https:\/\/www.youtube.com\/embed\/50Rc4WooUaM?feature=oembed\" frameborder=\"0\" allow=\"accelerometer; autoplay; clipboard-write; encrypted-media; gyroscope; picture-in-picture; web-share\" referrerpolicy=\"strict-origin-when-cross-origin\" allowfullscreen><\/iframe>\n<\/div><\/figure>\n\n\n\n<h2 class=\"wp-block-heading\">Transcripci\u00f3n del texto con descripci\u00f3n de las im\u00e1genes<\/h2>\n\n\n\n<p><em>Esta p\u00e1gina ha sido traducida con Google. Disculpe cualquier error.<\/em><\/p>\n\n\n\n<figure class=\"wp-block-table\"><table class=\"has-fixed-layout\"><thead><tr><th>Audio<\/th><th>Im\u00e1genes<\/th><\/tr><\/thead><tbody><tr><td> [M\u00fasica]<br><br>Bienvenidos al m\u00f3dulo dos video tres de la serie ABEJAS.<\/td><td>Logo ABEJAS frente a abejas arrastr\u00e1ndose sobre un panal<br><br>T\u00edtulo: M\u00f3dulo 2.3 \u00bfCu\u00e1ndo necesitan sus abejas alimento suplementario?<\/td><\/tr><tr><td>Alimentar las abejas puede ser crucial para su salud y productividad, especialmente cuando las fuentes naturales de n\u00e9ctar son escasas.<\/td><td>Apicultor en un colmenar hablando a la c\u00e1mara<\/td><\/tr><tr><td>Este video explicar\u00e1 formas de reconocer si sus abejas necesitan alimentaci\u00f3n, complementar en diferentes \u00e9pocas del a\u00f1o, la cantidad de alimento suplementario que necesita una colonia depende del flujo natural de n\u00e9ctar y de polen. La cantidad de alimento almacenado en la colmena, la \u00e9poca del a\u00f1o y el n\u00famero de abejas en la colonia. Durante la primavera el jarabe de az\u00facar y la suplementaci\u00f3n con pole pueden ser de gran ayuda cuando no hay suficientes flores cerca.<\/td><td>Persona de pie detr\u00e1s de grandes recipientes de jarabe de az\u00facar<br>Cami\u00f3n alej\u00e1ndose transportando un gran dep\u00f3sito de jarabe de az\u00facar<br><br>Abeja arrastr\u00e1ndose en una flor blanca<br><br>Reservas de polen en un panal<br><br>Apicultor vertiendo jarabe de az\u00facar en la colmena con una manguera<br><br>Cami\u00f3n pasando con un gran dep\u00f3sito de jarabe y un apicultor sentado en la plataforma posterior [Im\u00e1genes acreditadas: Project Apis m]<\/td><\/tr><tr><td>Tambi\u00e9n puede ayudar a estimular el crecimiento de una colonia que sale del invierno. Cuando las flores terminan de florecer y las fuentes de n\u00e9ctar y polen escasean.<\/td><td>Time-lapse de apicultores inspeccionando colonias<br><br>Apicultores vertiendo jarabe de az\u00facar en colonias con una manguera [Im\u00e1genes acreditadas: Project Apis m]<\/td><\/tr><tr><td>Nos referimos al periodo conocido como escasez de n\u00e9ctar. Proporcionar alimentos suplementarios es fundamental para mantener funciones cr\u00edticas de la colonia, como la producci\u00f3n de cr\u00edas.<\/td><td>Apicultor de pie en el colmenar con muchas abejas volando alrededor<br><br>Apicultor vertiendo jarabe de az\u00facar en colonias con una manguera<\/td><\/tr><tr><td>Una colonia que tiene un suministro limitado de polen, n\u00e9ctar o reservas de miel puede no producir suficiente cr\u00eda para mantener la colonia saludable y en crecimiento.<\/td><td>Primer plano de una larva dentro de un panal. Texto en pantalla: Cr\u00eda sana y bien alimentada<\/td><\/tr><tr><td>En casos extremos, las colonias pueden canibalizar las cr\u00edas existentes o morir de hambre. <\/td><td>Panal con abejas muertas con sus cabezas dentro de las celdas. Texto en pantalla: Esta colonia ha muerto de hambre<\/td><\/tr><tr><td>Usted puede verificar que tambi\u00e9n se est\u00e1 alimentando a la cr\u00eda de la colonia. En una colonia bien nutrida, las larvas j\u00f3venes deben estar en un gran charco de alimento para cr\u00eda. <\/td><td>Primer plano de larvas sentadas en charcos de l\u00edquido dentro del panal<\/td><\/tr><tr><td>Las larvas en forma de C tienen suficiente alimento para cr\u00eda, que es el l\u00edquido blanco lechoso en el fondo de la celda. La imagen de la derecha es un ejemplo de larvas hambrientas y secas, sin alimento visible. Esto indica que las larvas est\u00e1n muriendo de hambre y que la colonia necesita alimento suplementario. <\/td><td>Apicultor en un colmenar hablando a la c\u00e1mara.<br><br>Aparece imagen comparando cantidad adecuada e inadecuada de alimento para cr\u00eda. Texto en pantalla: Larvas bien nutridas (izquierda). Larvas secas y hambrientas (derecha)<\/td><\/tr><tr><td>A finales de la primavera o principios del verano, las abejas experimentar\u00e1n un flujo de n\u00e9ctar, momento en el cual traen grandes cantidades de n\u00e9ctar y producen miel.<\/td><td>Abeja arrastr\u00e1ndose en una flor blanca<br><br>Apicultor sosteniendo un panal lleno de miel operculada y abejas. Texto en pantalla: Un bonito merco de miel operculada<\/td><\/tr><tr><td>Este es el momento para colocar alzas de miel en la colmena y proporcionar m\u00e1s espacio para su almacenamiento.<\/td><td>Apicultor apilando dos cajas sobre otra caja. Texto en pantalla: Agregando alzas de miel<\/td><\/tr><tr><td>Deje de alimentar con jarabe de az\u00facar cuando comience el flujo de n\u00e9ctar y las abejas tengan suficiente alimento almacenado.<\/td><td>Fila de abejas aliment\u00e1ndose de una gota de miel sobre el panal. Texto en pantalla: Miel operculada almacenada en la colmena<\/td><\/tr><tr><td>Monitorear las colonias a finales del verano y principios del oto\u00f1o para determinar si es necesario darles alimentaci\u00f3n suplementaria.<\/td><td>Cami\u00f3n retrocediendo con un gran dep\u00f3sito de jarabe de az\u00facar<\/td><\/tr><tr><td>La alimentacion en oto\u00f1o ayuda a desarrollar colonias fuertes para el invierno y prevenir la inanici\u00f3n. La alimentaci\u00f3n es especialmente importante si la colonia se siente liviana y no tiene suficientes reservas de miel. Durante esta \u00e9poca del a\u00f1o, un jarabe con mayor contenido de az\u00facar ayuda a las abejas a madurar r\u00e1pidamente el jarabe para su almacenamiento. Para comprobar si una colonia tiene pocas reservas de miel, utilice las manijas de la caja para inclinar la colmena y calcular su peso.<\/td><td>Apicultor coloca una torta de polen sobre los cuadros<br><br>Jarabe de az\u00facar verti\u00e9ndose en un alimentador con una manguera<\/td><\/tr><tr><td>Una colmena que se inclina f\u00e1cilmente con poco esfuerzo se considera liviana, mientras que una colmena que es relativamente dif\u00edcil de inclinar se considera pesada. Esto puede requerir algo de pr\u00e1ctica para calcular correctamente el peso. Incline las colmenas antes de separar las cajas para evitar que se resbalen.<\/td><td>Apicultores inclinando un lado de la colmena para evaluar el peso<\/td><\/tr><tr><td>Levantar varias colmenas puede darle confianza a la hora de calcular el peso promedio de las colmenas en un apiario. <br>[M\u00fasica]<\/td><td>Apicultor esforz\u00e1ndose para inclinar la colmena. Texto en pantalla: Colmena pesada<br><br>Apicultor inclinando la colmena con facilidad. Texto en pantalla: Colmena  ligera.<\/td><\/tr><tr><td>Al alimentar con jarabe de az\u00facar, hay algunas consideraciones a tener en cuenta. <\/td><td>Apicultor en un colmenar hablando a la c\u00e1mara<\/td><\/tr><tr><td>Una colonia peque\u00f1a necesitar\u00e1 menos alimento que una colonia grande con muchas abejas que alimentar. <\/td><td>Jarabe de az\u00facar vertido en un alimentador con una manguera<\/td><\/tr><tr><td>Evite alimentar colonias que sean demasiado d\u00e9biles para sobrevivir al invierno ya que esto puede fomentar el saqueo por parte de colonias vecinas.<\/td><td>Panal con muchas celdas abiertas y algunas abejas arrastr\u00e1ndose. Texto en pantalla: Esta colonia muestra s\u00edntomas de enfermedad y no sobrevivir\u00e1 al invierno.<\/td><\/tr><tr><td>Si queda alimento de la vez anterior, observe detenidamente para determinar la causa. Aseg\u00farese de que cualquier jarabe de az\u00facar sobrante no huela a fermentaci\u00f3n. Tambi\u00e9n verifique la consistencia del jarabe para confirmar que no se trate de agua.<\/td><td>Apicultor sacando abejas muertas de un alimentador y levantando el grupo hacia su nariz. Retira el alimentador de la colmena. Texto en pantalla: Verifique si el jarabe restante se ha fermentado o si tiene agua<\/td><\/tr><tr><td>Lluvia proveniente de tapas con filtraciones. Deseche lejos de las colmenas el jarabe fermentado o el agua antes de volver a llenar el alimentador.<\/td><td>Apicultor lleva el alimentador lejos de la colmena y vierte su contenido en el suelo. Texto en pantalla: Deseche el az\u00facar o el agua fermentada lejos de las colmenas.<\/td><\/tr><tr><td>Las abejas realizan f\u00e1cilmente un comportamiento conocido como pillaje o saqueo cuando hay fuentes de n\u00e9ctar limitadas y las temperaturas son los suficientemente c\u00e1lidas para los vuelos de forrajeo. Las abejas que adoras atacan colonias m\u00e1s d\u00e9biles, lo que puede llevar a la muerte de la colonia.<\/td><td>Primer plano de abejas volando junto a la colmena<br><br>Dos abejas atacando a otra abeja. Texto en pantalla: Abejas peleando cerca de las entradas de la colmenas<\/td><\/tr><tr><td>Para identificar el pillaje, busque abejas peleando en la entrada de una colmena y abejas tratando de entrar por lugares distintos a la entrada.<\/td><td>Abejas entrando por una grieta entre el cuerpo de la colmena y la tapa. Texto en pantalla: Abejas que usan una tapa no asegurada para robar otra colonia<\/td><\/tr><tr><td>Tome medidas para evitar el pillaje.  No deje jarabe de az\u00facar donde las abejas de otras colonias pueden acceder a \u00e9l y evite derramarlo en o alrededor de la colmena.<\/td><td>Abejas bebiendo un charco de jarabe sobre la tapa. Texto en pantalla: No deje jarabe az\u00facar  de otras colonias pueden acceder a \u00e9l<\/td><\/tr><tr><td>Limpie con agua el jarabe derramado. Aseg\u00farese de que las colonias est\u00e9n bien selladas y que las tapas est\u00e9n correctamente colocadas para limitar los puntos de entrada de las abejas y saqueadores.<\/td><td>X roja indica m\u00e9todo inadecuado. Jarabe de az\u00facar siendo vertido en m\u00faltiples alimentadores y salpicando sobre las tapas. Texto en pantalla: Aseg\u00farese de que las colonias est\u00e9n selladas y las cubiertas est\u00e9n colocadas correctamente<\/td><\/tr><tr><td>Una colonia que se queda sin reservas de az\u00facar morir\u00e1 de hambre.<\/td><td>Apicultor arreglando una tapa que estaba torcida. Texto en pantalla: Asegure que las colonias est\u00e9n bien selladas y que las tapas est\u00e9n colocadas correctamente<\/td><\/tr><tr><td>La desnutrici\u00f3n suele ocurrir hacia finales del invierno, principios de la primavera o en cualquier momento en que haya escasez de n\u00e9ctar. Para determinar si una colonia ha muerto de hambre, busque grupos de abejas muertas sin alimento almacenado en la colmena. Las abejas muertas pueden encontrarse en el interior de las celdas. Estas abejas murieron intentando obtener las \u00faltimas gotas de miel disponible.<\/td><td>Mont\u00f3n de abejas muertas. Abejas con la cabeza dentro de las celdas hexagonales. Texto en pantalla: Esta colonia ha muerto de hambre<\/td><\/tr><tr><td>El polen es rico en prote\u00ednas y amino\u00e1cidos. Las prote\u00ednas estimulan la producci\u00f3n de cr\u00eda. Alimente las colonias con polen cuando haya pocas flores y poco polen almacenado en una colmena.<\/td><td>Abeja arrastr\u00e1ndose dentro de una flor amarilla<br><br>Primer plano de abeja sobre un panal con grandes canastas de polen en las patas<br><br>Panal con polen almacenado. Texto en pantalla: Polen almacenado en la colmena<\/td><\/tr><tr><td>Para saber si una colonia tiene pocas reservas de polen. Observe el polen en las celdas justo fuera del nido de cr\u00eda. Una colonia con buenas reservas tendr\u00e1 residuos de polen rodeando el nido de cr\u00eda.<\/td><td>Abejas arrastr\u00e1ndose sobre un panal con miel operculada, polen, larvas y celdas operculadas. Aparece un c\u00edrculo rojo alrededor del polen. Texto en pantalla: Polen en celdas justo afuera del nido de cr\u00eda<\/td><\/tr><tr><td>Alimente con sustitutos de polen. A menudo llamado tortas de polen a una colonia que carezca de polen almacenado. Las tortas de polen pueden contener ingredientes como harinas de soya, levadura de cerveza, una fuente de prote\u00ednas como leche en polvo o harina de garbanzo, jarabe de az\u00facar u otros aditivos o aceite que hace que las tortas sean flexibles. Algunos sustitutos de polen disponibles comercialmente incluyen polen real.<\/td><td>Torta rectangular de polen sobre la tapa de la colmena. Texto en pantalla: Torta de polen<br><br>Torta de polen sobre los cuadros con abejas arrastr\u00e1ndose alrededor. Texto en pantalla: Abejas consumiendo una torta de polen<\/td><\/tr><tr><td>Al igual que con la alimentaci\u00f3n con jarabe de az\u00facar, hay algunas consideraciones que se debe tener en cuenta al alimentar con sustitutos de polen. En primer lugar, se debe colocar la torta de polen sobre los cuadros en el centro de la c\u00e1mara de cr\u00eda para un consumo \u00f3ptimo para colonias m\u00e1s grandes.<\/td><td>Apicultor abriendo la colmena<br><br>Apicultor sosteniendo la colmena abierta, abejas sobre los cuadros; coloca la torta de polen sobre los cuadros. Texto en pantalla: Coloque la torta de polen sobre los marcos en el centro de la c\u00e1mara de cr\u00eda<\/td><\/tr><tr><td>Alimente con uno o 2&nbsp;\u00a3 de suplemento de polen a la vez para colonias m\u00e1s d\u00e9biles. Alimente con media o una libra de polen. Revise las abejas nuevamente en siete o diez d\u00edas. <\/td><td>El proceso se repite en otras colonias. Texto en pantalla: Para colonias m\u00e1s grandes, alimente 1\u20132 libras de suplemento de polen<br>Apicultor con la colmena abierta; corta la torta de polen a la mitad y la coloca sobre los cuadros. Texto en pantalla: Para colonias m\u00e1s d\u00e9biles, alimente 1\/2 o 1 libra de suplemento de polen<\/td><\/tr><tr><td>Si queda torta de polen en una colonia cuando las dem\u00e1s est\u00e1n consumiendo el suyo. Verifique si hay un problema con la reina. Las abejas que no consumen su propio polen pueden no estar creando activamente a sus cr\u00edas.<\/td><td>Apicultor aplicando humo; una torta de polen medio comida est\u00e1 sobre los cuadros; luego cierra la colmena.<\/td><\/tr><tr><td>Si se observan peque\u00f1as larvas en el polen, es probable que se trate de larvas de escarabajo de la colmena. Hablaremos m\u00e1s sobre esta plaga en el pr\u00f3ximo m\u00f3dulo. Deseche la torta si est\u00e1 infestada de larvas para reducir los problemas con el escarabajo de la colmena, proporcione menos suplementos de polen y divida la torta por la mitad para las colonias m\u00e1s peque\u00f1as.<\/td><td>Muchas larvas peque\u00f1as y escarabajos negros sobre restos de torta de polen. Texto en pantalla: Escarabajo peque\u00f1o de la colmena: adultos y larvas de escarabajo de la colmena<\/td><\/tr><tr><td>A finales del oto\u00f1o y principios del invierno, la colonia disminuye naturalmente su actividad y la reina deja de poner huevos. En este momento no es necesario complementar las colonias con polen porque no necesitan la prote\u00edna adicional para la producci\u00f3n de cr\u00eda.<\/td><td>Paisaje con flores silvestres, desplaz\u00e1ndose hacia colmenas en el campo. Texto en pantalla: En climas donde la producci\u00f3n de cr\u00eda disminuye en invierno, no es necesario proporcinar suplementos de polen a fines del oto\u00f1o y principoos del invierno<\/td><\/tr><tr><td>Como apicultores, tenemos la responsabilidad de alimentar a nuestras abejas seg\u00fan sea necesario para evitar que mueran de hambre. Es fundamental intervenir para ayudar a las colonias de abejas mel\u00edferas y saber con qu\u00e9 y cu\u00e1ndo alimentarlas.<\/td><td>Apicultor enrollando una manguera sobre un cami\u00f3n con un gran dep\u00f3sito de jarabe de az\u00facar; abejas volando<\/td><\/tr><tr><td>Combinando el conocimiento adquirido en el m\u00f3dulo uno sobre la biolog\u00eda de las abejas mel\u00edferas si su comportamiento durante el invierno podr\u00e1 preparar sus colonias para superar con \u00e9xito cualquier escasez y sobrevivir al invierno. A continuaci\u00f3n hablaremos m\u00e1s sobre c\u00f3mo reconocer el estado de la reina en una colonia.<\/td><td>Apicultor en un colmenar hablando a la c\u00e1mara<br><br>Logo ABEJAS, lista de dos pr\u00f3ximos videos y logo @wsubeeprogram en YouTube<\/td><\/tr><tr><td> [M\u00fasica]<\/td><td>Primer plano de abeja bebiendo jarabe de az\u00facar<br><br>Superposici\u00f3n de logotipos del Programa de Abejas de WSU, Washington State University, Wonderstone Films, USDA, Project Apis m, Miller Honey Farms y University of Minnesota Extension<br><br>Aparece una lista de personas involucradas en el desarrollo del v\u00eddeo<\/td><\/tr><tr><td>Si les gust\u00f3 este video, no olviden en suscribirse y dejarnos los comentarios aqu\u00ed debajo cont\u00e1ndonos qu\u00e9 otros temas les gustar\u00eda que habl\u00e1ramos en un futuro.<\/td><td>Hombre cierra la puerta del cami\u00f3n y se gira hacia la c\u00e1mara<\/td><\/tr><\/tbody><\/table><\/figure>\n","protected":false},"excerpt":{"rendered":"<p>Transcripci\u00f3n del texto con descripci\u00f3n de las im\u00e1genes Esta p\u00e1gina ha sido traducida con Google. Disculpe cualquier error. Audio Im\u00e1genes [M\u00fasica] Bienvenidos al m\u00f3dulo dos video tres de la serie ABEJAS. Logo ABEJAS frente a abejas arrastr\u00e1ndose sobre un panal T\u00edtulo: M\u00f3dulo 2.3 \u00bfCu\u00e1ndo necesitan sus abejas alimento suplementario? Alimentar las abejas puede ser crucial [&hellip;]<\/p>\n","protected":false},"author":8511,"featured_media":0,"parent":21,"menu_order":0,"comment_status":"closed","ping_status":"closed","template":"","meta":[],"categories":[10],"tags":[],"_links":{"self":[{"href":"https:\/\/cahnrs.wsu.edu\/descriptive-transcripts\/wp-json\/wp\/v2\/pages\/892"}],"collection":[{"href":"https:\/\/cahnrs.wsu.edu\/descriptive-transcripts\/wp-json\/wp\/v2\/pages"}],"about":[{"href":"https:\/\/cahnrs.wsu.edu\/descriptive-transcripts\/wp-json\/wp\/v2\/types\/page"}],"author":[{"embeddable":true,"href":"https:\/\/cahnrs.wsu.edu\/descriptive-transcripts\/wp-json\/wp\/v2\/users\/8511"}],"replies":[{"embeddable":true,"href":"https:\/\/cahnrs.wsu.edu\/descriptive-transcripts\/wp-json\/wp\/v2\/comments?post=892"}],"version-history":[{"count":9,"href":"https:\/\/cahnrs.wsu.edu\/descriptive-transcripts\/wp-json\/wp\/v2\/pages\/892\/revisions"}],"predecessor-version":[{"id":1070,"href":"https:\/\/cahnrs.wsu.edu\/descriptive-transcripts\/wp-json\/wp\/v2\/pages\/892\/revisions\/1070"}],"up":[{"embeddable":true,"href":"https:\/\/cahnrs.wsu.edu\/descriptive-transcripts\/wp-json\/wp\/v2\/pages\/21"}],"wp:attachment":[{"href":"https:\/\/cahnrs.wsu.edu\/descriptive-transcripts\/wp-json\/wp\/v2\/media?parent=892"}],"wp:term":[{"taxonomy":"category","embeddable":true,"href":"https:\/\/cahnrs.wsu.edu\/descriptive-transcripts\/wp-json\/wp\/v2\/categories?post=892"},{"taxonomy":"post_tag","embeddable":true,"href":"https:\/\/cahnrs.wsu.edu\/descriptive-transcripts\/wp-json\/wp\/v2\/tags?post=892"}],"curies":[{"name":"wp","href":"https:\/\/api.w.org\/{rel}","templated":true}]}}