{"id":893,"date":"2026-02-13T14:39:00","date_gmt":"2026-02-13T22:39:00","guid":{"rendered":"https:\/\/cahnrs.wsu.edu\/descriptive-transcripts\/?page_id=893"},"modified":"2026-03-13T15:54:15","modified_gmt":"2026-03-13T22:54:15","slug":"practicas-de-seguridad-importantes-en-apicultura-abejas-modulo-2-2","status":"publish","type":"page","link":"https:\/\/cahnrs.wsu.edu\/descriptive-transcripts\/extension\/practicas-de-seguridad-importantes-en-apicultura-abejas-modulo-2-2\/","title":{"rendered":"Pr\u00e1cticas de seguridad importantes en apicultura (ABEJAS M\u00f3dulo 2.2)"},"content":{"rendered":"\n<figure class=\"wp-block-embed is-type-video is-provider-youtube wp-block-embed-youtube wp-embed-aspect-16-9 wp-has-aspect-ratio\"><div class=\"wp-block-embed__wrapper\">\n<iframe loading=\"lazy\" title=\"Pr\u00e1cticas de seguridad importantes en apicultura (ABEJAS M\u00f3dulo 2.2)\" width=\"500\" height=\"281\" src=\"https:\/\/www.youtube.com\/embed\/hBcFlQew3nI?feature=oembed\" frameborder=\"0\" allow=\"accelerometer; autoplay; clipboard-write; encrypted-media; gyroscope; picture-in-picture; web-share\" referrerpolicy=\"strict-origin-when-cross-origin\" allowfullscreen><\/iframe>\n<\/div><\/figure>\n\n\n\n<h2 class=\"wp-block-heading\">Transcripci\u00f3n del texto con descripci\u00f3n de las im\u00e1genes<\/h2>\n\n\n\n<p><em>Esta p\u00e1gina ha sido traducida con Google. Disculpe cualquier error.<\/em><\/p>\n\n\n\n<figure class=\"wp-block-table\"><table class=\"has-fixed-layout\"><thead><tr><th>Audio<\/th><th>Im\u00e1genes<\/th><\/tr><\/thead><tbody><tr><td>[M\u00fasica]<br><br>Bienvenidos al v\u00eddeo dos del m\u00f3dulo dos de la serie ABEJAS.<\/td><td>Logo ABEJAS frente a un grupo de cuatro apicultores inspeccionando colonias de abejas mel\u00edferas<br><br>T\u00edtulo: M\u00f3dulo 2.2 Pr\u00e1cticas importantes de seguridad en la apicultura<\/td><\/tr><tr><td>La apicultura comercial requiere prestar especial atenci\u00f3n a la seguridad tanto para los apicultores como para las abejas. Algunos de los riesgos y consideraciones de seguridad clave asociados con la apicultura incluyen posibles lesiones f\u00edsicas por levantar incorrectamente cajas pesadas, exposici\u00f3n prolongada al calor, incendios al usar ahumador, picaduras de abejas, exposici\u00f3n a pesticidas y el uso de montacargas. En este video hablaremos sobre c\u00f3mo enfrentar estos riesgos.<\/td><td>Apicultor en un colmenar hablando a la c\u00e1mara<br><br>Aparece una lista con vi\u00f1etas y el presentador lee los temas mencionados<\/td><\/tr><tr><td>[M\u00fasica]<\/td><td>Logo ABEJAS con fondo rojo. Texto en pantalla: Lesiones por levantar cajas pesadas<\/td><\/tr><tr><td>Las t\u00e9cnicas inadecuadas para levantar o manipular las cajas de las colmenas pueden provocar lesiones en la espalda. Distensi\u00f3n o esguinces.<\/td><td>Apicultor cargando una caja de colmena y coloc\u00e1ndola en el suelo<\/td><\/tr><tr><td>Es fundamental utilizar t\u00e9cnicas y herramientas adecuadas para levantar estos elementos a fin de mitigar riesgos. <\/td><td>Apicultor en un colmenar hablando a la c\u00e1mara. Texto en pantalla: Utilice t\u00e9cnicas y herramientas adecuadas para levantar las cajas de las colmenas <\/td><\/tr><tr><td>Antes de levantar la caja, eval\u00fae su peso. Si parece demasiado pesada o dif\u00edcil levantar, considere dividir la en partes  m\u00e1s peque\u00f1as o pedir ayuda. Tambi\u00e9n planifique d\u00f3nde la colocar\u00e1 y retire los obst\u00e1culos del suelo o a su alrededor y fuera de su camino.<\/td><td>Marca verde indica m\u00e9todo correcto. Dos apicultores se acercan a una caja y eval\u00faan el peso. Uno toma la caja superior y el otro levanta la inferior; luego ambos colocan las cajas en el suelo. Aparece una l\u00ednea verde a lo largo del cuerpo mostrando rodillas dobladas y espalda recta.<\/td><\/tr><tr><td>Col\u00f3quese cerca de la colmena para minimizar la distancia que necesitar\u00e1 para levantar y transportar la caja a levantarla. Doble las rodillas y mantenga la espalda recta para evitar tensionar la espalda.<\/td><td>X roja indica m\u00e9todo incorrecto. Un apicultor levanta dos cajas grandes y las apoya contra su cuerpo mientras camina cojeando lentamente para dejarlas en otro lugar. Aparece l\u00ednea roja mostrando espalda encorvada. El apicultor se agarra la parte baja de la espalda con dolor.<\/td><\/tr><tr><td>Utilice la fuerza de sus piernas y no la de su espalda para poder levantar la caja.<\/td><td>Aparece un diagrama que muestra postura correcta e incorrecta al levantar<\/td><\/tr><tr><td>Una t\u00e9cnica adecuada reduce el riesgo de sufrir lesiones. Aseg\u00farese de sujetar firmemente las manijas o los costados de la caja. <\/td><td>Apicultor levantando lentamente una caja de colmena<\/td><\/tr><tr><td>Es especialmente importante evitar girar el cuerpo o inclinarse hacia un lado mientras sostiene el equipo pesado.<\/td><td>Apicultor en un colmenar hablando a la c\u00e1mara<br><br>Aparece un diagrama mostrando forma correcta e incorrecta de mover una caja de un lugar a otro<\/td><\/tr><tr><td>[M\u00fasica]<\/td><td>Logo ABEJAS con fondo rojo. Texto en pantalla: Exposici\u00f3n al calor<\/td><\/tr><tr><td>Si manejar la exposici\u00f3n prolongada al calor implica tomar medidas<br>para prevenir complicaciones relacionadas con el calor y garantizar su seguridad. <\/td><td>Toma desde abajo mostrando al apicultor con el sol fuerte detr\u00e1s, bebiendo agua de una botella azul<\/td><\/tr><tr><td>Beba abundante agua durante todo el d\u00eda. Evite bebidas con cafe\u00edna o alcohol, ya que pueden deshidratar. <\/td><td>Persona sirviendo agua desde una hielera IGLOO naranja a botella, luego dos apicultores sentados en la sombra bebiendo agua. Texto en pantalla: Beba abundante agua<\/td><\/tr><tr><td>Elija ropa ligera y holgada que ayude a mantener el cuerpo fresco como un traje de apicultura ventilado.<\/td><td>Apicultor solo sentado en la sombra bebiendo agua con una toalla en el cuello. Texto en pantalla: Elija ropa ligera y holgada<\/td><\/tr><tr><td>Programe descansos regulares en un \u00e1rea fresca o a la sombra para bajar la temperatura corporal y as\u00ed evitar la exposici\u00f3n continua al calor.<\/td><td>Grupo de cinco apicultores sentados en la sombra. Texto en pantalla: Programe descansos regulares en un \u00e1rea fresca o a la sombra<\/td><\/tr><tr><td>Use pa\u00f1os frescos y h\u00famedos para enfriar la piel o utilice ventiladores y aire acondicionado para ayudar a refrescarse. <\/td><td>Toma desde abajo de un apicultor con el sol caliente detr\u00e1s; coloca una toalla h\u00fameda en su cuello. Transici\u00f3n a persona presionando el bot\u00f3n de aire acondicionado en un auto. Texto en pantalla: Use pa\u00f1os frescos y h\u00famedos o ventiladores y aire acondicionado <\/td><\/tr><tr><td>Est\u00e9 atento a los s\u00edntomas de alarma relacionados con el calor, como mareos, sudoraci\u00f3n excesiva o n\u00e1useas. Estos son signos de agotamiento por el calor o golpe de calor que pueden poner en riesgo su vida. Si se presenta alguno de estos s\u00edntomas, busque sombra, hidr\u00e1tese y busque la manera de bajar la temperatura de su cuerpo de inmediato.<\/td><td>Apicultor en un colmenar hablando a la c\u00e1mara<br><br>Aparece una lista con vi\u00f1etas y el presentador lee los temas<\/td><\/tr><tr><td>Busque atenci\u00f3n m\u00e9dica llamando al 911 si es necesario. OSHA y otras agencias tienen folletos y videos de capacitaci\u00f3n gratuitos sobre este tema.<\/td><td>Apicultor en un colmenar hablando a la c\u00e1mara<br><br>Texto en pantalla: Llame al 911 si es necesario. www.OSHA.gov<\/td><\/tr><tr><td>[M\u00fasica]<\/td><td>Logo ABEJAS con fondo rojo. Texto en pantalla: Picaduras de abeja<\/td><\/tr><tr><td>Como se mencion\u00f3 en el segmento anterior, es importante usar el equipo de protecci\u00f3n adecuado como un traje de apicultor. Un velo y guantes. <\/td><td>Apicultor trabajando dentro de una colonia, muchas abejas volando<br>Contenedor con ahumador, traje, guantes y herramienta de colmena<\/td><\/tr><tr><td>Sin embargo, mientras trabaja en las colmenas de abejas, las picaduras son casi inevitables. <\/td><td>Apicultor mirando de cerca un panal<\/td><\/tr><tr><td>Si lo pica una abeja retire el aguij\u00f3n de inmediato. <\/td><td>Aguij\u00f3n dentro del brazo de alguien, pulsando. Texto en pantalla: Picadura de abeja<\/td><\/tr><tr><td>Cuanto m\u00e1s r\u00e1pido lo retire, menos veneno entrar\u00e1 en su sistema. <\/td><td>Primer plano de un aguij\u00f3n en una herramienta de colmena. Texto en pantalla: Veneno que sale de un aguij\u00f3n <\/td><\/tr><tr><td>Extraiga suavemente el aguij\u00f3n o raspe con un borde plano. Puede ser con la u\u00f1a o con la esp\u00e1tula para colmenas.<\/td><td>Persona usando herramienta de colmena para raspar el aguij\u00f3n del brazo. Texto en pantalla: Retire el aguij\u00f3n immediatamente<\/td><\/tr><tr><td>Tambi\u00e9n puede aplicar humo en el \u00e1rea donde le han picado las abejas para enmascarar las feromonas de alarma y as\u00ed limitar las picaduras adicionales de las abejas m\u00e1s cercanas.<\/td><td>Persona aplicando humo en la zona donde fue picada<\/td><\/tr><tr><td>Est\u00e9 atento a reacciones graves como dificultad para respirar hinchaz\u00f3n en lugares distintos al sitio de la picadura picaz\u00f3n en \u00e1reas inusuales, n\u00e1useas o v\u00f3mito. Si presenta estos s\u00edntomas, busque atenci\u00f3n m\u00e9dica de inmediato.<\/td><td>Apicultor en un colmenar hablando a la c\u00e1mara<br><br>Aparece lista con vi\u00f1etas y el presentador lee los temas<\/td><\/tr><tr><td>Para picaduras m\u00e1s t\u00edpicas donde la reacci\u00f3n es local al lugar de la picadura. <\/td><td>Aguij\u00f3n dentro del brazo de alguien, pulsando. C\u00edrculo rojo aparece<\/td><\/tr><tr><td>Hay algunas medidas que puede tomar para cuidar el \u00e1rea afectada. <\/td><td>Acercamiento a la zona picada sin aguij\u00f3n. C\u00edrculo rojo. Texto en pantalla: \u00c1rea affectada<\/td><\/tr><tr><td>Cuando termine de trabajar en el campo, lave la zona de la picadura<br>con agua y jab\u00f3n lo antes posible y aplique una compresa fr\u00eda para reducir la hinchaz\u00f3n y el dolor.<\/td><td>Apicultor poniendo jab\u00f3n en el sitio, masajeando suavemente, luego enjuagando con agua de una hielera IGLOO naranja. Texto en pantalla: Lava la zona de la picadura con agua y jab\u00f3n <\/td><\/tr><tr><td>Si sabe que va a presentar hinchaz\u00f3n, tomar un antihistam\u00ednico en el momento de la picadura puede reducir la gravedad de la reacci\u00f3n.<\/td><td>Dos pastillas rosadas y un frasco de medicina. Texto en pantalla: Antihistam\u00ednicos<\/td><\/tr><tr><td>[M\u00fasica]<\/td><td>Logo ABEJAS con fondo rojo. Texto en pantalla: Seguridad contra incendios al usar un ahumador<\/td><\/tr><tr><td>Si bien el ahumador es una herramienta valiosa, tambi\u00e9n representa un peligro de incendio. Es importante tener en cuenta la seguridad contra los incendios al utilizar un ahumador. <\/td><td>Apicultor raspando carb\u00f3n de componente interno del ahumador y limpiando el interior<\/td><\/tr><tr><td>Tenga especial cuidado al encender el ahumador, ya que las brasas o chispas pueden caer al suelo sin que usted se d\u00e9 cuenta mientras se desplaza por las colmenas.<br><\/td><td>Apicultor colocando peque\u00f1o rollo de arpillera encendida dentro del ahumador. Texto en pantalla: Tenga cuidado con las brasas y las chispas al encender un ahumador<\/td><\/tr><tr><td>Cuando trabaje con el almohad\u00f3n, col\u00f3quelo sobre una superficie no inflamable, ya sea met\u00e1lica o de piedra, o sobre la tapa de una caja de la colmena. Aseg\u00farese de que est\u00e9 en una superficie<br>estable y nivelada para evitar que se vuelque.<\/td><td>Otra vista del apicultor colocando arpillera encendida. Luego bombea aire con el fuelle. Texto en pantalla: Mientras trabaja con el ahumador, col\u00f3quelo sobre una superficie no inflamable<\/td><\/tr><tr><td>Nunca deje el amador sin supervisi\u00f3n mientras est\u00e9 encendido. <\/td><td>Apicultor sosteniendo encendedor cerca del ahumador. Texto en pantalla: Nunca deje el ahumador sin supervisi\u00f3n est\u00e9 encendido<\/td><\/tr><tr><td>Utilice \u00fanicamente materiales recomendados y seguros como combustible, como astillas de madera sin tratar o arpillera o costal. <\/td><td>Ahumador encendido y pila de arpillera y agujas de pino sobre remolque. Texto en pantalla: Utilice \u00fanicamente materiales recomendados y seguros como combustible<\/td><\/tr><tr><td>Evite usar materiales que puedan producir chispas excesivas o vapores peligrosos para apagar el ahumador, utilice agua o tierra. <\/td><td>Apicultor vaciando contenido del ahumador en camino de tierra y rociando agua. Texto en pantalla: Para apagar un ahumador, utilice agua o tierra<\/td><\/tr><tr><td>Aseg\u00farese de que todas las brasas est\u00e9n completamente apagadas<br>antes de desechar el contenido. No se limite a cerrar la tapa o tapar la boquilla con pasto h\u00famedo a menos que vaya a colocarloen una caja de ahumador segura.<\/td><td>Dos apicultores tirando contenido del ahumador en un contenedor met\u00e1lico <\/td><\/tr><tr><td> Es recomendable tener una caja de ahumador de metal para poderlo guardar mientras lo transporta.<\/td><td>Apicultor guardando ahumador en compartimento met\u00e1lico en cami\u00f3n<\/td><\/tr><tr><td>Tambi\u00e9n es una buena idea tener agua extra o un extintor de incendios a la mano en caso de que se inicie un peque\u00f1o incendio.<\/td><td>Apicultor cargando agua y extintor en la camioneta. Texto en pantalla: Tener agua extra o un extintor de incendios<\/td><\/tr><tr><td>[M\u00fasica]<\/td><td>Logo ABEJAS con fondo rojo. Texto en pantalla: Exposici\u00f3n a pesticidas<\/td><\/tr><tr><td>La exposici\u00f3n a pesticidas es una preocupaci\u00f3n importante<br>para los apicultores, ya que puede afectar tanto a las abejas<br>como a los seres humanos.<\/td><td>Apicultor en un colmenar hablando a la c\u00e1mara. Texto en pantalla: Los pesticidas pueden da\u00f1ar tanto a abejas como a los humanos<\/td><\/tr><tr><td>Mant\u00e9ngase informado sobre d\u00f3nde y cu\u00e1ndo se est\u00e1n aplicando pesticidas en su \u00e1rea, comunic\u00e1ndose con los agricultores y vecinos.<\/td><td>Hombre apoyado en cami\u00f3n usando tel\u00e9fono. Texto en pantalla: Mant\u00e9ngase informado comunic\u00e1ndose con los agricultores y los vecinos<\/td><\/tr><tr><td>Evite colocar colmenas cerca de cultivos durante los periodos de aplicaci\u00f3n de estos productos. Si es necesario, considere trasladarlas temporalmente.<\/td><td>Colonias en huerto de almendros mientras pasa una unidad aplicadora de pesticidas<\/td><\/tr><tr><td>Inspeccione las colmenas y realice otras actividades. En momentos en que es menos probable que se utilicen pesticidas. <\/td><td>Toma a\u00e9rea sobre el paisaje hacia un grupo de colmenas<\/td><\/tr><tr><td>Al mantenerse informado y tomar medidas preventivas, los apicultores pueden ayudar a proteger sus colmenas y a sus empleados de los efectos adversos de la exposici\u00f3n a pesticidas.<\/td><td>Apicultor caminando mientras una persona conduce montacargas que transporta colmenas<br><br>Colonias colocadas cerca de vegetaci\u00f3n verde. Texto en pantalla: Informarse y tomar medias preventativas ayuda a proteger sus colmenas y a sus empleados [Im\u00e1genes acreditadas: Project Apis m]<\/td><\/tr><tr><td>Es posible que deba aplicar pesticidas o antibi\u00f3ticos en una colmena para tratar par\u00e1sitos, plagas o pat\u00f3genos.<\/td><td>Apicultor hablando a la c\u00e1mara<\/td><\/tr><tr><td>Use siempre el equipo de protecci\u00f3n personal adecuado conocido como EPP. Para evitar el contacto directo con el pesticida o antibi\u00f3tico en la piel o inhalar vapores peligrosos.<\/td><td>Persona poni\u00e9ndose guantes azules. Texto en pantalla: Use el equipo de protecci\u00f3n personal adecuado (EPP)<\/td><\/tr><tr><td>El EPP puede incluir guantes resistentes a productos qu\u00edmicos. Mangas largas y pantalones largos o un overol.  Zapatos cerrados con calcetines. Gafas protectoras y un respirador.<\/td><td>Pila de EPP: botas, gafas, guantes y traje sobre la camioneta<br><br>Aparece una lista con vi\u00f1etas y el presentador lee los temas mencionados<\/td><\/tr><tr><td>Si el qu\u00edmico que se est\u00e1 aplicando es un vapor, existe el riesgo de inhalar los gases. Por lo que debe asegurarse de tener un respirador correctamente ajustado.<\/td><td>Apicultor en colmenar hablando a c\u00e1mara<\/td><\/tr><tr><td>Si no est\u00e1 seguro del equipo de protecci\u00f3n personal que necesita usar para ciertos productos qu\u00edmicos, consulte la etiqueta. La etiqueta especificar\u00e1 c\u00f3mo manipular y aplicar el qu\u00edmico de manera segura y qu\u00e9 hacer en caso de emergencia. Recuerde que la etiqueta es la ley. <\/td><td>Apicultor leyendo etiqueta de pesticida y poni\u00e9ndose gafas. Texto en pantalla: Siempre es buena idea leer la etiqueta<\/td><\/tr><tr><td>La EPA y otras agencias tienen folletos y videos de capacitaci\u00f3n disponibles sobre este tema.<\/td><td>Apicultor en colmenar hablando a la c\u00e1mara. Texto en pantalla: www.EPA.gov<\/td><\/tr><tr><td>[M\u00fasica]<\/td><td>Logo ABEJAS con fondo rojo. Texto en pantalla: Uso seguro del montacargas<\/td><\/tr><tr><td>El uso de montacargas en operaciones ap\u00edcolas requiere medidas de seguridad espec\u00edficas para garantizar tanto la seguridad del personal como la integridad del equipo ap\u00edcola y de las abejas.<\/td><td>Apicultor conduciendo montacargas con cajas de colmena, abejas volando alrededor. Texto en pantalla: Asegure que las cajas est\u00e9n bien colocadas y equilibradas en el montacargas<\/td><\/tr><tr><td>Los operadores deben de estar capacitados en procedimientos de seguridad, incluyendo el manejo de cargas y los protocolos de emergencia. Aseg\u00farese de que las cajas de colmenas est\u00e9n colocadas de manera segura y equilibrada en el montacargas.<\/td><td>Persona se\u00f1alando especificaciones de montacargas Toyota. Texto en pantalla: Aseg\u00farese de que las cajas de colmenas est\u00e9n colocadas de manera segura y equilibrada<\/td><\/tr><tr><td>Evite el exceso de peso en el montacargas y aseg\u00farese de que la carga est\u00e9 dentro de la capacidad del equipo. Opere el montacargas a velocidades seguras y tenga precauci\u00f3n al maniobrar, especialmente en \u00e1reas con alto tr\u00e1fico peatonal o cerca de las colmenas.<\/td><td>Apicultor conduciendo montacargas por el colmenar<br><br>Apicultor conduciendo montacargas de noche con personas al lado [Im\u00e1genes acreditadas: Project Apis m]<br><br>Texto en pantalla: Est\u00e9 atento a su entorno al operar un montacargas <\/td><\/tr><tr><td>Los operadores deben de usar cintur\u00f3n de seguridad y mantenerse alejados de terrenos inclinados u otros riesgos que pueden provocar<br>un volcamiento. <\/td><td>Apicultor coloc\u00e1ndose el cintur\u00f3n de seguridad. Texto en pantalla: Use cintur\u00f3nes de seguridad y conduzca con cuidado <\/td><\/tr><tr><td>Su operaci\u00f3n debe contar con un plan de emergencia para accidentes o fallas del equipo. El personal debe estar capacitado con primeros auxilios y saber c\u00f3mo responder ante lesiones m\u00e1s comunes o emergencias relacionadas en la operaci\u00f3n del montacargas<\/td><td>Persona conduciendo montacargas cargando tarimas de madera<br>Montacargas apilando colmenas dentro de instalaci\u00f3n con luz roja [Im\u00e1genes acreditadas: Project Apis m]<\/td><\/tr><tr><td>OSHA y otras agencias publican folletos y videos de capacitaci\u00f3n<br>gratuitas sobre este tema. [M\u00fasica] <\/td><td>Apicultor hablando a la c\u00e1mara. Texto en pantalla: www.OSHA.gov<br><br>Vista trasera de cami\u00f3n transportando colmenas y remolcando montacargas<\/td><\/tr><tr><td>Hasta este punto, hemos hablado sobre el equipo involucrado en la apicultura y c\u00f3mo minimizar las lesiones derivadas de los riesgos potenciales asociados con esta actividad. A continuaci\u00f3n hablaremos m\u00e1s sobre c\u00f3mo reconocer las necesidades nutricionales y el estado de la reina durante las evaluaciones de las colonias.<\/td><td>Apicultor en colmenar hablando a la c\u00e1mara<br><br>Logo ABEJAS, lista de dos pr\u00f3ximos videos, y logo @wsubeeprogram en YouTube<\/td><\/tr><tr><td>[M\u00fasica]<\/td><td>Persona conduciendo montacargas transportando un gran contenedor de jarabe de az\u00facar<br><br>Superposici\u00f3n de logotipos del Programa de Abejas de WSU, Washington State University, Wonderstone Films, USDA, Project Apis m, Miller Honey Farms, University of Minnesota Extension<br><br>Aparece una lista de personas involucradas en el desarrollo del v\u00eddeo<\/td><\/tr><tr><td>Si les gust\u00f3 este v\u00eddeo no olviden en suscribirse y dejarnos los comentarios aqu\u00ed debajo cont\u00e1ndonos qu\u00e9 otros temas les gustar\u00eda que habl\u00e1ramos en un futuro.<\/td><td>Hombre cierra la puerta del cami\u00f3n y se gira hacia la c\u00e1mara<\/td><\/tr><\/tbody><\/table><\/figure>\n","protected":false},"excerpt":{"rendered":"<p>Transcripci\u00f3n del texto con descripci\u00f3n de las im\u00e1genes Esta p\u00e1gina ha sido traducida con Google. Disculpe cualquier error. Audio Im\u00e1genes [M\u00fasica] Bienvenidos al v\u00eddeo dos del m\u00f3dulo dos de la serie ABEJAS. Logo ABEJAS frente a un grupo de cuatro apicultores inspeccionando colonias de abejas mel\u00edferas T\u00edtulo: M\u00f3dulo 2.2 Pr\u00e1cticas importantes de seguridad en la [&hellip;]<\/p>\n","protected":false},"author":8511,"featured_media":0,"parent":21,"menu_order":0,"comment_status":"closed","ping_status":"closed","template":"","meta":[],"categories":[10],"tags":[],"_links":{"self":[{"href":"https:\/\/cahnrs.wsu.edu\/descriptive-transcripts\/wp-json\/wp\/v2\/pages\/893"}],"collection":[{"href":"https:\/\/cahnrs.wsu.edu\/descriptive-transcripts\/wp-json\/wp\/v2\/pages"}],"about":[{"href":"https:\/\/cahnrs.wsu.edu\/descriptive-transcripts\/wp-json\/wp\/v2\/types\/page"}],"author":[{"embeddable":true,"href":"https:\/\/cahnrs.wsu.edu\/descriptive-transcripts\/wp-json\/wp\/v2\/users\/8511"}],"replies":[{"embeddable":true,"href":"https:\/\/cahnrs.wsu.edu\/descriptive-transcripts\/wp-json\/wp\/v2\/comments?post=893"}],"version-history":[{"count":8,"href":"https:\/\/cahnrs.wsu.edu\/descriptive-transcripts\/wp-json\/wp\/v2\/pages\/893\/revisions"}],"predecessor-version":[{"id":1120,"href":"https:\/\/cahnrs.wsu.edu\/descriptive-transcripts\/wp-json\/wp\/v2\/pages\/893\/revisions\/1120"}],"up":[{"embeddable":true,"href":"https:\/\/cahnrs.wsu.edu\/descriptive-transcripts\/wp-json\/wp\/v2\/pages\/21"}],"wp:attachment":[{"href":"https:\/\/cahnrs.wsu.edu\/descriptive-transcripts\/wp-json\/wp\/v2\/media?parent=893"}],"wp:term":[{"taxonomy":"category","embeddable":true,"href":"https:\/\/cahnrs.wsu.edu\/descriptive-transcripts\/wp-json\/wp\/v2\/categories?post=893"},{"taxonomy":"post_tag","embeddable":true,"href":"https:\/\/cahnrs.wsu.edu\/descriptive-transcripts\/wp-json\/wp\/v2\/tags?post=893"}],"curies":[{"name":"wp","href":"https:\/\/api.w.org\/{rel}","templated":true}]}}