{"id":894,"date":"2026-02-13T12:45:39","date_gmt":"2026-02-13T20:45:39","guid":{"rendered":"https:\/\/cahnrs.wsu.edu\/descriptive-transcripts\/?page_id=894"},"modified":"2026-03-13T15:51:45","modified_gmt":"2026-03-13T22:51:45","slug":"equipo-de-apicultura-y-herramientas-abejas-modulo-2-1","status":"publish","type":"page","link":"https:\/\/cahnrs.wsu.edu\/descriptive-transcripts\/extension\/equipo-de-apicultura-y-herramientas-abejas-modulo-2-1\/","title":{"rendered":"Equipo de apicultura y herramientas (ABEJAS M\u00f3dulo 2.1)"},"content":{"rendered":"\n<figure class=\"wp-block-embed is-type-video is-provider-youtube wp-block-embed-youtube wp-embed-aspect-16-9 wp-has-aspect-ratio\"><div class=\"wp-block-embed__wrapper\">\n<iframe loading=\"lazy\" title=\"Equipo de apicultura y herramientas (ABEJAS M\u00f3dulo 2.1)\" width=\"500\" height=\"281\" src=\"https:\/\/www.youtube.com\/embed\/Yxgl2dbPQLA?feature=oembed\" frameborder=\"0\" allow=\"accelerometer; autoplay; clipboard-write; encrypted-media; gyroscope; picture-in-picture; web-share\" referrerpolicy=\"strict-origin-when-cross-origin\" allowfullscreen><\/iframe>\n<\/div><\/figure>\n\n\n\n<h2 class=\"wp-block-heading\">Transcripci\u00f3n del texto con descripci\u00f3n de las im\u00e1genes<\/h2>\n\n\n\n<p><em>Esta p\u00e1gina ha sido traducida con Google. Disculpe cualquier error.<\/em><\/p>\n\n\n\n<figure class=\"wp-block-table\"><table class=\"has-fixed-layout\"><thead><tr><th>Audio<\/th><th>Im\u00e1genes<\/th><\/tr><\/thead><tbody><tr><td>[M\u00fasica]<br><br>Bienvenidos al segundo m\u00f3dulo de la serie ABEJAS.<\/td><td>Logo ABEJAS frente a un apicultor manejando un montacargas que transporta colonias de abejas mel\u00edferas<br><br>T\u00edtulo: M\u00f3dulo 2.1 Equipo de apicultura y herramientas<\/td><\/tr><tr><td>En este m\u00f3dulo hablaremos sobre el equipo, las herramientas<br>y la seguridad en la apicultura y aprender\u00e1 a reconocer las necesidades nutricionales y a evaluar el estado de la reina durante las evaluaciones de la colonia.<\/td><td>Apicultor en un colmenar hablando a la c\u00e1mara<\/td><\/tr><tr><td>Comencemos con el equipo y las herramientas que se utilizan en la apicultura.<\/td><td>Ahumador encendido sobre la plataforma de un remolque<\/td><\/tr><tr><td>En muchas operaciones comerciales de apicultura se utilizan colmenas Langstroth con cajas en tama\u00f1os estandarizados ya sea de 8 a 10 cuadros de profundidad, cajas medianas o poco profundas, cajas medianas o poco profundas.<\/td><td>Colonias de abejas mel\u00edferas en un colmenar. Texto en pantalla: Colmenas Langstroth est\u00e1ndar<br><br>Apicultor soplando humo sobre las abejas en una colonia. Texto en pantalla: Esta caja tiene 10 cuadros de profundidad con alimentadores<br><br><\/td><\/tr><tr><td>Esta estandarizaci\u00f3n simplifica la gesti\u00f3n de colmenas y la compatibilidad del equipo entre diferentes operaciones.<\/td><td>Apicultor usando la herramienta de colmena para separar cuadros dentro de una caja, luego sacando un cuadro e inspeccionando las abejas. Texto en pantalla: Cajas medianas y profundas<\/td><\/tr><tr><td>Existen diferentes tama\u00f1os de cajas seg\u00fan su prop\u00f3sito. Las cajas profundas miden un poco m\u00e1s de nueve pulgadas de altura y se utilizan para dar suficiente espacio para la cr\u00eda en sus panales.<\/td><td>Apicultor retirando la tapa de la colonia, luego vista a\u00e9rea del apicultor trabajando en m\u00faltiples cajas y moviendo cuadros de una caja a otra. Texto en pantalla: Las cajas profundas proporcionan suficiente espacio para la cr\u00eda<\/td><\/tr><tr><td>Las medianas miden un poco m\u00e1s de seis pulgadas de altura y a menudo usan como alzas para el almacenamiento de miel<br>o como c\u00e1maras de cr\u00eda en algunas regiones.<\/td><td>Apicultor llevando dos cajas m\u00e1s poco profundas a otra colmena. Texto en pantalla: Generalemente, las cajas medianas se utilizan como alzas de meil<\/td><\/tr><tr><td>Las cajas poco profundas que miden un poco m\u00e1s de cinco pulgadas de altura son menos comunes que las otras dos y se utilizan principalmente para alzas de miel.<\/td><td>Apicultor sacando un cuadro de una caja mientras otro apicultor sopla humo sobre las abejas. Se acerca la toma a un cuadro lleno de miel operculada<\/td><\/tr><tr><td>Todas las cajas tendr\u00e1n marcos que son compatibles con la profundidad de la caja.<\/td><td>Apicultor sostiene dos cuadros lado a lado. Texto en pantalla: Un cuadro de una caja profunda (izquierda) y uno de una caja mediana (derecha)<\/td><\/tr><tr><td>Las cajas poco profundas o medianas son m\u00e1s f\u00e1ciles de manejar<br>y es m\u00e1s f\u00e1cil extraer la miel, la cual puede reducir el esfuerzo<br>f\u00edsico del apicultor.<\/td><td>Dos apicultores levantando cajas de colmena de una colonia<\/td><\/tr><tr><td>Es importante usar equipos de protecci\u00f3n, como un traje de apicultor, velo y guantes mientras se trabaja en una colmena de abejas mel\u00edferas.<\/td><td>Apicultor poni\u00e9ndose un traje completo y un velo<br><br>Dos apicultores poni\u00e9ndose guantes<br>Texto en pantalla: Velo y guantes<br><br>Dos personas de pie sobre el pasto usando botas cerradas<\/td><\/tr><tr><td>La herramienta que utilizar\u00e1 en cada inspecci\u00f3n de colmena es una esp\u00e1tula o cu\u00f1a para colmenas. Esta herramienta es esencial para abrir las cajas de la colmena y romper los sellos de prop\u00f3leos, separar y levantar los cuadros y raspar el panal de los cuadros o de la colmena.<\/td><td>Dos apicultores uno junto al otro sosteniendo una herramienta de colmena plateada y amarilla; luego transici\u00f3n a un contenedor con un ahumador, un traje, un par de guantes y una herramienta de colmena Texto en pantalla: Esp\u00e1tula o cu\u00f1a<\/td><\/tr><tr><td>La limpieza y el afilado regular de esta herramienta son fundamentales para minimizar la propagaci\u00f3n de enfermedades a otros apiarios y le ayudar\u00e1 a eliminar f\u00e1cilmente el exceso de cera y propoleo.<\/td><td>Apicultor usando la herramienta de colmena para separar cuadros dentro de una caja<br><br>Apicultor usando una herramienta de colmena para raspar residuos de otra herramienta <br><br>Apicultor raspando panal de la tapa de la colmena<\/td><\/tr><tr><td>Cuando trabaje en las colmenas, otra herramienta que utilizar\u00e1 con frecuencia es el ahumador. <\/td><td>Apicultor soplando humo sobre las abejas en una colonia. Texto en pantalla: Ahumador<\/td><\/tr><tr><td>Un ahumador consta de una c\u00e1mara de metal donde se quema el combustible, ya sea astillas de madera, arpillera o basura de pino. La boquilla permite echar humo suavemente sobre las abejas.<\/td><td>Apicultor abriendo el ahumador y sacando arpillera vieja del interior<br><br>Ahumador encendido sobre la plataforma de un remolque<br><br>Mont\u00f3n de agujas de pino sobre la plataforma del remolque<br><br>Apicultor soplando aire en el ahumador usando el fuelle<\/td><\/tr><tr><td>El humo ayuda a mantenerlas calmadas y reduce la probabilidad de ser picado, ya que el humo enmascara temporalmente las feromonas de alarma que normalmente indicar\u00e1n peligro o comportamiento defensivo de ellas.<\/td><td>Apicultor soplando humo sobre las abejas en una colonia<br><br>Apicultor colocando un peque\u00f1o rollo de arpillera encendida dentro del ahumador<\/td><\/tr><tr><td>Se utilizan varios tipos de alimentadores para proporcionar alimento suplementario a las colonias de abejas mel\u00edferas.<\/td><td>Apicultor levantando un alimentador de dentro de la caja de la colmena. Texto en pantalla: Alimentadores<\/td><\/tr><tr><td>El tipo de alimentador utilizado var\u00eda seg\u00fan la operaci\u00f3n, pero puede incluir alimentadores de techo donde se coloca agua azucarada por encima de los cuadros de la colmena,<\/td><td>Colonias de abejas mel\u00edferas con peque\u00f1os alimentadores rectangulares sobre las tapas. Texto en pantalla: Estos alimentadores techo se fabrican con latas de metal <\/td><\/tr><tr><td>o alimentadores de cuadro que se colocan dentro de la colmena y reemplazan uno o dos marcos de la colmena.<\/td><td>Jarabe de az\u00facar siendo vertido en un alimentador interno con una manguera; luego un apicultor sosteniendo dos alimentadores internos lado a lado. Texto en pantalla: Alimentadores de cuadro<\/td><\/tr><tr><td>Por \u00faltimo, otra herramienta importante que puede utilizar es el registro de datos. Esto puede hacerse mediante bit\u00e1coras en papel, cuadernos, anotaciones en las cajas de colmenas, plataformas digitales, etc\u00e9tera.<\/td><td>Hombre sosteniendo un portapapeles. Texto en pantalla: Registro de datos<\/td><\/tr><tr><td>La manera en que cada operaci\u00f3n lleva sus registros puede variar, pero en general, mantener registros es crucial para rastrear la salud de la colmena. El estado de la reina, la fuerza de la colonia, la producci\u00f3n y las actividades de manejo, como los tratamientos con acariciadas.<\/td><td>Tapas de colmena con escritura<br><br>Persona sosteniendo un tel\u00e9fono y navegando una aplicaci\u00f3n<br><br>Persona sosteniendo un portapapeles y escribiendo notas en papel<\/td><\/tr><tr><td>Ahora que conoce mejor el equipo utilizado en la apicultura, hablemos m\u00e1s sobre seguridad.<\/td><td>Apicultor en un colmenar hablando a la c\u00e1mara<br><br>Logo ABEJAS, lista de dos pr\u00f3ximos videos, y logo de YouTube @wsubeeprogram aparece<\/td><\/tr><tr><td>[M\u00fasica]<\/td><td>Toma a\u00e9rea de colmenas colocadas en un c\u00edrculo y apicultores trabajando en ellas<br><br>Superposici\u00f3n de los logotipos del Programa de Abejas de WSU, Washington State University, Wonderstone Films, Departamento de Agricultura de los Estados Unidos, Project Apis m, Miller Honey Farms y University of Minnesota Extension<br><br>Aparece una lista de personas involucradas en el desarrollo del v\u00eddeo<\/td><\/tr><tr><td>Si les gust\u00f3 este video, no olviden en suscribirse y dejarnos los comentarios aqu\u00ed debajo cont\u00e1ndonos qu\u00e9 otros temas les gustar\u00eda que habl\u00e1ramos en un futuro.<\/td><td>Hombre cierra la puerta del cami\u00f3n y se gira hacia la c\u00e1mara<\/td><\/tr><\/tbody><\/table><\/figure>\n","protected":false},"excerpt":{"rendered":"<p>Transcripci\u00f3n del texto con descripci\u00f3n de las im\u00e1genes Esta p\u00e1gina ha sido traducida con Google. Disculpe cualquier error. Audio Im\u00e1genes [M\u00fasica] Bienvenidos al segundo m\u00f3dulo de la serie ABEJAS. Logo ABEJAS frente a un apicultor manejando un montacargas que transporta colonias de abejas mel\u00edferas T\u00edtulo: M\u00f3dulo 2.1 Equipo de apicultura y herramientas En este m\u00f3dulo [&hellip;]<\/p>\n","protected":false},"author":8511,"featured_media":0,"parent":21,"menu_order":0,"comment_status":"closed","ping_status":"closed","template":"","meta":[],"categories":[10],"tags":[],"_links":{"self":[{"href":"https:\/\/cahnrs.wsu.edu\/descriptive-transcripts\/wp-json\/wp\/v2\/pages\/894"}],"collection":[{"href":"https:\/\/cahnrs.wsu.edu\/descriptive-transcripts\/wp-json\/wp\/v2\/pages"}],"about":[{"href":"https:\/\/cahnrs.wsu.edu\/descriptive-transcripts\/wp-json\/wp\/v2\/types\/page"}],"author":[{"embeddable":true,"href":"https:\/\/cahnrs.wsu.edu\/descriptive-transcripts\/wp-json\/wp\/v2\/users\/8511"}],"replies":[{"embeddable":true,"href":"https:\/\/cahnrs.wsu.edu\/descriptive-transcripts\/wp-json\/wp\/v2\/comments?post=894"}],"version-history":[{"count":8,"href":"https:\/\/cahnrs.wsu.edu\/descriptive-transcripts\/wp-json\/wp\/v2\/pages\/894\/revisions"}],"predecessor-version":[{"id":1115,"href":"https:\/\/cahnrs.wsu.edu\/descriptive-transcripts\/wp-json\/wp\/v2\/pages\/894\/revisions\/1115"}],"up":[{"embeddable":true,"href":"https:\/\/cahnrs.wsu.edu\/descriptive-transcripts\/wp-json\/wp\/v2\/pages\/21"}],"wp:attachment":[{"href":"https:\/\/cahnrs.wsu.edu\/descriptive-transcripts\/wp-json\/wp\/v2\/media?parent=894"}],"wp:term":[{"taxonomy":"category","embeddable":true,"href":"https:\/\/cahnrs.wsu.edu\/descriptive-transcripts\/wp-json\/wp\/v2\/categories?post=894"},{"taxonomy":"post_tag","embeddable":true,"href":"https:\/\/cahnrs.wsu.edu\/descriptive-transcripts\/wp-json\/wp\/v2\/tags?post=894"}],"curies":[{"name":"wp","href":"https:\/\/api.w.org\/{rel}","templated":true}]}}