{"id":93,"date":"2023-05-29T16:02:42","date_gmt":"2023-05-29T23:02:42","guid":{"rendered":"https:\/\/cahnrs.wsu.edu\/tfrec-orpet\/?page_id=93"},"modified":"2024-06-24T10:36:21","modified_gmt":"2024-06-24T17:36:21","slug":"earwigs","status":"publish","type":"page","link":"https:\/\/cahnrs.wsu.edu\/tfrec-orpet\/earwigs\/","title":{"rendered":"Earwig Transportation Workshop"},"content":{"rendered":"\n<p class=\"has-text-align-center wsu-font-size--xlarge\"><a href=\"https:\/\/wsu.co1.qualtrics.com\/jfe\/form\/SV_8BUvqsSF84lhldA\"><strong>Web Form for 2024 Workshop RSVP (click here)<\/strong><\/a><\/p>\n\n\n\n<p>Free earwigs and trainings on earwig mass-collection are available during summer 2024. Check the table below for a summary of locations. To receive detailed information and help us plan ahead, please RSVP using the web form linked above. This project is supported by Western SARE (Project #WRGR23-004).<\/p>\n\n\n\n<figure class=\"wp-block-table aligncenter is-style-regular\" id=\"tablepress-70\"><table><thead><tr><th>Region<\/th><th class=\"has-text-align-left\" data-align=\"left\">Location<\/th><th>Date and Time<\/th><\/tr><\/thead><tbody><tr><td>Yakima<\/td><td class=\"has-text-align-left\" data-align=\"left\">USDA Research Farm in Wapato<\/td><td>Thursday July 18, 10\u201311AM<\/td><\/tr><tr><td>Wenatchee<\/td><td class=\"has-text-align-left\" data-align=\"left\">Sunnyslope Peach Orchard<\/td><td>Thursday July 25, 10\u201311AM<\/td><\/tr><tr><td>Hood River<\/td><td class=\"has-text-align-left\" data-align=\"left\">OSU Mid-Columbia Research &amp; Extension Center<\/td><td>Thursday Aug 01, 10\u201311AM<\/td><\/tr><\/tbody><\/table><figcaption>Table 1. Regions, locations, and timings for Earwig Transportation Workshops, 2024.<\/figcaption><\/figure>\n\n\n\n<h2>Why earwigs?<\/h2>\n\n\n\n<p>Earwigs are present and suppress pests when other predators are not. Specialist parasitoids and other predators may have multiple generations and lag behind pest populations that they must grow on. However, earwigs are omnivores, so they won&#8217;t starve when any particular pest population is low, and they have very low dispersal ability. A combination of &#8220;resident&#8221; earwigs, which capable of decreasing pest population growth, and other natural enemies, which can knock down larger pest populations, creates a community capable of keeping pest populations stable and low.<\/p>\n\n\n\n<p>Releasing earwigs into orchards results in fewer woolly apple aphids (Orpet et al. 2019) and fewer pear psylla (H\u00f6hn et al. 2007). We&#8217;ve also found no evidence that apples or pears are damaged by earwigs in the field. They just feed on fruit that has already been damaged, often by mechanical injury or cracking. We have video evidence that earwigs kill woolly apple aphids.<\/p>\n\n\n\n<figure class=\"wp-block-embed is-type-rich is-provider-embed-handler wp-block-embed-embed-handler wp-embed-aspect-4-3 wp-has-aspect-ratio\"><div class=\"wp-block-embed__wrapper\">\n<div class='embed-youtube' style='text-align:center; display: block;'><iframe class='youtube-player' type='text\/html' width='640' height='390' src='https:\/\/www.youtube.com\/embed\/sSFakIgkfMI?version=3&#038;rel=1&#038;fs=1&#038;autohide=2&#038;showsearch=0&#038;showinfo=1&#038;iv_load_policy=1&#038;wmode=transparent' frameborder='0' allowfullscreen='true'><\/iframe><\/div>\n<\/div><\/figure>\n\n\n<h2>Benefiting from earwig transit<\/h2>\n<p>Methods are proven to monitor earwigs, transport them, and use them to suppress pests (H\u00f6hn et al. 2007, Orpet et al. 2019).<\/p>\n<ol>\n<li><strong>Will my orchard benefit from an earwig release? <\/strong>If your orchard already has a big earwig population, there is not much benefit from adding more. Ideal sites for earwig releases are orchards recently switching to organic or integrated management. <\/li>\n<li><strong>Will earwigs survive after I release them? <\/strong>Spray programs are probably the most important factor affecting earwig survival in Pacific Northwest orchards. We have a one-page summary table of pesticide safety to earwigs in our handout <a href=\"https:\/\/s3.wp.wsu.edu\/uploads\/sites\/3153\/2023\/07\/ETW1_pesticidesafety_v1.1.pdf\">Orchard Pesticide Safety For Earwigs<\/a>. The new <a href=\"https:\/\/treefruit.wsu.edu\/crop-protection\/psylla-phenology-model\/\">phenology-based management guidelines<\/a> for pear psylla are compatible with earwigs.<\/li>\n<li><strong>How many earwigs, where, and how long until I see benefits?<\/strong> If your released earwigs survive, a new generation of earwigs should lead to reduced pests the year after releases. The earwig population will spread about 30 meters per year. At some times of the year in some locations we can find &gt;50 earwigs per cardboard shelter. Finding at least 5 per shelter is a good amount associated with biocontrol of pests. Releasing around 100 earwigs per tree in a low density orchard or 100 earwigs every 15&#8242; in a high-density trellised block is the target for this workshop. At that rate, about 1,000 earwigs will cover an acre of orchard.<\/li>\n<\/ol>\n<h2>Resources<\/h2>\n<p><a href=\"https:\/\/s3.wp.wsu.edu\/uploads\/sites\/3153\/2023\/07\/ETW1_pesticidesafety_v1.1.pdf\">Orchard Pesticide Safety For Earwigs<\/a><\/p>\n<p><a href=\"https:\/\/s3.wp.wsu.edu\/uploads\/sites\/3153\/2023\/07\/ETW2_earwigscareguide_v1.1.pdf\">Guide To Earwig Transportation<\/a><\/p>\n<h2>References<\/h2>\n\n\n<p>Beers, EH, NJ Mills, PW Shearer, DR Horton, ER Milickzy, KG Amarasekare, LM Gontijo. 2016. Nontarget effects of orchard pesticides on natural enemies: Lessons from the field and laboratory. Biological Control 102: 44\u201352. <a rel=\"noreferrer noopener\" href=\"https:\/\/doi.org\/10.1016\/j.biocontrol.2016.04.010\" target=\"_blank\">https:\/\/doi.org\/10.1016\/j.biocontrol.2016.04.010<\/a><\/p>\n\n\n\n<p>Crumb, S. E., P. M. Eide, and A. E. Bonn. 1941. The European earwig. USDA Tech. Bull. 766: 76. https:\/\/naldc.nal.usda.gov\/download\/CAT86200761\/pdf<\/p>\n\n\n\n<p>H\u00f6hn, H, A Lahusen, R Eder, T Ackermann, L Franck, HU H\u00f6pli, J Samietz. 2007. R\u00e9gulation du psylle du poirier R\u00e9sultats et observations de 2002 \u00e0 2006 en Suisse al\u00e9manique. Revue suisse Vitic Arboric Hortic 39: 169\u2013176. <a rel=\"noreferrer noopener\" href=\"https:\/\/www.researchgate.net\/publication\/284761529_Regulation_du_psylle_du_poirier\" target=\"_blank\">https:\/\/www.researchgate.net\/publication\/284761529_Regulation_du_psylle_du_poirier<\/a><\/p>\n\n\n\n<p>Pi\u00f1ol, J., Espadaler, X., P\u00e9rez, N., Beven, K., 2009. Testing a new model of aphid abun- dance with sedentary and non-sedentary predators. Ecol. Model. 220, 2469\u20132480. https:\/\/doi.org\/10.1016\/j.ecolmodel.2009.06.031.<\/p>\n\n\n\n<p>Orpet, RJ, JR Goldberger, DW Crowder, VP Jones. 2019. Field evidence and grower perceptions on the roles of an omnivore, European earwig, in apple orchards. Biological Control 132: 189\u2013198. <a rel=\"noreferrer noopener\" href=\"https:\/\/doi.org\/10.1016\/j.biocontrol.2019.02.011\" target=\"_blank\">https:\/\/doi.org\/10.1016\/j.biocontrol.2019.02.011<\/a><\/p>\n\n\n\n<p>Orpet, RJ, DW Crowder, VP Jones. 2019.&nbsp;Biology and Management of European Earwig in Orchards and Vineyards. Journal of Integrated Pest Management 10: <a rel=\"noreferrer noopener\" href=\"https:\/\/doi.org\/10.1093\/jipm\/pmz019\" target=\"_blank\">https:\/\/doi.org\/10.1093\/jipm\/pmz019<\/a><\/p>\n","protected":false},"excerpt":{"rendered":"<p>Web Form for 2024 Workshop RSVP (click here) Free earwigs and trainings on earwig mass-collection are available during summer 2024. Check the table below for a summary of locations. To receive detailed information and help us plan ahead, please RSVP using the web form linked above. This project is supported by Western SARE (Project #WRGR23-004). [&hellip;]<\/p>\n","protected":false},"author":3257,"featured_media":0,"parent":0,"menu_order":0,"comment_status":"closed","ping_status":"closed","template":"","meta":[],"categories":[],"tags":[],"wsuwp_university_category":[],"wsuwp_university_location":[],"wsuwp_university_org":[],"_links":{"self":[{"href":"https:\/\/cahnrs.wsu.edu\/tfrec-orpet\/wp-json\/wp\/v2\/pages\/93"}],"collection":[{"href":"https:\/\/cahnrs.wsu.edu\/tfrec-orpet\/wp-json\/wp\/v2\/pages"}],"about":[{"href":"https:\/\/cahnrs.wsu.edu\/tfrec-orpet\/wp-json\/wp\/v2\/types\/page"}],"author":[{"embeddable":true,"href":"https:\/\/cahnrs.wsu.edu\/tfrec-orpet\/wp-json\/wp\/v2\/users\/3257"}],"replies":[{"embeddable":true,"href":"https:\/\/cahnrs.wsu.edu\/tfrec-orpet\/wp-json\/wp\/v2\/comments?post=93"}],"version-history":[{"count":30,"href":"https:\/\/cahnrs.wsu.edu\/tfrec-orpet\/wp-json\/wp\/v2\/pages\/93\/revisions"}],"predecessor-version":[{"id":243,"href":"https:\/\/cahnrs.wsu.edu\/tfrec-orpet\/wp-json\/wp\/v2\/pages\/93\/revisions\/243"}],"wp:attachment":[{"href":"https:\/\/cahnrs.wsu.edu\/tfrec-orpet\/wp-json\/wp\/v2\/media?parent=93"}],"wp:term":[{"taxonomy":"category","embeddable":true,"href":"https:\/\/cahnrs.wsu.edu\/tfrec-orpet\/wp-json\/wp\/v2\/categories?post=93"},{"taxonomy":"post_tag","embeddable":true,"href":"https:\/\/cahnrs.wsu.edu\/tfrec-orpet\/wp-json\/wp\/v2\/tags?post=93"},{"taxonomy":"wsuwp_university_category","embeddable":true,"href":"https:\/\/cahnrs.wsu.edu\/tfrec-orpet\/wp-json\/wp\/v2\/wsuwp_university_category?post=93"},{"taxonomy":"wsuwp_university_location","embeddable":true,"href":"https:\/\/cahnrs.wsu.edu\/tfrec-orpet\/wp-json\/wp\/v2\/wsuwp_university_location?post=93"},{"taxonomy":"wsuwp_university_org","embeddable":true,"href":"https:\/\/cahnrs.wsu.edu\/tfrec-orpet\/wp-json\/wp\/v2\/wsuwp_university_org?post=93"}],"curies":[{"name":"wp","href":"https:\/\/api.w.org\/{rel}","templated":true}]}}